{"id":6508,"date":"2024-03-05T14:36:39","date_gmt":"2024-03-05T13:36:39","guid":{"rendered":"https:\/\/www.nlogic.no\/?page_id=6508"},"modified":"2024-03-06T10:25:54","modified_gmt":"2024-03-06T09:25:54","slug":"helsesjekk-cortex-xdr","status":"publish","type":"page","link":"https:\/\/www.nlogic.no\/english\/helsesjekk-cortex-xdr\/","title":{"rendered":"Be om en kostnadsfri helsesjekk"},"content":{"rendered":"<div class=\"nlogic-hero alignfull with-pattern-simple with-excerpt is-style-light wp-block-nlogic-hero\">\n\t\t\t<div class=\"hero-content container\">\n\t\t\t\t<svg width=\"861\" height=\"1477\" viewBox=\"0 0 861 1477\" fill=\"none\" xmlns=\"http:\/\/www.w3.org\/2000\/svg\">\n<path opacity=\"0.5\" d=\"M354.911 613.891L217.032 852.703C214.227 857.562 214.227 863.549 217.032 868.407L350.377 1099.37C353.183 1104.23 358.367 1107.22 363.977 1107.22L630.668 1107.22C636.278 1107.22 641.462 1104.23 644.268 1099.37L777.613 868.408C780.418 863.549 780.418 857.562 777.613 852.704L644.267 621.743C641.462 616.884 636.278 613.891 630.667 613.891L488.361 613.891\" stroke=\"#111111\" stroke-width=\"0.444218\"\/>\n<path opacity=\"0.5\" d=\"M213.767 860.34L75.8886 1099.15C73.0833 1104.01 73.0833 1110 75.8885 1114.86L209.234 1345.82C212.039 1350.68 217.223 1353.67 222.834 1353.67L489.524 1353.67C495.135 1353.67 500.319 1350.68 503.124 1345.82L636.469 1114.86C639.274 1110 639.275 1104.01 636.469 1099.15L498.59 860.34\" stroke=\"#111111\" stroke-width=\"0.444218\"\/>\n<path opacity=\"0.5\" d=\"M361.632 860.544L223.754 621.732C220.949 616.873 220.949 610.886 223.754 606.028L357.099 375.067C359.904 370.208 365.088 367.215 370.699 367.215L637.389 367.215C642.999 367.215 648.184 370.208 650.989 375.067L784.335 606.028C787.14 610.887 787.14 616.873 784.335 621.732L650.989 852.692C648.184 857.551 643 860.544 637.389 860.544L504.044 860.544\" stroke=\"#111111\" stroke-width=\"0.444218\"\/>\n<path opacity=\"0.5\" d=\"M498.591 1106.99L636.469 868.177C639.274 863.318 639.275 857.332 636.469 852.473L503.124 621.512C500.319 616.654 495.134 613.661 489.524 613.661L222.834 613.66C217.223 613.66 212.039 616.654 209.234 621.512L75.8886 852.473C73.0833 857.332 73.0833 863.318 75.8885 868.177L209.234 1099.14C212.039 1104 217.223 1106.99 222.834 1106.99L356.179 1106.99\" stroke=\"#111111\" stroke-width=\"0.444218\"\/>\n<path opacity=\"0.5\" d=\"M355.182 615.128L217.284 376.281C214.49 371.441 214.478 365.479 217.255 360.628L348.824 130.783C351.632 125.877 356.859 122.86 362.511 122.88L627.347 123.862C632.936 123.882 638.094 126.873 640.889 131.713L774.273 362.741C777.068 367.582 777.079 373.543 774.302 378.395L638.19 616.176\" stroke=\"#111111\" stroke-width=\"0.444218\"\/>\n<path opacity=\"0.5\" d=\"M211.232 373.979L79.6639 603.824C76.9263 608.607 76.9372 614.484 79.6925 619.256L213.076 850.284C215.832 855.056 220.916 858.004 226.427 858.025L491.263 859.006C496.835 859.026 501.988 856.051 504.756 851.215L636.325 621.37C639.062 616.588 639.052 610.71 636.296 605.938L502.912 374.91C500.157 370.138 495.072 367.19 489.562 367.17L224.726 366.189C219.154 366.168 214.001 369.143 211.232 373.979Z\" stroke=\"#111111\" stroke-width=\"0.444218\"\/>\n<path opacity=\"0.5\" d=\"M491.116 849.762L353.034 613.956L488.207 379.831\" stroke=\"#111111\" stroke-width=\"0.444218\" stroke-dasharray=\"5.38 5.38\"\/>\n<path opacity=\"0.5\" d=\"M496.735 365.191L631.908 131.066\" stroke=\"#111111\" stroke-width=\"0.444218\" stroke-dasharray=\"5.38 5.38\"\/>\n<path opacity=\"0.5\" d=\"M78.2471 612.688L352.938 614.119L488.204 379.832\" stroke=\"#111111\" stroke-width=\"0.444218\" stroke-dasharray=\"5.38 5.38\"\/>\n<path opacity=\"0.5\" d=\"M496.642 365.355L631.907 131.068\" stroke=\"#111111\" stroke-width=\"0.444218\" stroke-dasharray=\"5.38 5.38\"\/>\n<\/svg>\n\n\t\t\t\t<h1>\u00d8nsker du en kostnadsfri helsesjekk av Cortex XDR? <\/h1>\n\t\t\t\t<div class=\"excerpt\"><p>Er du interessert i \u00e5 sikre at dine enheters sikkerhet er optimalt tilpasset for ikke bare \u00e5 m\u00f8te dagens sofistikerte trusler, men ogs\u00e5 forberede seg p\u00e5 morgendagens utfordringer?<\/p>\n<\/div>\n\t\t\t\t\n\t\t\t\t\n\t\t\t<\/div>\n\t\t<\/div>\n\n<div class=\"nlogic-section alignfull layout-1-column content-align-top is-style-transparent wp-block-nlogic-section\">\n\t\t\t<div class=\"content-columns container\">\n\t\t\t\t\n\t\t\t\t\n<div class=\"nlogic-section-content wp-block-nlogic-section-content\">\n\n<div class=\"wp-block-columns is-layout-flex wp-container-core-columns-is-layout-1 wp-block-columns-is-layout-flex\">\n<div class=\"wp-block-column is-layout-flow wp-block-column-is-layout-flow\" style=\"flex-basis:33.33%\">\n<h2 class=\"wp-block-heading\" id=\"h-helsesjekk-av-cortex-xdr\">Helsesjekk av <br>Cortex XDR<\/h2>\n<\/div>\n\n\n\n<div class=\"wp-block-column is-layout-flow wp-block-column-is-layout-flow\" style=\"flex-basis:66.66%\">\n<p><strong>V\u00e5r kostnadsfrie helsesjekk av <a href=\"https:\/\/www.nlogic.no\/nettverksteknologi\/palo-alto-networks\/cortex-xdr\/\">Cortex XDR<\/a> gir deg muligheten til \u00e5:<\/strong><\/p>\n\n\n\n<ul class=\"wp-block-list\">\n<li>Evaluere effektiviteten av dine n\u00e5v\u00e6rende sikkerhetspolicies for enheter, for \u00e5 sikre at de er robuste og oppdaterte.<\/li>\n\n\n\n<li>Identifisere potensielle s\u00e5rbarheter og omr\u00e5der hvor trusselminimering kan forbedres, for \u00e5 sikre en omfattende beskyttelse.<\/li>\n\n\n\n<li>Motta skreddersydde anbefalinger for \u00e5 forsterke dine sikkerhetsstrategier, med m\u00e5l om \u00e5 gj\u00f8re din organisasjons beskyttelse enda mer effektiv mot b\u00e5de kjente og fremvoksende trusler.<\/li>\n\n\n\n<li>Utforske tilleggsfunksjoner samt tilpasning av widgeter og dashboards, for \u00e5 maksimere effektiviteten av <a href=\"https:\/\/www.paloaltonetworks.com\/cortex\/cortex-xdr\">Cortex XDR<\/a> i din organisasjon og sikre en mer intuitiv og innsiktsfull overv\u00e5kning og styring av sikkerhet.<\/li>\n<\/ul>\n\n\n\n<p>V\u00e5re erfarne sikkerhetseksperter vil gi deg en omfattende gjennomgang av din n\u00e5v\u00e6rende situasjon og veilede deg mot en mer robust og effektiv sikkerhetsl\u00f8sning.<\/p>\n<\/div>\n<\/div>\n\n<\/div>\n\n\t\t\t\t\n\t\t\t<\/div>\n\t\t<\/div>\n\n<div class=\"nlogic-section alignfull layout-1-column content-align-top is-style-transparent wp-block-nlogic-section\">\n\t\t\t<div class=\"content-columns container\">\n\t\t\t\t\n\t\t\t\t\n<div class=\"nlogic-section-content wp-block-nlogic-section-content\">\n\n<div class=\"wp-block-columns is-layout-flex wp-container-core-columns-is-layout-2 wp-block-columns-is-layout-flex\">\n<div class=\"wp-block-column is-layout-flow wp-block-column-is-layout-flow\">\n<h2 class=\"wp-block-heading\" id=\"be-om-en-kostnadsfri-helsesjekk\">Be om en kostnadsfri helsesjekk<\/h2>\n\n\n\n<p>V\u00e5re eksperter tar kontakt med deg for \u00e5 kartlegge behov og planlegge en gjennomgang av din Cortex XDR.  <\/p>\n\n\n\n<script charset=\"utf-8\" type=\"text\/javascript\" src=\"\/\/js.hsforms.net\/forms\/embed\/v2.js\"><\/script>\n<script>\n  hbspt.forms.create({\n    region: \"na1\",\n    portalId: \"8798010\",\n    formId: \"42d05787-1b21-450e-839a-d7621a247e92\"\n  });\n<\/script>\n<\/div>\n\n\n\n<div class=\"wp-block-column is-layout-flow wp-block-column-is-layout-flow\">\n<div style=\"height:100px\" aria-hidden=\"true\" class=\"wp-block-spacer\"><\/div>\n\n\n<svg class=\"svg\">\n  <clipPath id=\"person-hexagon-mask\" clipPathUnits=\"objectBoundingBox\"><path d=\"M0.455,0.013 C0.485,-0.002,0.521,-0.002,0.551,0.013 L0.753,0.115 L0.953,0.22 C0.983,0.235,1,0.264,1,0.294 L1,0.501 L1,0.709 C1,0.739,0.983,0.767,0.953,0.783 L0.753,0.888 L0.551,0.99 C0.521,1,0.485,1,0.455,0.99 L0.253,0.888 L0.053,0.783 C0.023,0.767,0.005,0.739,0.005,0.709 L0.003,0.501 L0.005,0.294 C0.005,0.264,0.023,0.235,0.053,0.22 L0.253,0.115 L0.455,0.013\"><\/path><\/clipPath>\n<\/svg><div class=\"t2-featured-single-post t2-featured-content is-post-type-person role-principal-security-engineer wp-block-t2-featured-single-post\">\n<div class=\"wp-block-group alignfull is-card-people is-layout-flow wp-block-group-is-layout-flow\">\n<figure  class=\"t2-post-featured-image has-image-ratio-16-9 wp-block-t2-post-featured-image\"><img loading=\"lazy\" decoding=\"async\" width=\"1708\" height=\"2560\" src=\"https:\/\/www.nlogic.no\/content\/uploads\/2024\/03\/012_te_nLogicNorway-9026-1-scaled.jpg\" class=\"attachment-post-thumbnail size-post-thumbnail wp-post-image\" alt=\"Foto av Nils Johan Gabrielsen.\" srcset=\"https:\/\/www.nlogic.no\/content\/uploads\/2024\/03\/012_te_nLogicNorway-9026-1-scaled.jpg 1708w, https:\/\/www.nlogic.no\/content\/uploads\/2024\/03\/012_te_nLogicNorway-9026-1-200x300.jpg 200w, https:\/\/www.nlogic.no\/content\/uploads\/2024\/03\/012_te_nLogicNorway-9026-1-683x1024.jpg 683w, https:\/\/www.nlogic.no\/content\/uploads\/2024\/03\/012_te_nLogicNorway-9026-1-768x1151.jpg 768w, https:\/\/www.nlogic.no\/content\/uploads\/2024\/03\/012_te_nLogicNorway-9026-1-1025x1536.jpg 1025w, https:\/\/www.nlogic.no\/content\/uploads\/2024\/03\/012_te_nLogicNorway-9026-1-1366x2048.jpg 1366w\" sizes=\"auto, (max-width: 1708px) 100vw, 1708px\" \/><\/figure>\n\n<div class=\"wp-block-group alignfull post-details is-layout-flow wp-block-group-is-layout-flow\">\n\t<h2 class=\"t2-post-title wp-block-t2-post-title\">Nils Johan Gabrielsen<\/h2>\n\t<p class=\"role\">Principal Security Engineer<\/p>\n\t<div class=\"card-info wp-block-t2-people-meta\"><\/div>\n<\/div>\n\n<\/div>\n\n<\/div><\/div>\n<\/div>\n\n<\/div>\n\n\t\t\t\t\n\t\t\t<\/div>\n\t\t<\/div>\n\n<div class=\"nlogic-section alignfull layout-1-column content-align-top is-style-transparent wp-block-nlogic-section\">\n\t\t\t<div class=\"content-columns container\">\n\t\t\t\t\n\t\t\t\t\n<div class=\"nlogic-section-content wp-block-nlogic-section-content\">\n\n<h2 class=\"wp-block-heading\" id=\"relevant-innhold\">Relevant innhold <\/h2>\n\n\n<ul class=\"t2-link-list has-3-columns alignwide wp-block-t2-link-list\">\n\t<li class=\"t2-link-list-item wp-block-t2-link-list-item\">\n\t\t<a\n\t\t\thref=\"https:\/\/www.nlogic.no\/nettverksteknologi\/palo-alto-networks\/\"\n\t\t\tclass=\"t2-link-list-item__link t2-link-list__icon--inline-left\"\n\t\t\t\t\t>\n\t\t\t\t\t\t<div class=\"t2-link-list-item__content\">\n\t\t\t\t<span class=\"t2-link-list-item__text\">\n\t\t\t\t\t<span class=\"t2-link-list-item__icon\"><span class=\"t2-link-list-item__icon-box\"><\/span><svg xmlns=\"http:\/\/www.w3.org\/2000\/svg\" viewBox=\"0 0 34 21\" height=\"24\" width=\"24\" class=\"t2-icon\" aria-hidden=\"true\" focusable=\"false\"><clipPath id=\"a\"><path d=\"m0 0h34v21h-34z\"\/><\/clipPath><g clip-path=\"url(#a)\"><path clip-rule=\"evenodd\" d=\"m28.5456 9.09456-6.3061-6.27616 1.9147-1.923869 9.6029 9.557169-9.6029 9.5572-1.9147-1.9239 6.3061-6.2762h-28.379096v-2.71424z\" fill=\"#e03135\" fill-rule=\"evenodd\"\/><\/g><\/svg><\/span>Palo Alto Networks\t\t\t\t<\/span>\n\t\t\t\t\t\t\t<\/div>\n\t\t<\/a>\n\t<\/li>\n\t\n\n\t<li class=\"t2-link-list-item wp-block-t2-link-list-item\">\n\t\t<a\n\t\t\thref=\"https:\/\/www.nlogic.no\/losninger\/sikkerhet\/brannmur\/\"\n\t\t\tclass=\"t2-link-list-item__link t2-link-list__icon--inline-left\"\n\t\t\t\t\t>\n\t\t\t\t\t\t<div class=\"t2-link-list-item__content\">\n\t\t\t\t<span class=\"t2-link-list-item__text\">\n\t\t\t\t\t<span class=\"t2-link-list-item__icon\"><span class=\"t2-link-list-item__icon-box\"><\/span><svg xmlns=\"http:\/\/www.w3.org\/2000\/svg\" viewBox=\"0 0 34 21\" height=\"24\" width=\"24\" class=\"t2-icon\" aria-hidden=\"true\" focusable=\"false\"><clipPath id=\"a\"><path d=\"m0 0h34v21h-34z\"\/><\/clipPath><g clip-path=\"url(#a)\"><path clip-rule=\"evenodd\" d=\"m28.5456 9.09456-6.3061-6.27616 1.9147-1.923869 9.6029 9.557169-9.6029 9.5572-1.9147-1.9239 6.3061-6.2762h-28.379096v-2.71424z\" fill=\"#e03135\" fill-rule=\"evenodd\"\/><\/g><\/svg><\/span>Brannmur\t\t\t\t<\/span>\n\t\t\t\t\t\t\t<\/div>\n\t\t<\/a>\n\t<\/li>\n\t\n\n\t<li class=\"t2-link-list-item wp-block-t2-link-list-item\">\n\t\t<a\n\t\t\thref=\"https:\/\/www.nlogic.no\/nettverksteknologi\/palo-alto-networks\/cortex-xdr\/\"\n\t\t\tclass=\"t2-link-list-item__link t2-link-list__icon--inline-left\"\n\t\t\t\t\t>\n\t\t\t\t\t\t<div class=\"t2-link-list-item__content\">\n\t\t\t\t<span class=\"t2-link-list-item__text\">\n\t\t\t\t\t<span class=\"t2-link-list-item__icon\"><span class=\"t2-link-list-item__icon-box\"><\/span><svg xmlns=\"http:\/\/www.w3.org\/2000\/svg\" viewBox=\"0 0 34 21\" height=\"24\" width=\"24\" class=\"t2-icon\" aria-hidden=\"true\" focusable=\"false\"><clipPath id=\"a\"><path d=\"m0 0h34v21h-34z\"\/><\/clipPath><g clip-path=\"url(#a)\"><path clip-rule=\"evenodd\" d=\"m28.5456 9.09456-6.3061-6.27616 1.9147-1.923869 9.6029 9.557169-9.6029 9.5572-1.9147-1.9239 6.3061-6.2762h-28.379096v-2.71424z\" fill=\"#e03135\" fill-rule=\"evenodd\"\/><\/g><\/svg><\/span>Cortex XDR\t\t\t\t<\/span>\n\t\t\t\t\t\t\t<\/div>\n\t\t<\/a>\n\t<\/li>\n\t\n\n\t<li class=\"t2-link-list-item wp-block-t2-link-list-item\">\n\t\t<a\n\t\t\thref=\"https:\/\/www.nlogic.no\/nettverksteknologi\/\"\n\t\t\tclass=\"t2-link-list-item__link t2-link-list__icon--inline-left\"\n\t\t\t\t\t>\n\t\t\t\t\t\t<div class=\"t2-link-list-item__content\">\n\t\t\t\t<span class=\"t2-link-list-item__text\">\n\t\t\t\t\t<span class=\"t2-link-list-item__icon\"><span class=\"t2-link-list-item__icon-box\"><\/span><svg xmlns=\"http:\/\/www.w3.org\/2000\/svg\" viewBox=\"0 0 34 21\" height=\"24\" width=\"24\" class=\"t2-icon\" aria-hidden=\"true\" focusable=\"false\"><clipPath id=\"a\"><path d=\"m0 0h34v21h-34z\"\/><\/clipPath><g clip-path=\"url(#a)\"><path clip-rule=\"evenodd\" d=\"m28.5456 9.09456-6.3061-6.27616 1.9147-1.923869 9.6029 9.557169-9.6029 9.5572-1.9147-1.9239 6.3061-6.2762h-28.379096v-2.71424z\" fill=\"#e03135\" fill-rule=\"evenodd\"\/><\/g><\/svg><\/span>Partnere\t\t\t\t<\/span>\n\t\t\t\t\t\t\t<\/div>\n\t\t<\/a>\n\t<\/li>\n\t\n\n\t<li class=\"t2-link-list-item wp-block-t2-link-list-item\">\n\t\t<a\n\t\t\thref=\"https:\/\/www.nlogic.no\/konsulenttjenester\/\"\n\t\t\tclass=\"t2-link-list-item__link t2-link-list__icon--inline-left\"\n\t\t\t\t\t>\n\t\t\t\t\t\t<div class=\"t2-link-list-item__content\">\n\t\t\t\t<span class=\"t2-link-list-item__text\">\n\t\t\t\t\t<span class=\"t2-link-list-item__icon\"><span class=\"t2-link-list-item__icon-box\"><\/span><svg xmlns=\"http:\/\/www.w3.org\/2000\/svg\" viewBox=\"0 0 34 21\" height=\"24\" width=\"24\" class=\"t2-icon\" aria-hidden=\"true\" focusable=\"false\"><clipPath id=\"a\"><path d=\"m0 0h34v21h-34z\"\/><\/clipPath><g clip-path=\"url(#a)\"><path clip-rule=\"evenodd\" d=\"m28.5456 9.09456-6.3061-6.27616 1.9147-1.923869 9.6029 9.557169-9.6029 9.5572-1.9147-1.9239 6.3061-6.2762h-28.379096v-2.71424z\" fill=\"#e03135\" fill-rule=\"evenodd\"\/><\/g><\/svg><\/span>Konsulenttjenester\t\t\t\t<\/span>\n\t\t\t\t\t\t\t<\/div>\n\t\t<\/a>\n\t<\/li>\n\t\n\n\t<li class=\"t2-link-list-item wp-block-t2-link-list-item\">\n\t\t<a\n\t\t\thref=\"https:\/\/www.nlogic.no\/aktuelt\/\"\n\t\t\tclass=\"t2-link-list-item__link t2-link-list__icon--inline-left\"\n\t\t\t\t\t>\n\t\t\t\t\t\t<div class=\"t2-link-list-item__content\">\n\t\t\t\t<span class=\"t2-link-list-item__text\">\n\t\t\t\t\t<span class=\"t2-link-list-item__icon\"><span class=\"t2-link-list-item__icon-box\"><\/span><svg xmlns=\"http:\/\/www.w3.org\/2000\/svg\" viewBox=\"0 0 34 21\" height=\"24\" width=\"24\" class=\"t2-icon\" aria-hidden=\"true\" focusable=\"false\"><clipPath id=\"a\"><path d=\"m0 0h34v21h-34z\"\/><\/clipPath><g clip-path=\"url(#a)\"><path clip-rule=\"evenodd\" d=\"m28.5456 9.09456-6.3061-6.27616 1.9147-1.923869 9.6029 9.557169-9.6029 9.5572-1.9147-1.9239 6.3061-6.2762h-28.379096v-2.71424z\" fill=\"#e03135\" fill-rule=\"evenodd\"\/><\/g><\/svg><\/span>Aktuelt\t\t\t\t<\/span>\n\t\t\t\t\t\t\t<\/div>\n\t\t<\/a>\n\t<\/li>\n\t\n<\/ul>\n<\/div>\n\n\t\t\t\t\n\t\t\t<\/div>\n\t\t<\/div>","protected":false},"excerpt":{"rendered":"<p>Er du interessert i \u00e5 sikre at dine enheters sikkerhet er optimalt tilpasset for ikke bare \u00e5 m\u00f8te dagens sofistikerte trusler, men ogs\u00e5 forberede seg p\u00e5 morgendagens utfordringer?<\/p>\n","protected":false},"author":5,"featured_media":4972,"parent":0,"menu_order":0,"comment_status":"closed","ping_status":"closed","template":"","meta":{"dk_card_image_id":0,"footnotes":""},"class_list":["post-6508","page","type-page","status-publish","has-post-thumbnail","hentry"],"yoast_head":"<!-- This site is optimized with the Yoast SEO Premium plugin v20.13 (Yoast SEO v20.13) - https:\/\/yoast.com\/wordpress\/plugins\/seo\/ -->\n<title>nLogic - Kostnadsfri helsesjekk av din Cortex XDR<\/title>\n<meta name=\"description\" content=\"Utforske hvordan Cortex XDR kan styrke din sikkerhetsstrategi - be om en kostnadsfri helsesjekk av din Cortex XDR - nLogic\" \/>\n<meta name=\"robots\" content=\"noindex, follow, max-snippet:-1, max-image-preview:large, max-video-preview:-1\" \/>\n<meta property=\"og:locale\" content=\"en_US\" \/>\n<meta property=\"og:type\" content=\"article\" \/>\n<meta property=\"og:title\" content=\"Be om en kostnadsfri helsesjekk\" \/>\n<meta property=\"og:description\" content=\"Utforske hvordan Cortex XDR kan styrke din sikkerhetsstrategi - be om en kostnadsfri helsesjekk av din Cortex XDR - nLogic\" \/>\n<meta property=\"og:url\" content=\"https:\/\/www.nlogic.no\/english\/helsesjekk-cortex-xdr\/\" \/>\n<meta property=\"og:site_name\" content=\"nLogic - Powered by Knowledge. Driven by Trust.\" \/>\n<meta property=\"article:publisher\" content=\"https:\/\/www.facebook.com\/nLogicAS\" \/>\n<meta property=\"article:modified_time\" content=\"2024-03-06T09:25:54+00:00\" \/>\n<meta property=\"og:image\" content=\"https:\/\/www.nlogic.no\/content\/uploads\/sites\/6\/2023\/09\/nlogic-team-1-scaled.jpg\" \/>\n\t<meta property=\"og:image:width\" content=\"2560\" \/>\n\t<meta property=\"og:image:height\" content=\"1708\" \/>\n\t<meta property=\"og:image:type\" content=\"image\/jpeg\" \/>\n<meta name=\"twitter:card\" content=\"summary_large_image\" \/>\n<meta name=\"twitter:label1\" content=\"Est. reading time\" \/>\n\t<meta name=\"twitter:data1\" content=\"1 minute\" \/>\n<script type=\"application\/ld+json\" class=\"yoast-schema-graph\">{\"@context\":\"https:\/\/schema.org\",\"@graph\":[{\"@type\":\"WebPage\",\"@id\":\"https:\/\/www.nlogic.no\/english\/helsesjekk-cortex-xdr\/\",\"url\":\"https:\/\/www.nlogic.no\/english\/helsesjekk-cortex-xdr\/\",\"name\":\"nLogic - Kostnadsfri helsesjekk av din Cortex XDR\",\"isPartOf\":{\"@id\":\"https:\/\/www.nlogic.no\/english\/#website\"},\"datePublished\":\"2024-03-05T13:36:39+00:00\",\"dateModified\":\"2024-03-06T09:25:54+00:00\",\"description\":\"Utforske hvordan Cortex XDR kan styrke din sikkerhetsstrategi - be om en kostnadsfri helsesjekk av din Cortex XDR - nLogic\",\"inLanguage\":\"en-US\",\"potentialAction\":[{\"@type\":\"ReadAction\",\"target\":[\"https:\/\/www.nlogic.no\/english\/helsesjekk-cortex-xdr\/\"]}]},{\"@type\":\"WebSite\",\"@id\":\"https:\/\/www.nlogic.no\/english\/#website\",\"url\":\"https:\/\/www.nlogic.no\/english\/\",\"name\":\"nLogic - Powered by Knowledge. Driven by Trust.\",\"description\":\"\",\"publisher\":{\"@id\":\"https:\/\/www.nlogic.no\/english\/#organization\"},\"potentialAction\":[{\"@type\":\"SearchAction\",\"target\":{\"@type\":\"EntryPoint\",\"urlTemplate\":\"https:\/\/www.nlogic.no\/english\/?s={search_term_string}\"},\"query-input\":\"required name=search_term_string\"}],\"inLanguage\":\"en-US\"},{\"@type\":\"Organization\",\"@id\":\"https:\/\/www.nlogic.no\/english\/#organization\",\"name\":\"nLogic - Powered by Knowledge. Driven by Trust.\",\"url\":\"https:\/\/www.nlogic.no\/english\/\",\"logo\":{\"@type\":\"ImageObject\",\"inLanguage\":\"en-US\",\"@id\":\"https:\/\/www.nlogic.no\/english\/#\/schema\/logo\/image\/\",\"url\":\"https:\/\/www.nlogic.no\/content\/uploads\/sites\/6\/2023\/09\/nlogic-logo-1.svg\",\"contentUrl\":\"https:\/\/www.nlogic.no\/content\/uploads\/sites\/6\/2023\/09\/nlogic-logo-1.svg\",\"caption\":\"nLogic - Powered by Knowledge. Driven by Trust.\"},\"image\":{\"@id\":\"https:\/\/www.nlogic.no\/english\/#\/schema\/logo\/image\/\"},\"sameAs\":[\"https:\/\/www.facebook.com\/nLogicAS\",\"https:\/\/www.linkedin.com\/company\/nlogic-as\/\"]}]}<\/script>\n<!-- \/ Yoast SEO Premium plugin. -->","yoast_head_json":{"title":"nLogic - Kostnadsfri helsesjekk av din Cortex XDR","description":"Utforske hvordan Cortex XDR kan styrke din sikkerhetsstrategi - be om en kostnadsfri helsesjekk av din Cortex XDR - nLogic","robots":{"index":"noindex","follow":"follow","max-snippet":"max-snippet:-1","max-image-preview":"max-image-preview:large","max-video-preview":"max-video-preview:-1"},"og_locale":"en_US","og_type":"article","og_title":"Be om en kostnadsfri helsesjekk","og_description":"Utforske hvordan Cortex XDR kan styrke din sikkerhetsstrategi - be om en kostnadsfri helsesjekk av din Cortex XDR - nLogic","og_url":"https:\/\/www.nlogic.no\/english\/helsesjekk-cortex-xdr\/","og_site_name":"nLogic - Powered by Knowledge. Driven by Trust.","article_publisher":"https:\/\/www.facebook.com\/nLogicAS","article_modified_time":"2024-03-06T09:25:54+00:00","og_image":[{"width":2560,"height":1708,"url":"https:\/\/www.nlogic.no\/content\/uploads\/sites\/6\/2023\/09\/nlogic-team-1-scaled.jpg","type":"image\/jpeg"}],"twitter_card":"summary_large_image","twitter_misc":{"Est. reading time":"1 minute"},"schema":{"@context":"https:\/\/schema.org","@graph":[{"@type":"WebPage","@id":"https:\/\/www.nlogic.no\/english\/helsesjekk-cortex-xdr\/","url":"https:\/\/www.nlogic.no\/english\/helsesjekk-cortex-xdr\/","name":"nLogic - Kostnadsfri helsesjekk av din Cortex XDR","isPartOf":{"@id":"https:\/\/www.nlogic.no\/english\/#website"},"datePublished":"2024-03-05T13:36:39+00:00","dateModified":"2024-03-06T09:25:54+00:00","description":"Utforske hvordan Cortex XDR kan styrke din sikkerhetsstrategi - be om en kostnadsfri helsesjekk av din Cortex XDR - nLogic","inLanguage":"en-US","potentialAction":[{"@type":"ReadAction","target":["https:\/\/www.nlogic.no\/english\/helsesjekk-cortex-xdr\/"]}]},{"@type":"WebSite","@id":"https:\/\/www.nlogic.no\/english\/#website","url":"https:\/\/www.nlogic.no\/english\/","name":"nLogic - Powered by Knowledge. Driven by Trust.","description":"","publisher":{"@id":"https:\/\/www.nlogic.no\/english\/#organization"},"potentialAction":[{"@type":"SearchAction","target":{"@type":"EntryPoint","urlTemplate":"https:\/\/www.nlogic.no\/english\/?s={search_term_string}"},"query-input":"required name=search_term_string"}],"inLanguage":"en-US"},{"@type":"Organization","@id":"https:\/\/www.nlogic.no\/english\/#organization","name":"nLogic - Powered by Knowledge. Driven by Trust.","url":"https:\/\/www.nlogic.no\/english\/","logo":{"@type":"ImageObject","inLanguage":"en-US","@id":"https:\/\/www.nlogic.no\/english\/#\/schema\/logo\/image\/","url":"https:\/\/www.nlogic.no\/content\/uploads\/sites\/6\/2023\/09\/nlogic-logo-1.svg","contentUrl":"https:\/\/www.nlogic.no\/content\/uploads\/sites\/6\/2023\/09\/nlogic-logo-1.svg","caption":"nLogic - Powered by Knowledge. Driven by Trust."},"image":{"@id":"https:\/\/www.nlogic.no\/english\/#\/schema\/logo\/image\/"},"sameAs":["https:\/\/www.facebook.com\/nLogicAS","https:\/\/www.linkedin.com\/company\/nlogic-as\/"]}]}},"_links":{"self":[{"href":"https:\/\/www.nlogic.no\/english\/wp-json\/wp\/v2\/pages\/6508","targetHints":{"allow":["GET"]}}],"collection":[{"href":"https:\/\/www.nlogic.no\/english\/wp-json\/wp\/v2\/pages"}],"about":[{"href":"https:\/\/www.nlogic.no\/english\/wp-json\/wp\/v2\/types\/page"}],"author":[{"embeddable":true,"href":"https:\/\/www.nlogic.no\/english\/wp-json\/wp\/v2\/users\/5"}],"replies":[{"embeddable":true,"href":"https:\/\/www.nlogic.no\/english\/wp-json\/wp\/v2\/comments?post=6508"}],"version-history":[{"count":5,"href":"https:\/\/www.nlogic.no\/english\/wp-json\/wp\/v2\/pages\/6508\/revisions"}],"predecessor-version":[{"id":6594,"href":"https:\/\/www.nlogic.no\/english\/wp-json\/wp\/v2\/pages\/6508\/revisions\/6594"}],"wp:featuredmedia":[{"embeddable":true,"href":"https:\/\/www.nlogic.no\/english\/wp-json\/wp\/v2\/media\/4972"}],"wp:attachment":[{"href":"https:\/\/www.nlogic.no\/english\/wp-json\/wp\/v2\/media?parent=6508"}],"curies":[{"name":"wp","href":"https:\/\/api.w.org\/{rel}","templated":true}]}}