{"id":4933,"date":"2023-09-25T06:43:24","date_gmt":"2023-09-25T04:43:24","guid":{"rendered":"https:\/\/www.nlogic.no\/?page_id=4933"},"modified":"2023-09-25T09:32:42","modified_gmt":"2023-09-25T07:32:42","slug":"internet-og-things-iot","status":"publish","type":"page","link":"https:\/\/www.nlogic.no\/english\/losninger\/nettverk\/tradlost-nettverk-wlan\/internet-og-things-iot\/","title":{"rendered":"Internet og things (IoT)"},"content":{"rendered":"<div class=\"nlogic-hero alignfull with-pattern-mosaic2 with-excerpt is-style-light wp-block-nlogic-hero\">\n\t\t\t<div class=\"hero-content container\">\n\t\t\t\t<svg width=\"1465\" height=\"861\" viewBox=\"0 0 1465 861\" fill=\"none\" xmlns=\"http:\/\/www.w3.org\/2000\/svg\">\n<path opacity=\"0.5\" d=\"M817.479 564.765L507.094 564.765C500.779 564.765 494.944 561.396 491.786 555.927L341.697 295.963C338.539 290.495 338.539 283.756 341.697 278.288L491.786 18.3243C494.944 12.8553 500.779 9.48632 507.094 9.48632L807.274 9.48631C813.589 9.48631 819.424 12.8553 822.582 18.3243L972.671 278.288C975.829 283.757 975.829 290.495 972.671 295.964L892.583 434.681\" stroke=\"#111111\" stroke-width=\"0.3\"\/>\n<path opacity=\"0.5\" d=\"M497.815 563.652L187.43 563.652C181.115 563.652 175.28 560.283 172.122 554.814L22.0325 294.85C18.875 289.381 18.875 282.643 22.0325 277.174L172.122 17.211C175.28 11.742 181.115 8.37302 187.43 8.37302L487.61 8.37304C493.925 8.37304 499.76 11.7421 502.918 17.211L658.11 286.013\" stroke=\"#111111\" stroke-width=\"0.3\"\/>\n<path opacity=\"0.5\" d=\"M437.403 476.541L237.636 476.541C231.374 476.541 225.588 473.201 222.458 467.778L122.574 294.774C119.443 289.352 119.443 282.671 122.574 277.249L222.458 104.245C225.588 98.8221 231.374 95.4817 237.636 95.4817L437.403 95.4817C443.665 95.4817 449.451 98.8221 452.581 104.245L552.465 277.249C555.596 282.671 555.596 289.352 552.465 294.775L452.581 467.779C449.451 473.201 443.665 476.541 437.403 476.541Z\" stroke=\"#111111\" stroke-width=\"0.3\"\/>\n<path opacity=\"0.5\" d=\"M391.499 397.035L283.536 397.035C277.275 397.035 271.489 393.695 268.358 388.272L214.377 294.773C211.246 289.351 211.246 282.67 214.377 277.247L268.358 183.749C271.489 178.326 277.275 174.986 283.536 174.986L391.499 174.986C397.761 174.986 403.546 178.326 406.677 183.749L460.658 277.247C463.789 282.67 463.789 289.351 460.658 294.773L406.677 388.272C403.546 393.695 397.761 397.035 391.499 397.035Z\" stroke=\"#111111\" stroke-width=\"0.3\"\/>\n<g opacity=\"0.5\">\n<path d=\"M28.3555 284L120.355 285\" stroke=\"#111111\" stroke-width=\"0.3\" stroke-dasharray=\"6.06 6.06\"\/>\n<path d=\"M213 284L337 285\" stroke=\"#111111\" stroke-width=\"0.3\" stroke-dasharray=\"6.06 6.06\"\/>\n<path d=\"M561.355 284L653.355 285\" stroke=\"#111111\" stroke-width=\"0.3\" stroke-dasharray=\"6.06 6.06\"\/>\n<\/g>\n<g opacity=\"0.5\">\n<path d=\"M184.172 554.883L231.038 475.708\" stroke=\"#111111\" stroke-width=\"0.3\" stroke-dasharray=\"6.06 6.06\"\/>\n<\/g>\n<g opacity=\"0.5\">\n<path d=\"M230.172 93.793L185.038 13.6186\" stroke=\"#111111\" stroke-width=\"0.3\" stroke-dasharray=\"6.06 6.06\"\/>\n<\/g>\n<path opacity=\"0.5\" d=\"M580.836 419.399L736.029 688.2C739.186 693.669 745.021 697.038 751.336 697.038L1051.52 697.038C1057.83 697.038 1063.67 693.669 1066.82 688.2L1216.91 428.237C1220.07 422.768 1220.07 416.03 1216.91 410.561L1066.82 150.598C1063.67 145.129 1057.83 141.76 1051.52 141.76L751.336 141.76C745.021 141.76 739.186 145.129 736.029 150.598L660.984 280.579\" stroke=\"#111111\" stroke-width=\"0.3\"\/>\n<path opacity=\"0.5\" d=\"M577.678 147.201L728.063 147.201C734.378 147.201 740.213 150.57 743.371 156.039L893.461 416.003C896.618 421.472 896.618 428.21 893.461 433.679L743.371 693.642C740.213 699.111 734.378 702.48 728.063 702.48L428.066 702.48C421.654 702.48 415.744 699.007 412.624 693.404L340 563\" stroke=\"#111111\" stroke-width=\"0.3\"\/>\n<path opacity=\"0.5\" d=\"M816.427 563.805L971.641 832.644C974.787 838.093 980.592 841.459 986.884 841.482L1284.98 842.586C1291.34 842.61 1297.22 839.213 1300.38 833.691L1448.47 574.984C1451.6 569.524 1451.59 562.813 1448.44 557.365L1298.31 297.326C1295.16 291.877 1289.36 288.511 1283.06 288.488L974.679 287.346\" stroke=\"#111111\" stroke-width=\"0.3\"\/>\n<path opacity=\"0.5\" d=\"M970.481 839.94L672.388 838.836C666.15 838.813 660.394 835.475 657.275 830.073L507.142 570.034C504.023 564.632 504.01 557.978 507.109 552.564L655.199 293.857C658.333 288.382 664.167 285.014 670.475 285.038L968.567 286.142C974.805 286.165 980.561 289.502 983.68 294.905L1133.81 554.944C1136.93 560.346 1136.94 566.999 1133.85 572.413L985.756 831.121C982.622 836.595 976.788 839.963 970.481 839.94Z\" stroke=\"#111111\" stroke-width=\"0.3\"\/>\n<path opacity=\"0.5\" d=\"M1058.14 681.855L902.719 416.439L1054.87 152.914\" stroke=\"#111111\" stroke-width=\"0.3\" stroke-dasharray=\"6.06 6.06\"\/>\n<path opacity=\"0.5\" d=\"M593.434 415.008L902.619 416.619L1054.87 152.912\" stroke=\"#111111\" stroke-width=\"0.3\" stroke-dasharray=\"6.06 6.06\"\/>\n<\/svg>\n\n\t\t\t\t<h1>Internet og things (IoT)<\/h1>\n\t\t\t\t<div class=\"excerpt\"><p>Tingenes internett, bedre kjent som \u201cthe Internet of Things\u201d eller kun IoT, er et prinsipp som beskriver ulike enheter og fysiske objekters evne til \u00e5 kommunisere og dele data med hverandre.<\/p>\n<\/div>\n\t\t\t\t\n\t\t\t\t\n\t\t\t<\/div>\n\t\t<\/div>\n\n<div class=\"nlogic-section alignfull layout-1-column content-align-top is-style-transparent wp-block-nlogic-section\">\n\t\t\t<div class=\"content-columns container\">\n\t\t\t\t\n\t\t\t\t\n<div class=\"nlogic-section-content wp-block-nlogic-section-content\">\n\n<div class=\"wp-block-columns is-layout-flex wp-container-core-columns-is-layout-1 wp-block-columns-is-layout-flex\">\n<div class=\"wp-block-column is-layout-flow wp-block-column-is-layout-flow\" style=\"flex-basis:33.33%\">\n<h2 class=\"wp-block-heading\" id=\"internett-of-things-iot\">Internett of things (IoT) <\/h2>\n<\/div>\n\n\n\n<div class=\"wp-block-column is-layout-flow wp-block-column-is-layout-flow\" style=\"flex-basis:66.66%\">\n<h4 class=\"wp-block-heading\" id=\"i-takt-med-en-raskt-okende-mengde-enheter-som-trenger-internettilgang-og-data-som-skal-prosesseres-og-analyseres-oker-ogsa-behovet-for-desentralisert-behandling-av-data\">I takt med en raskt \u00f8kende mengde enheter som trenger internettilgang, og data som skal prosesseres og analyseres, \u00f8ker ogs\u00e5 behovet for desentralisert behandling av data.<\/h4>\n\n\n\n<p>En solid IoT-infrastruktur muliggj\u00f8r fjernstyring og monitorering av ulike kritiske systemer, som overv\u00e5kningssystemer, alarmsystemer og datasystemer. Disse enhetene kommuniserer gjennom ulike koblinger og protokoller, og det er derfor viktig \u00e5 s\u00f8rge for god kommunikasjon, sikkerhet og s\u00f8ml\u00f8s transport av data.<\/p>\n\n\n\n<p>De fleste av v\u00e5re <a href=\"https:\/\/www.nlogic.no\/losninger\/nettverk\/\">nettverksl\u00f8sninger<\/a> har implementert st\u00f8tte for IoT-tjenester og teknologi. Med v\u00e5r tiln\u00e6rming til IoT kan du forsikre deg om at alle virksomhetskritiske enheter tilkoblet det tr\u00e5dl\u00f8se nettverket kan kommunisere med hverandre, og styres p\u00e5 en sikker, s\u00f8ml\u00f8s og effektiv m\u00e5te.<\/p>\n<\/div>\n<\/div>\n\n<\/div>\n\n\t\t\t\t\n\t\t\t<\/div>\n\t\t<\/div>\n\n<div class=\"nlogic-section alignfull layout-1-column content-align-top is-style-light wp-block-nlogic-section\">\n\t\t\t<div class=\"content-columns container\">\n\t\t\t\t\n\t\t\t\t\n<div class=\"nlogic-section-content wp-block-nlogic-section-content\">\n\n<h2 class=\"wp-block-heading\" id=\"relevant-innhold\">Relevant innhold<\/h2>\n\n\n<ul class=\"t2-link-list has-auto-columns alignwide wp-block-t2-link-list\">\n\t<li class=\"t2-link-list-item wp-block-t2-link-list-item\">\n\t\t<a\n\t\t\thref=\"https:\/\/www.nlogic.no\/losninger\/nettverk\/tradlost-nettverk-wlan\/\"\n\t\t\tclass=\"t2-link-list-item__link t2-link-list__icon--inline-left\"\n\t\t\t\t\t>\n\t\t\t\t\t\t<div class=\"t2-link-list-item__content\">\n\t\t\t\t<span class=\"t2-link-list-item__text\">\n\t\t\t\t\t<span class=\"t2-link-list-item__icon\"><span class=\"t2-link-list-item__icon-box\"><\/span><svg xmlns=\"http:\/\/www.w3.org\/2000\/svg\" viewBox=\"0 0 34 21\" height=\"24\" width=\"24\" class=\"t2-icon\" aria-hidden=\"true\" focusable=\"false\"><clipPath id=\"a\"><path d=\"m0 0h34v21h-34z\"\/><\/clipPath><g clip-path=\"url(#a)\"><path clip-rule=\"evenodd\" d=\"m28.5456 9.09456-6.3061-6.27616 1.9147-1.923869 9.6029 9.557169-9.6029 9.5572-1.9147-1.9239 6.3061-6.2762h-28.379096v-2.71424z\" fill=\"#e03135\" fill-rule=\"evenodd\"\/><\/g><\/svg><\/span>Tr\u00e5dl\u00f8st nettverk (WLAN)\t\t\t\t<\/span>\n\t\t\t\t\t\t\t<\/div>\n\t\t<\/a>\n\t<\/li>\n\t\n\n\t<li class=\"t2-link-list-item wp-block-t2-link-list-item\">\n\t\t<a\n\t\t\thref=\"https:\/\/www.nlogic.no\/losninger\/sikkerhet\/nettverkssikkerhet\/\"\n\t\t\tclass=\"t2-link-list-item__link t2-link-list__icon--inline-left\"\n\t\t\t\t\t>\n\t\t\t\t\t\t<div class=\"t2-link-list-item__content\">\n\t\t\t\t<span class=\"t2-link-list-item__text\">\n\t\t\t\t\t<span class=\"t2-link-list-item__icon\"><span class=\"t2-link-list-item__icon-box\"><\/span><svg xmlns=\"http:\/\/www.w3.org\/2000\/svg\" viewBox=\"0 0 34 21\" height=\"24\" width=\"24\" class=\"t2-icon\" aria-hidden=\"true\" focusable=\"false\"><clipPath id=\"a\"><path d=\"m0 0h34v21h-34z\"\/><\/clipPath><g clip-path=\"url(#a)\"><path clip-rule=\"evenodd\" d=\"m28.5456 9.09456-6.3061-6.27616 1.9147-1.923869 9.6029 9.557169-9.6029 9.5572-1.9147-1.9239 6.3061-6.2762h-28.379096v-2.71424z\" fill=\"#e03135\" fill-rule=\"evenodd\"\/><\/g><\/svg><\/span>Sikker nettverksinfrastruktur\t\t\t\t<\/span>\n\t\t\t\t\t\t\t<\/div>\n\t\t<\/a>\n\t<\/li>\n\t\n\n\t<li class=\"t2-link-list-item wp-block-t2-link-list-item\">\n\t\t<a\n\t\t\thref=\"https:\/\/www.nlogic.no\/om-oss\/referanser\/\"\n\t\t\tclass=\"t2-link-list-item__link t2-link-list__icon--inline-left\"\n\t\t\t\t\t>\n\t\t\t\t\t\t<div class=\"t2-link-list-item__content\">\n\t\t\t\t<span class=\"t2-link-list-item__text\">\n\t\t\t\t\t<span class=\"t2-link-list-item__icon\"><span class=\"t2-link-list-item__icon-box\"><\/span><svg xmlns=\"http:\/\/www.w3.org\/2000\/svg\" viewBox=\"0 0 34 21\" height=\"24\" width=\"24\" class=\"t2-icon\" aria-hidden=\"true\" focusable=\"false\"><clipPath id=\"a\"><path d=\"m0 0h34v21h-34z\"\/><\/clipPath><g clip-path=\"url(#a)\"><path clip-rule=\"evenodd\" d=\"m28.5456 9.09456-6.3061-6.27616 1.9147-1.923869 9.6029 9.557169-9.6029 9.5572-1.9147-1.9239 6.3061-6.2762h-28.379096v-2.71424z\" fill=\"#e03135\" fill-rule=\"evenodd\"\/><\/g><\/svg><\/span>Referanser\t\t\t\t<\/span>\n\t\t\t\t\t\t\t<\/div>\n\t\t<\/a>\n\t<\/li>\n\t\n<\/ul>\n<\/div>\n\n\t\t\t\t\n\t\t\t<\/div>\n\t\t<\/div>\n\n<div class=\"nlogic-section alignfull layout-1-column content-align-top is-style-transparent wp-block-nlogic-section\">\n\t\t\t<div class=\"content-columns container\">\n\t\t\t\t\n\t\t\t\t\n<div class=\"nlogic-section-content wp-block-nlogic-section-content\">\n\n<div class=\"wp-block-columns is-layout-flex wp-container-core-columns-is-layout-2 wp-block-columns-is-layout-flex\">\n<div class=\"wp-block-column is-layout-flow wp-block-column-is-layout-flow\">\n<h2 class=\"wp-block-heading\" id=\"har-du-sporsmal-om-tradlost-nettverk\">Har du sp\u00f8rsm\u00e5l om tr\u00e5dl\u00f8st nettverk? <\/h2>\n\n\n\n<p>Fyll inn skjema for \u00e5 kontakte oss. En av v\u00e5re eksperter vil kontakte deg p\u00e5 e-post. <\/p>\n\n\n<div class=\"nlogic-button-modal wp-block-nlogic-button-modal\">\n\t\t\t<div class=\"wp-block-buttons is-layout-flex\">\n\t\t\t\t<div class=\"wp-block-button nlogic-button-modal__button\">\n\t\t\t\t\t<a class=\"wp-block-button__link has-white-color has-text-color\" data-micromodal-trigger=\"nlogic-modal1\">Kontakt oss<\/a>\n\t\t\t\t<\/div>\n\t\t\t<\/div>\n\t\t\t<div id=\"nlogic-modal1\" class=\"modal micromodal-slide\" aria-hidden=\"true\">\n\t\t\t<div class=\"modal__overlay\" tabindex=\"-1\" data-micromodal-close>\n\t\t\t\t<div class=\"modal__container\" role=\"dialog\" aria-modal=\"true\" aria-labelledby=\"Kontakt oss\" >\n\t\t\t\t\t<div class=\"modal__content_container\">\n\t\t\t\t\t\t<h2 class=\"modal__title\">Kontakt oss<\/h2>\n\t\t\t\t\t\t<main class=\"modal__content\">\n\t\t\t\t\t\t\t\n\n<p><\/p>\n\n\n\n<script charset=\"utf-8\" type=\"text\/javascript\" src=\"\/\/js.hsforms.net\/forms\/embed\/v2.js\"><\/script>\n<script>\n  hbspt.forms.create({\n    region: \"na1\",\n    portalId: \"8798010\",\n    formId: \"731a863d-f99e-420c-9914-a8d5bade7aed\"\n  });\n<\/script>\n\n\n\t\t\t\t\t\t<\/main>\n\t\t\t\t\t\t<button class=\"modal__close\" aria-label=\"Close modal\" data-micromodal-close><svg xmlns=\"http:\/\/www.w3.org\/2000\/svg\" viewBox=\"0 0 24 24\" height=\"24\" width=\"24\" class=\"t2-icon\" aria-hidden=\"true\" focusable=\"false\"><path d=\"m12 13.4-4.9 4.9c-.2.2-.4.3-.7.3-.3 0-.5-.1-.7-.3-.2-.2-.3-.4-.3-.7s.1-.5.3-.7l4.9-4.9-4.9-4.9c-.2-.2-.3-.4-.3-.7 0-.3.1-.5.3-.7.2-.2.4-.3.7-.3.3 0 .5.1.7.3l4.9 4.9 4.9-4.9c.2-.2.4-.3.7-.3s.5.1.7.3c.2.2.3.4.3.7 0 .3-.1.5-.3.7L13.4 12l4.9 4.9c.2.2.3.4.3.7s-.1.5-.3.7c-.2.2-.4.3-.7.3s-.5-.1-.7-.3L12 13.4z\"\/><\/svg><\/button>\n\t\t\t\t\t<\/div>\n\t\t\t\t<\/div>\n\t\t\t<\/div>\n\t\t<\/div>\n\t\t<\/div><\/div>\n\n\n\n<div class=\"wp-block-column is-layout-flow wp-block-column-is-layout-flow\"><svg class=\"svg\">\n  <clipPath id=\"person-hexagon-mask\" clipPathUnits=\"objectBoundingBox\"><path d=\"M0.455,0.013 C0.485,-0.002,0.521,-0.002,0.551,0.013 L0.753,0.115 L0.953,0.22 C0.983,0.235,1,0.264,1,0.294 L1,0.501 L1,0.709 C1,0.739,0.983,0.767,0.953,0.783 L0.753,0.888 L0.551,0.99 C0.521,1,0.485,1,0.455,0.99 L0.253,0.888 L0.053,0.783 C0.023,0.767,0.005,0.739,0.005,0.709 L0.003,0.501 L0.005,0.294 C0.005,0.264,0.023,0.235,0.053,0.22 L0.253,0.115 L0.455,0.013\"><\/path><\/clipPath>\n<\/svg><div class=\"t2-featured-single-post t2-featured-content is-post-type-person role-key-account-manager wp-block-t2-featured-single-post\">\n<div class=\"wp-block-group alignfull is-card-people is-layout-flow wp-block-group-is-layout-flow\">\n<figure  class=\"t2-post-featured-image has-image-ratio-16-9 wp-block-t2-post-featured-image\"><img loading=\"lazy\" decoding=\"async\" width=\"2048\" height=\"2048\" src=\"https:\/\/www.nlogic.no\/content\/uploads\/2023\/09\/Nlogic_Isabell_L\u251c\u00a9vgavlen_0080.jpg\" class=\"attachment-post-thumbnail size-post-thumbnail wp-post-image\" alt=\"Bilde av Isabell L\u00f8vgavlen.\" srcset=\"https:\/\/www.nlogic.no\/content\/uploads\/2023\/09\/Nlogic_Isabell_L\u251c\u00a9vgavlen_0080.jpg 2048w, https:\/\/www.nlogic.no\/content\/uploads\/2023\/09\/Nlogic_Isabell_L\u251c\u00a9vgavlen_0080-300x300.jpg 300w, https:\/\/www.nlogic.no\/content\/uploads\/2023\/09\/Nlogic_Isabell_L\u251c\u00a9vgavlen_0080-1024x1024.jpg 1024w, https:\/\/www.nlogic.no\/content\/uploads\/2023\/09\/Nlogic_Isabell_L\u251c\u00a9vgavlen_0080-150x150.jpg 150w, https:\/\/www.nlogic.no\/content\/uploads\/2023\/09\/Nlogic_Isabell_L\u251c\u00a9vgavlen_0080-768x768.jpg 768w, https:\/\/www.nlogic.no\/content\/uploads\/2023\/09\/Nlogic_Isabell_L\u251c\u00a9vgavlen_0080-1536x1536.jpg 1536w\" sizes=\"auto, (max-width: 2048px) 100vw, 2048px\" \/><\/figure>\n\n<div class=\"wp-block-group alignfull post-details is-layout-flow wp-block-group-is-layout-flow\">\n\t<h2 class=\"t2-post-title wp-block-t2-post-title\">Isabell L\u00f8vgavlen<\/h2>\n\t\n\t<div class=\"card-info wp-block-t2-people-meta\"><div class=\"card-info__post-meta meta-key-people_email\"><a href=\"mailto:isabell.loevgavlen@nlogic.no\">isabell.loevgavlen@nlogic.no<\/a><\/div><div class=\"card-info__post-meta meta-key-people_phone\"><a href=\"tel:+47 976 76 953\">+47 976 76 953<\/a><\/div><\/div>\n<\/div>\n\n<\/div>\n\n<\/div><\/div>\n<\/div>\n\n<\/div>\n\n\t\t\t\t\n\t\t\t<\/div>\n\t\t<\/div>","protected":false},"excerpt":{"rendered":"<p>Tingenes internett, bedre kjent som \u201cthe Internet of Things\u201d eller kun IoT, er et prinsipp som beskriver ulike enheter og fysiske objekters evne til \u00e5 kommunisere og dele data med hverandre.<\/p>\n","protected":false},"author":5,"featured_media":2823,"parent":3414,"menu_order":0,"comment_status":"closed","ping_status":"closed","template":"","meta":{"dk_card_image_id":0,"footnotes":""},"class_list":["post-4933","page","type-page","status-publish","has-post-thumbnail","hentry"],"yoast_head":"<!-- This site is optimized with the Yoast SEO Premium plugin v20.13 (Yoast SEO v20.13) - https:\/\/yoast.com\/wordpress\/plugins\/seo\/ -->\n<title>Internet of things infrastruktur muliggj\u00f8r fjernstyring og monitorering<\/title>\n<meta name=\"description\" content=\"Internet of Things\u201d eller IoT, er et prinsipp som beskriver ulike enheter og fysiske objekters evne til \u00e5 kommunisere og dele data.\" \/>\n<meta name=\"robots\" content=\"noindex, follow, max-snippet:-1, max-image-preview:large, max-video-preview:-1\" \/>\n<meta property=\"og:locale\" content=\"en_US\" \/>\n<meta property=\"og:type\" content=\"article\" \/>\n<meta property=\"og:title\" content=\"Internet og things (IoT)\" \/>\n<meta property=\"og:description\" content=\"Internet of Things\u201d eller IoT, er et prinsipp som beskriver ulike enheter og fysiske objekters evne til \u00e5 kommunisere og dele data.\" \/>\n<meta property=\"og:url\" content=\"https:\/\/www.nlogic.no\/english\/losninger\/nettverk\/tradlost-nettverk-wlan\/internet-og-things-iot\/\" \/>\n<meta property=\"og:site_name\" content=\"nLogic - Powered by Knowledge. Driven by Trust.\" \/>\n<meta property=\"article:publisher\" content=\"https:\/\/www.facebook.com\/nLogicAS\" \/>\n<meta property=\"article:modified_time\" content=\"2023-09-25T07:32:42+00:00\" \/>\n<meta property=\"og:image\" content=\"https:\/\/www.nlogic.no\/content\/uploads\/sites\/6\/2023\/08\/nlogic-sikkerhet-soc-tjeneste.jpg\" \/>\n\t<meta property=\"og:image:width\" content=\"2048\" \/>\n\t<meta property=\"og:image:height\" content=\"1366\" \/>\n\t<meta property=\"og:image:type\" content=\"image\/jpeg\" \/>\n<meta name=\"twitter:card\" content=\"summary_large_image\" \/>\n<meta name=\"twitter:label1\" content=\"Est. reading time\" \/>\n\t<meta name=\"twitter:data1\" content=\"1 minute\" \/>\n<script type=\"application\/ld+json\" class=\"yoast-schema-graph\">{\"@context\":\"https:\/\/schema.org\",\"@graph\":[{\"@type\":\"WebPage\",\"@id\":\"https:\/\/www.nlogic.no\/english\/losninger\/nettverk\/tradlost-nettverk-wlan\/internet-og-things-iot\/\",\"url\":\"https:\/\/www.nlogic.no\/english\/losninger\/nettverk\/tradlost-nettverk-wlan\/internet-og-things-iot\/\",\"name\":\"Internet of things infrastruktur muliggj\u00f8r fjernstyring og monitorering\",\"isPartOf\":{\"@id\":\"https:\/\/www.nlogic.no\/english\/#website\"},\"datePublished\":\"2023-09-25T04:43:24+00:00\",\"dateModified\":\"2023-09-25T07:32:42+00:00\",\"description\":\"Internet of Things\u201d eller IoT, er et prinsipp som beskriver ulike enheter og fysiske objekters evne til \u00e5 kommunisere og dele data.\",\"breadcrumb\":{\"@id\":\"https:\/\/www.nlogic.no\/english\/losninger\/nettverk\/tradlost-nettverk-wlan\/internet-og-things-iot\/#breadcrumb\"},\"inLanguage\":\"en-US\",\"potentialAction\":[{\"@type\":\"ReadAction\",\"target\":[\"https:\/\/www.nlogic.no\/english\/losninger\/nettverk\/tradlost-nettverk-wlan\/internet-og-things-iot\/\"]}]},{\"@type\":\"BreadcrumbList\",\"@id\":\"https:\/\/www.nlogic.no\/english\/losninger\/nettverk\/tradlost-nettverk-wlan\/internet-og-things-iot\/#breadcrumb\",\"itemListElement\":[{\"@type\":\"ListItem\",\"position\":1,\"name\":\"L\u00f8sninger\",\"item\":\"https:\/\/www.nlogic.no\/english\/losninger\/\"},{\"@type\":\"ListItem\",\"position\":2,\"name\":\"Nettverk\",\"item\":\"https:\/\/www.nlogic.no\/english\/losninger\/nettverk\/\"},{\"@type\":\"ListItem\",\"position\":3,\"name\":\"Tr\u00e5dl\u00f8st nettverk (WLAN)\",\"item\":\"https:\/\/www.nlogic.no\/english\/losninger\/nettverk\/tradlost-nettverk-wlan\/\"},{\"@type\":\"ListItem\",\"position\":4,\"name\":\"Internet og things (IoT)\"}]},{\"@type\":\"WebSite\",\"@id\":\"https:\/\/www.nlogic.no\/english\/#website\",\"url\":\"https:\/\/www.nlogic.no\/english\/\",\"name\":\"nLogic - Powered by Knowledge. Driven by Trust.\",\"description\":\"\",\"publisher\":{\"@id\":\"https:\/\/www.nlogic.no\/english\/#organization\"},\"potentialAction\":[{\"@type\":\"SearchAction\",\"target\":{\"@type\":\"EntryPoint\",\"urlTemplate\":\"https:\/\/www.nlogic.no\/english\/?s={search_term_string}\"},\"query-input\":\"required name=search_term_string\"}],\"inLanguage\":\"en-US\"},{\"@type\":\"Organization\",\"@id\":\"https:\/\/www.nlogic.no\/english\/#organization\",\"name\":\"nLogic - Powered by Knowledge. Driven by Trust.\",\"url\":\"https:\/\/www.nlogic.no\/english\/\",\"logo\":{\"@type\":\"ImageObject\",\"inLanguage\":\"en-US\",\"@id\":\"https:\/\/www.nlogic.no\/english\/#\/schema\/logo\/image\/\",\"url\":\"https:\/\/www.nlogic.no\/content\/uploads\/sites\/6\/2023\/09\/nlogic-logo-1.svg\",\"contentUrl\":\"https:\/\/www.nlogic.no\/content\/uploads\/sites\/6\/2023\/09\/nlogic-logo-1.svg\",\"caption\":\"nLogic - Powered by Knowledge. Driven by Trust.\"},\"image\":{\"@id\":\"https:\/\/www.nlogic.no\/english\/#\/schema\/logo\/image\/\"},\"sameAs\":[\"https:\/\/www.facebook.com\/nLogicAS\",\"https:\/\/www.linkedin.com\/company\/nlogic-as\/\"]}]}<\/script>\n<!-- \/ Yoast SEO Premium plugin. -->","yoast_head_json":{"title":"Internet of things infrastruktur muliggj\u00f8r fjernstyring og monitorering","description":"Internet of Things\u201d eller IoT, er et prinsipp som beskriver ulike enheter og fysiske objekters evne til \u00e5 kommunisere og dele data.","robots":{"index":"noindex","follow":"follow","max-snippet":"max-snippet:-1","max-image-preview":"max-image-preview:large","max-video-preview":"max-video-preview:-1"},"og_locale":"en_US","og_type":"article","og_title":"Internet og things (IoT)","og_description":"Internet of Things\u201d eller IoT, er et prinsipp som beskriver ulike enheter og fysiske objekters evne til \u00e5 kommunisere og dele data.","og_url":"https:\/\/www.nlogic.no\/english\/losninger\/nettverk\/tradlost-nettverk-wlan\/internet-og-things-iot\/","og_site_name":"nLogic - Powered by Knowledge. Driven by Trust.","article_publisher":"https:\/\/www.facebook.com\/nLogicAS","article_modified_time":"2023-09-25T07:32:42+00:00","og_image":[{"width":2048,"height":1366,"url":"https:\/\/www.nlogic.no\/content\/uploads\/sites\/6\/2023\/08\/nlogic-sikkerhet-soc-tjeneste.jpg","type":"image\/jpeg"}],"twitter_card":"summary_large_image","twitter_misc":{"Est. reading time":"1 minute"},"schema":{"@context":"https:\/\/schema.org","@graph":[{"@type":"WebPage","@id":"https:\/\/www.nlogic.no\/english\/losninger\/nettverk\/tradlost-nettverk-wlan\/internet-og-things-iot\/","url":"https:\/\/www.nlogic.no\/english\/losninger\/nettverk\/tradlost-nettverk-wlan\/internet-og-things-iot\/","name":"Internet of things infrastruktur muliggj\u00f8r fjernstyring og monitorering","isPartOf":{"@id":"https:\/\/www.nlogic.no\/english\/#website"},"datePublished":"2023-09-25T04:43:24+00:00","dateModified":"2023-09-25T07:32:42+00:00","description":"Internet of Things\u201d eller IoT, er et prinsipp som beskriver ulike enheter og fysiske objekters evne til \u00e5 kommunisere og dele data.","breadcrumb":{"@id":"https:\/\/www.nlogic.no\/english\/losninger\/nettverk\/tradlost-nettverk-wlan\/internet-og-things-iot\/#breadcrumb"},"inLanguage":"en-US","potentialAction":[{"@type":"ReadAction","target":["https:\/\/www.nlogic.no\/english\/losninger\/nettverk\/tradlost-nettverk-wlan\/internet-og-things-iot\/"]}]},{"@type":"BreadcrumbList","@id":"https:\/\/www.nlogic.no\/english\/losninger\/nettverk\/tradlost-nettverk-wlan\/internet-og-things-iot\/#breadcrumb","itemListElement":[{"@type":"ListItem","position":1,"name":"L\u00f8sninger","item":"https:\/\/www.nlogic.no\/english\/losninger\/"},{"@type":"ListItem","position":2,"name":"Nettverk","item":"https:\/\/www.nlogic.no\/english\/losninger\/nettverk\/"},{"@type":"ListItem","position":3,"name":"Tr\u00e5dl\u00f8st nettverk (WLAN)","item":"https:\/\/www.nlogic.no\/english\/losninger\/nettverk\/tradlost-nettverk-wlan\/"},{"@type":"ListItem","position":4,"name":"Internet og things (IoT)"}]},{"@type":"WebSite","@id":"https:\/\/www.nlogic.no\/english\/#website","url":"https:\/\/www.nlogic.no\/english\/","name":"nLogic - Powered by Knowledge. Driven by Trust.","description":"","publisher":{"@id":"https:\/\/www.nlogic.no\/english\/#organization"},"potentialAction":[{"@type":"SearchAction","target":{"@type":"EntryPoint","urlTemplate":"https:\/\/www.nlogic.no\/english\/?s={search_term_string}"},"query-input":"required name=search_term_string"}],"inLanguage":"en-US"},{"@type":"Organization","@id":"https:\/\/www.nlogic.no\/english\/#organization","name":"nLogic - Powered by Knowledge. Driven by Trust.","url":"https:\/\/www.nlogic.no\/english\/","logo":{"@type":"ImageObject","inLanguage":"en-US","@id":"https:\/\/www.nlogic.no\/english\/#\/schema\/logo\/image\/","url":"https:\/\/www.nlogic.no\/content\/uploads\/sites\/6\/2023\/09\/nlogic-logo-1.svg","contentUrl":"https:\/\/www.nlogic.no\/content\/uploads\/sites\/6\/2023\/09\/nlogic-logo-1.svg","caption":"nLogic - Powered by Knowledge. Driven by Trust."},"image":{"@id":"https:\/\/www.nlogic.no\/english\/#\/schema\/logo\/image\/"},"sameAs":["https:\/\/www.facebook.com\/nLogicAS","https:\/\/www.linkedin.com\/company\/nlogic-as\/"]}]}},"_links":{"self":[{"href":"https:\/\/www.nlogic.no\/english\/wp-json\/wp\/v2\/pages\/4933","targetHints":{"allow":["GET"]}}],"collection":[{"href":"https:\/\/www.nlogic.no\/english\/wp-json\/wp\/v2\/pages"}],"about":[{"href":"https:\/\/www.nlogic.no\/english\/wp-json\/wp\/v2\/types\/page"}],"author":[{"embeddable":true,"href":"https:\/\/www.nlogic.no\/english\/wp-json\/wp\/v2\/users\/5"}],"replies":[{"embeddable":true,"href":"https:\/\/www.nlogic.no\/english\/wp-json\/wp\/v2\/comments?post=4933"}],"version-history":[{"count":1,"href":"https:\/\/www.nlogic.no\/english\/wp-json\/wp\/v2\/pages\/4933\/revisions"}],"predecessor-version":[{"id":4938,"href":"https:\/\/www.nlogic.no\/english\/wp-json\/wp\/v2\/pages\/4933\/revisions\/4938"}],"up":[{"embeddable":true,"href":"https:\/\/www.nlogic.no\/english\/wp-json\/wp\/v2\/pages\/3414"}],"wp:featuredmedia":[{"embeddable":true,"href":"https:\/\/www.nlogic.no\/english\/wp-json\/wp\/v2\/media\/2823"}],"wp:attachment":[{"href":"https:\/\/www.nlogic.no\/english\/wp-json\/wp\/v2\/media?parent=4933"}],"curies":[{"name":"wp","href":"https:\/\/api.w.org\/{rel}","templated":true}]}}