{"id":4577,"date":"2023-09-19T14:36:02","date_gmt":"2023-09-19T12:36:02","guid":{"rendered":"https:\/\/www.nlogic.no\/?page_id=4577"},"modified":"2024-01-27T13:08:03","modified_gmt":"2024-01-27T12:08:03","slug":"eierforhold","status":"publish","type":"page","link":"https:\/\/www.nlogic.no\/english\/om-oss\/eierforhold\/","title":{"rendered":"Eierforhold"},"content":{"rendered":"<div class=\"nlogic-hero alignfull with-excerpt wp-block-nlogic-hero\">\n\t\t\t<div class=\"hero-content container\">\n\t\t\t\t\n\t\t\t\t<h1>Eierforhold<\/h1>\n\t\t\t\t<div class=\"excerpt\"><p>nLogic AS er et privat- og norskeid aksjeselskap med fokus p\u00e5 \u00e5 levere datasenter- sikkerhets- og nettverksl\u00f8sninger for operat\u00f8rer, innholdsleverand\u00f8rer og st\u00f8rre bedrifter. Selskapet er 100% eid av de ansatte<\/p>\n<\/div>\n\t\t\t\t\n\t\t\t\t\n\t\t\t<\/div>\n\t\t<\/div>\n\n<div class=\"nlogic-section alignfull layout-1-column content-align-top is-style-transparent wp-block-nlogic-section\">\n\t\t\t<div class=\"content-columns container\">\n\t\t\t\t\n\t\t\t\t\n<div class=\"nlogic-section-content wp-block-nlogic-section-content\">\n\n<h2 class=\"wp-block-heading\" id=\"styret\">Styret <\/h2>\n\n\n<ul class=\"t2-link-list has-auto-columns alignwide wp-block-t2-link-list\">\n\t<li class=\"t2-link-list-item wp-block-t2-link-list-item\">\n\t\t<a\n\t\t\thref=\"\"\n\t\t\tclass=\"t2-link-list-item__link t2-link-list__icon--inline-left\"\n\t\t\taria-describedby=\"link-list-item\"\t\t>\n\t\t\t\t\t\t<div class=\"t2-link-list-item__content\">\n\t\t\t\t<span class=\"t2-link-list-item__text\">\n\t\t\t\t\t<span class=\"t2-link-list-item__icon\"><span class=\"t2-link-list-item__icon-box\"><\/span><svg xmlns=\"http:\/\/www.w3.org\/2000\/svg\" viewBox=\"0 0 34 21\" height=\"24\" width=\"24\" class=\"t2-icon\" aria-hidden=\"true\" focusable=\"false\"><clipPath id=\"a\"><path d=\"m0 0h34v21h-34z\"\/><\/clipPath><g clip-path=\"url(#a)\"><path clip-rule=\"evenodd\" d=\"m28.5456 9.09456-6.3061-6.27616 1.9147-1.923869 9.6029 9.557169-9.6029 9.5572-1.9147-1.9239 6.3061-6.2762h-28.379096v-2.71424z\" fill=\"#e03135\" fill-rule=\"evenodd\"\/><\/g><\/svg><\/span>Arne Gi\u00e6ver\t\t\t\t<\/span>\n\t\t\t\t<span id=\"link-list-item\" class=\"t2-link-list-item__description\">Styreleder<\/span>\t\t\t<\/div>\n\t\t<\/a>\n\t<\/li>\n\t\n\n\t<li class=\"t2-link-list-item wp-block-t2-link-list-item\">\n\t\t<a\n\t\t\thref=\"\"\n\t\t\tclass=\"t2-link-list-item__link t2-link-list__icon--inline-left\"\n\t\t\taria-describedby=\"link-list-item-1\"\t\t>\n\t\t\t\t\t\t<div class=\"t2-link-list-item__content\">\n\t\t\t\t<span class=\"t2-link-list-item__text\">\n\t\t\t\t\t<span class=\"t2-link-list-item__icon\"><span class=\"t2-link-list-item__icon-box\"><\/span><svg xmlns=\"http:\/\/www.w3.org\/2000\/svg\" viewBox=\"0 0 34 21\" height=\"24\" width=\"24\" class=\"t2-icon\" aria-hidden=\"true\" focusable=\"false\"><clipPath id=\"a\"><path d=\"m0 0h34v21h-34z\"\/><\/clipPath><g clip-path=\"url(#a)\"><path clip-rule=\"evenodd\" d=\"m28.5456 9.09456-6.3061-6.27616 1.9147-1.923869 9.6029 9.557169-9.6029 9.5572-1.9147-1.9239 6.3061-6.2762h-28.379096v-2.71424z\" fill=\"#e03135\" fill-rule=\"evenodd\"\/><\/g><\/svg><\/span>Erlend Bonesvoll\t\t\t\t<\/span>\n\t\t\t\t<span id=\"link-list-item-1\" class=\"t2-link-list-item__description\">Styremedlem<\/span>\t\t\t<\/div>\n\t\t<\/a>\n\t<\/li>\n\t\n\n\t<li class=\"t2-link-list-item wp-block-t2-link-list-item\">\n\t\t<a\n\t\t\thref=\"\"\n\t\t\tclass=\"t2-link-list-item__link t2-link-list__icon--inline-left\"\n\t\t\taria-describedby=\"link-list-item-2\"\t\t>\n\t\t\t\t\t\t<div class=\"t2-link-list-item__content\">\n\t\t\t\t<span class=\"t2-link-list-item__text\">\n\t\t\t\t\t<span class=\"t2-link-list-item__icon\"><span class=\"t2-link-list-item__icon-box\"><\/span><svg xmlns=\"http:\/\/www.w3.org\/2000\/svg\" viewBox=\"0 0 34 21\" height=\"24\" width=\"24\" class=\"t2-icon\" aria-hidden=\"true\" focusable=\"false\"><clipPath id=\"a\"><path d=\"m0 0h34v21h-34z\"\/><\/clipPath><g clip-path=\"url(#a)\"><path clip-rule=\"evenodd\" d=\"m28.5456 9.09456-6.3061-6.27616 1.9147-1.923869 9.6029 9.557169-9.6029 9.5572-1.9147-1.9239 6.3061-6.2762h-28.379096v-2.71424z\" fill=\"#e03135\" fill-rule=\"evenodd\"\/><\/g><\/svg><\/span>Marcus Wahlberg\t\t\t\t<\/span>\n\t\t\t\t<span id=\"link-list-item-2\" class=\"t2-link-list-item__description\">Styremedlem<\/span>\t\t\t<\/div>\n\t\t<\/a>\n\t<\/li>\n\t\n<\/ul>\n<\/div>\n\n\t\t\t\t\n\t\t\t<\/div>\n\t\t<\/div>","protected":false},"excerpt":{"rendered":"<p>nLogic AS er et privat- og norskeid aksjeselskap med fokus p\u00e5 \u00e5 levere datasenter- sikkerhets- og nettverksl\u00f8sninger for operat\u00f8rer, innholdsleverand\u00f8rer og st\u00f8rre bedrifter. Selskapet er 100% eid av de ansatte<\/p>\n","protected":false},"author":5,"featured_media":2884,"parent":2569,"menu_order":0,"comment_status":"closed","ping_status":"closed","template":"","meta":{"dk_card_image_id":0,"footnotes":""},"class_list":["post-4577","page","type-page","status-publish","has-post-thumbnail","hentry"],"yoast_head":"<!-- This site is optimized with the Yoast SEO Premium plugin v20.13 (Yoast SEO v20.13) - https:\/\/yoast.com\/wordpress\/plugins\/seo\/ -->\n<title>Eierforhold - Om oss - nLogic<\/title>\n<meta name=\"description\" content=\"nLogic AS er et privat- og norskeid aksjeselskap med fokus p\u00e5 \u00e5 levere datasenter- sikkerhets- og nettverksl\u00f8sninger for operat\u00f8rer,\" \/>\n<meta name=\"robots\" content=\"noindex, follow, max-snippet:-1, max-image-preview:large, max-video-preview:-1\" \/>\n<meta property=\"og:locale\" content=\"en_US\" \/>\n<meta property=\"og:type\" content=\"article\" \/>\n<meta property=\"og:title\" content=\"Eierforhold\" \/>\n<meta property=\"og:description\" content=\"nLogic AS er et privat- og norskeid aksjeselskap med fokus p\u00e5 \u00e5 levere datasenter- sikkerhets- og nettverksl\u00f8sninger for operat\u00f8rer,\" \/>\n<meta property=\"og:url\" content=\"https:\/\/www.nlogic.no\/english\/om-oss\/eierforhold\/\" \/>\n<meta property=\"og:site_name\" content=\"nLogic - Powered by Knowledge. Driven by Trust.\" \/>\n<meta property=\"article:publisher\" content=\"https:\/\/www.facebook.com\/nLogicAS\" \/>\n<meta property=\"article:modified_time\" content=\"2024-01-27T12:08:03+00:00\" \/>\n<meta property=\"og:image\" content=\"https:\/\/www.nlogic.no\/content\/uploads\/sites\/6\/2023\/08\/nlogic-sikkerhet-backup-recovery.jpg\" \/>\n\t<meta property=\"og:image:width\" content=\"2048\" \/>\n\t<meta property=\"og:image:height\" content=\"1366\" \/>\n\t<meta property=\"og:image:type\" content=\"image\/jpeg\" \/>\n<meta name=\"twitter:card\" content=\"summary_large_image\" \/>\n<meta name=\"twitter:label1\" content=\"Est. reading time\" \/>\n\t<meta name=\"twitter:data1\" content=\"1 minute\" \/>\n<script type=\"application\/ld+json\" class=\"yoast-schema-graph\">{\"@context\":\"https:\/\/schema.org\",\"@graph\":[{\"@type\":\"WebPage\",\"@id\":\"https:\/\/www.nlogic.no\/english\/om-oss\/eierforhold\/\",\"url\":\"https:\/\/www.nlogic.no\/english\/om-oss\/eierforhold\/\",\"name\":\"Eierforhold - Om oss - nLogic\",\"isPartOf\":{\"@id\":\"https:\/\/www.nlogic.no\/english\/#website\"},\"datePublished\":\"2023-09-19T12:36:02+00:00\",\"dateModified\":\"2024-01-27T12:08:03+00:00\",\"description\":\"nLogic AS er et privat- og norskeid aksjeselskap med fokus p\u00e5 \u00e5 levere datasenter- sikkerhets- og nettverksl\u00f8sninger for operat\u00f8rer,\",\"breadcrumb\":{\"@id\":\"https:\/\/www.nlogic.no\/english\/om-oss\/eierforhold\/#breadcrumb\"},\"inLanguage\":\"en-US\",\"potentialAction\":[{\"@type\":\"ReadAction\",\"target\":[\"https:\/\/www.nlogic.no\/english\/om-oss\/eierforhold\/\"]}]},{\"@type\":\"BreadcrumbList\",\"@id\":\"https:\/\/www.nlogic.no\/english\/om-oss\/eierforhold\/#breadcrumb\",\"itemListElement\":[{\"@type\":\"ListItem\",\"position\":1,\"name\":\"Om oss\",\"item\":\"https:\/\/www.nlogic.no\/english\/om-oss\/\"},{\"@type\":\"ListItem\",\"position\":2,\"name\":\"Eierforhold\"}]},{\"@type\":\"WebSite\",\"@id\":\"https:\/\/www.nlogic.no\/english\/#website\",\"url\":\"https:\/\/www.nlogic.no\/english\/\",\"name\":\"nLogic - Powered by Knowledge. Driven by Trust.\",\"description\":\"\",\"publisher\":{\"@id\":\"https:\/\/www.nlogic.no\/english\/#organization\"},\"potentialAction\":[{\"@type\":\"SearchAction\",\"target\":{\"@type\":\"EntryPoint\",\"urlTemplate\":\"https:\/\/www.nlogic.no\/english\/?s={search_term_string}\"},\"query-input\":\"required name=search_term_string\"}],\"inLanguage\":\"en-US\"},{\"@type\":\"Organization\",\"@id\":\"https:\/\/www.nlogic.no\/english\/#organization\",\"name\":\"nLogic - Powered by Knowledge. Driven by Trust.\",\"url\":\"https:\/\/www.nlogic.no\/english\/\",\"logo\":{\"@type\":\"ImageObject\",\"inLanguage\":\"en-US\",\"@id\":\"https:\/\/www.nlogic.no\/english\/#\/schema\/logo\/image\/\",\"url\":\"https:\/\/www.nlogic.no\/content\/uploads\/sites\/6\/2023\/09\/nlogic-logo-1.svg\",\"contentUrl\":\"https:\/\/www.nlogic.no\/content\/uploads\/sites\/6\/2023\/09\/nlogic-logo-1.svg\",\"caption\":\"nLogic - Powered by Knowledge. Driven by Trust.\"},\"image\":{\"@id\":\"https:\/\/www.nlogic.no\/english\/#\/schema\/logo\/image\/\"},\"sameAs\":[\"https:\/\/www.facebook.com\/nLogicAS\",\"https:\/\/www.linkedin.com\/company\/nlogic-as\/\"]}]}<\/script>\n<!-- \/ Yoast SEO Premium plugin. -->","yoast_head_json":{"title":"Eierforhold - Om oss - nLogic","description":"nLogic AS er et privat- og norskeid aksjeselskap med fokus p\u00e5 \u00e5 levere datasenter- sikkerhets- og nettverksl\u00f8sninger for operat\u00f8rer,","robots":{"index":"noindex","follow":"follow","max-snippet":"max-snippet:-1","max-image-preview":"max-image-preview:large","max-video-preview":"max-video-preview:-1"},"og_locale":"en_US","og_type":"article","og_title":"Eierforhold","og_description":"nLogic AS er et privat- og norskeid aksjeselskap med fokus p\u00e5 \u00e5 levere datasenter- sikkerhets- og nettverksl\u00f8sninger for operat\u00f8rer,","og_url":"https:\/\/www.nlogic.no\/english\/om-oss\/eierforhold\/","og_site_name":"nLogic - Powered by Knowledge. Driven by Trust.","article_publisher":"https:\/\/www.facebook.com\/nLogicAS","article_modified_time":"2024-01-27T12:08:03+00:00","og_image":[{"width":2048,"height":1366,"url":"https:\/\/www.nlogic.no\/content\/uploads\/sites\/6\/2023\/08\/nlogic-sikkerhet-backup-recovery.jpg","type":"image\/jpeg"}],"twitter_card":"summary_large_image","twitter_misc":{"Est. reading time":"1 minute"},"schema":{"@context":"https:\/\/schema.org","@graph":[{"@type":"WebPage","@id":"https:\/\/www.nlogic.no\/english\/om-oss\/eierforhold\/","url":"https:\/\/www.nlogic.no\/english\/om-oss\/eierforhold\/","name":"Eierforhold - Om oss - nLogic","isPartOf":{"@id":"https:\/\/www.nlogic.no\/english\/#website"},"datePublished":"2023-09-19T12:36:02+00:00","dateModified":"2024-01-27T12:08:03+00:00","description":"nLogic AS er et privat- og norskeid aksjeselskap med fokus p\u00e5 \u00e5 levere datasenter- sikkerhets- og nettverksl\u00f8sninger for operat\u00f8rer,","breadcrumb":{"@id":"https:\/\/www.nlogic.no\/english\/om-oss\/eierforhold\/#breadcrumb"},"inLanguage":"en-US","potentialAction":[{"@type":"ReadAction","target":["https:\/\/www.nlogic.no\/english\/om-oss\/eierforhold\/"]}]},{"@type":"BreadcrumbList","@id":"https:\/\/www.nlogic.no\/english\/om-oss\/eierforhold\/#breadcrumb","itemListElement":[{"@type":"ListItem","position":1,"name":"Om oss","item":"https:\/\/www.nlogic.no\/english\/om-oss\/"},{"@type":"ListItem","position":2,"name":"Eierforhold"}]},{"@type":"WebSite","@id":"https:\/\/www.nlogic.no\/english\/#website","url":"https:\/\/www.nlogic.no\/english\/","name":"nLogic - Powered by Knowledge. Driven by Trust.","description":"","publisher":{"@id":"https:\/\/www.nlogic.no\/english\/#organization"},"potentialAction":[{"@type":"SearchAction","target":{"@type":"EntryPoint","urlTemplate":"https:\/\/www.nlogic.no\/english\/?s={search_term_string}"},"query-input":"required name=search_term_string"}],"inLanguage":"en-US"},{"@type":"Organization","@id":"https:\/\/www.nlogic.no\/english\/#organization","name":"nLogic - Powered by Knowledge. Driven by Trust.","url":"https:\/\/www.nlogic.no\/english\/","logo":{"@type":"ImageObject","inLanguage":"en-US","@id":"https:\/\/www.nlogic.no\/english\/#\/schema\/logo\/image\/","url":"https:\/\/www.nlogic.no\/content\/uploads\/sites\/6\/2023\/09\/nlogic-logo-1.svg","contentUrl":"https:\/\/www.nlogic.no\/content\/uploads\/sites\/6\/2023\/09\/nlogic-logo-1.svg","caption":"nLogic - Powered by Knowledge. Driven by Trust."},"image":{"@id":"https:\/\/www.nlogic.no\/english\/#\/schema\/logo\/image\/"},"sameAs":["https:\/\/www.facebook.com\/nLogicAS","https:\/\/www.linkedin.com\/company\/nlogic-as\/"]}]}},"_links":{"self":[{"href":"https:\/\/www.nlogic.no\/english\/wp-json\/wp\/v2\/pages\/4577","targetHints":{"allow":["GET"]}}],"collection":[{"href":"https:\/\/www.nlogic.no\/english\/wp-json\/wp\/v2\/pages"}],"about":[{"href":"https:\/\/www.nlogic.no\/english\/wp-json\/wp\/v2\/types\/page"}],"author":[{"embeddable":true,"href":"https:\/\/www.nlogic.no\/english\/wp-json\/wp\/v2\/users\/5"}],"replies":[{"embeddable":true,"href":"https:\/\/www.nlogic.no\/english\/wp-json\/wp\/v2\/comments?post=4577"}],"version-history":[{"count":3,"href":"https:\/\/www.nlogic.no\/english\/wp-json\/wp\/v2\/pages\/4577\/revisions"}],"predecessor-version":[{"id":5225,"href":"https:\/\/www.nlogic.no\/english\/wp-json\/wp\/v2\/pages\/4577\/revisions\/5225"}],"up":[{"embeddable":true,"href":"https:\/\/www.nlogic.no\/english\/wp-json\/wp\/v2\/pages\/2569"}],"wp:featuredmedia":[{"embeddable":true,"href":"https:\/\/www.nlogic.no\/english\/wp-json\/wp\/v2\/media\/2884"}],"wp:attachment":[{"href":"https:\/\/www.nlogic.no\/english\/wp-json\/wp\/v2\/media?parent=4577"}],"curies":[{"name":"wp","href":"https:\/\/api.w.org\/{rel}","templated":true}]}}