{"id":3829,"date":"2023-09-11T12:22:17","date_gmt":"2023-09-11T10:22:17","guid":{"rendered":"https:\/\/www.nlogic.no\/?page_id=3829"},"modified":"2023-09-26T13:47:42","modified_gmt":"2023-09-26T11:47:42","slug":"armis","status":"publish","type":"page","link":"https:\/\/www.nlogic.no\/english\/nettverksteknologi\/armis\/","title":{"rendered":"Armis"},"content":{"rendered":"<div class=\"nlogic-hero alignfull with-excerpt wp-block-nlogic-hero\">\n\t\t\t<div class=\"hero-content container\">\n\t\t\t\t\n\t\t\t\t<h1>Armis<\/h1>\n\t\t\t\t<div class=\"excerpt\"><p><strong>Fremtidsrettet asset management for nettverkssikkerhet<\/strong><\/p>\n<\/div>\n\t\t\t\t\n\t\t\t\t\n\t\t\t<\/div>\n\t\t<\/div>\n\n<div class=\"nlogic-section alignfull layout-1-column content-align-top is-style-transparent wp-block-nlogic-section\">\n\t\t\t<div class=\"content-columns container\">\n\t\t\t\t\n\t\t\t\t\n<div class=\"nlogic-section-content wp-block-nlogic-section-content\">\n\n<div class=\"wp-block-columns is-layout-flex wp-container-core-columns-is-layout-1 wp-block-columns-is-layout-flex\">\n<div class=\"wp-block-column is-layout-flow wp-block-column-is-layout-flow\" style=\"flex-basis:33.33%\">\n<h2 class=\"wp-block-heading\" id=\"armis-og-asset-management\">Armis og asset management<\/h2>\n<\/div>\n\n\n\n<div class=\"wp-block-column is-layout-flow wp-block-column-is-layout-flow\" style=\"flex-basis:66.66%\">\n<p>Armis er en ledende akt\u00f8r innen nettverkssikkerhet, og deres spesialisering innen asset management er avgj\u00f8rende for \u00e5 sikre at organisasjoner har full oversikt over alle enheter som er tilkoblet deres nettverk.<\/p>\n<\/div>\n<\/div>\n\n<\/div>\n\n\t\t\t\t\n\t\t\t<\/div>\n\t\t<\/div>\n\n<div class=\"nlogic-section alignfull layout-1-column content-align-top is-style-transparent wp-block-nlogic-section\">\n\t\t\t<div class=\"content-columns container\">\n\t\t\t\t\n\t\t\t\t\n<div class=\"nlogic-section-content wp-block-nlogic-section-content\">\n\n<div class=\"wp-block-columns is-layout-flex wp-container-core-columns-is-layout-2 wp-block-columns-is-layout-flex\">\n<div class=\"wp-block-column is-layout-flow wp-block-column-is-layout-flow\" style=\"flex-basis:33.33%\">\n<h2 class=\"wp-block-heading\" id=\"sporing-og-kontroll-av-endepunkter\">Sporing og kontroll av endepunkter<\/h2>\n<\/div>\n\n\n\n<div class=\"wp-block-column is-layout-flow wp-block-column-is-layout-flow\" style=\"flex-basis:66.66%\">\n<p>Armis&#8217; asset management-l\u00f8sning gir organisasjoner muligheten til \u00e5 identifisere, spore og administrere alle tilkoblede enheter i sanntid. Dette inkluderer alt fra tradisjonelle arbeidsstasjoner og servere til IoT-enheter og BYOD-enheter som kan utgj\u00f8re potensielle sikkerhetsrisikoer.<\/p>\n<\/div>\n<\/div>\n\n<\/div>\n\n\t\t\t\t\n\t\t\t<\/div>\n\t\t<\/div>\n\n<div class=\"nlogic-section alignfull layout-1-column with-pattern-wheels content-align-top is-style-light wp-block-nlogic-section\">\n\t\t\t<div class=\"content-columns container\">\n\t\t\t\t<svg width=\"818\" height=\"1654\" viewBox=\"0 0 818 1654\" fill=\"none\" xmlns=\"http:\/\/www.w3.org\/2000\/svg\">\n<g opacity=\"0.5\">\n<path d=\"M291.843 1156.46L384.155 994.195L568.778 994.195\" stroke=\"#111111\" stroke-width=\"0.505025\" stroke-dasharray=\"6.06 6.06\"\/>\n<path d=\"M291.27 831.359L384.155 994.195L568.778 994.195\" stroke=\"#111111\" stroke-width=\"0.505025\" stroke-dasharray=\"6.06 6.06\"\/>\n<path d=\"M569.136 1002.88L483.589 1151.05C480.488 1156.42 474.757 1159.73 468.555 1159.73L297.461 1159.73C291.259 1159.73 285.527 1156.42 282.426 1151.05L196.879 1002.88C193.778 997.504 193.778 990.886 196.879 985.515L282.426 837.343C285.527 831.972 291.259 828.663 297.461 828.663L468.555 828.663C474.757 828.663 480.488 831.972 483.589 837.343L569.136 985.515C572.237 990.886 572.237 997.504 569.136 1002.88Z\" stroke=\"#111111\" stroke-width=\"0.630441\"\/>\n<path d=\"M476.466 1156.31L383.322 996.557C382.417 995.005 380.756 994.05 378.959 994.05L196.09 994.05\" stroke=\"#111111\" stroke-width=\"0.630441\"\/>\n<path d=\"M475.606 831.215L381.861 994.196\" stroke=\"#111111\" stroke-width=\"0.630441\"\/>\n<path d=\"M488.338 1484.02L580.65 1321.76L765.273 1321.76\" stroke=\"#111111\" stroke-width=\"0.5\" stroke-dasharray=\"6.06 6.06\"\/>\n<path d=\"M487.767 1158.93L580.652 1321.76L765.275 1321.76\" stroke=\"#111111\" stroke-width=\"0.5\" stroke-dasharray=\"6.06 6.06\"\/>\n<path d=\"M765.687 1330.48L680.14 1478.65C677.027 1484.04 671.274 1487.36 665.049 1487.36L493.955 1487.36C487.729 1487.36 481.977 1484.04 478.864 1478.65L393.317 1330.48C390.204 1325.09 390.204 1318.44 393.317 1313.05L478.864 1164.88C481.977 1159.49 487.729 1156.17 493.955 1156.17L665.049 1156.17C671.274 1156.17 677.027 1159.49 680.14 1164.88L765.687 1313.05C768.8 1318.44 768.8 1325.09 765.687 1330.48Z\" stroke=\"#111111\" stroke-width=\"0.5\"\/>\n<path d=\"M672.957 1483.88L579.813 1324.12C578.908 1322.57 577.247 1321.61 575.45 1321.61L392.582 1321.61\" stroke=\"#111111\" stroke-width=\"0.5\"\/>\n<path d=\"M672.109 1158.78L578.364 1321.76\" stroke=\"#111111\" stroke-width=\"0.5\"\/>\n<path d=\"M675.005 1487.47L584.356 1644.48C581.198 1649.95 575.363 1653.32 569.048 1653.32L397.954 1653.32C391.639 1653.32 385.804 1649.95 382.646 1644.48L297.1 1496.31C293.942 1490.84 293.942 1484.1 297.1 1478.63L387.749 1321.62\" stroke=\"#111111\" stroke-width=\"0.5\"\/>\n<path d=\"M475.694 166.057L387.658 10.1758C384.523 4.62496 378.642 1.19223 372.267 1.19223L206.681 1.19222C200.306 1.19222 194.425 4.62495 191.29 10.1758L108.163 157.365C105.116 162.759 105.116 169.355 108.163 174.749L196.364 330.922\" stroke=\"#111111\" stroke-width=\"0.5\"\/>\n<path d=\"M500.462 1155.73L665.358 1155.73C671.616 1155.73 677.407 1152.42 680.585 1147.03L765.917 1002.27C769.183 996.735 769.183 989.86 765.917 984.321L680.585 839.567C677.407 834.176 671.616 830.867 665.358 830.867L483.953 830.867\" stroke=\"#111111\" stroke-width=\"0.5\"\/>\n<path d=\"M100.339 824.477L192.651 662.214L377.274 662.214\" stroke=\"#111111\" stroke-width=\"0.5\" stroke-dasharray=\"6.06 6.06\"\/>\n<path d=\"M99.7656 499.379L192.651 662.215L377.274 662.215\" stroke=\"#111111\" stroke-width=\"0.5\" stroke-dasharray=\"6.06 6.06\"\/>\n<path d=\"M377.689 670.927L292.142 819.099C289.029 824.49 283.276 827.812 277.051 827.812L105.957 827.812C99.7314 827.812 93.9787 824.49 90.8658 819.099L5.31905 670.927C2.20623 665.536 2.20623 658.893 5.31905 653.501L90.8658 505.33C93.9787 499.939 99.7314 496.617 105.957 496.617L277.051 496.617C283.276 496.617 289.029 499.939 292.142 505.33L377.689 653.501C380.802 658.893 380.802 665.536 377.689 670.927Z\" stroke=\"#111111\" stroke-width=\"0.5\"\/>\n<path d=\"M284.962 824.332L191.818 664.576C190.913 663.024 189.252 662.07 187.455 662.07L4.58642 662.07\" stroke=\"#111111\" stroke-width=\"0.5\"\/>\n<path d=\"M284.103 499.234L190.357 662.215\" stroke=\"#111111\" stroke-width=\"0.5\"\/>\n<path d=\"M291.843 492.5L384.155 330.238L568.778 330.238\" stroke=\"#111111\" stroke-width=\"0.505025\" stroke-dasharray=\"6.06 6.06\"\/>\n<path d=\"M291.27 167.402L384.155 330.238L568.778 330.238\" stroke=\"#111111\" stroke-width=\"0.505025\" stroke-dasharray=\"6.06 6.06\"\/>\n<path d=\"M569.136 338.918L483.589 487.09C480.488 492.461 474.757 495.77 468.555 495.77L297.461 495.77C291.259 495.77 285.527 492.461 282.426 487.089L196.879 338.918C193.778 333.547 193.778 326.929 196.879 321.558L282.426 173.386C285.527 168.015 291.259 164.706 297.461 164.706L468.555 164.706C474.757 164.706 480.488 168.015 483.589 173.386L569.136 321.558C572.237 326.929 572.237 333.547 569.136 338.918Z\" stroke=\"#111111\" stroke-width=\"0.630441\"\/>\n<path d=\"M476.466 492.355L383.322 332.6C382.417 331.048 380.756 330.093 378.959 330.093L196.09 330.093\" stroke=\"#111111\" stroke-width=\"0.630441\"\/>\n<path d=\"M475.606 167.258L381.861 330.238\" stroke=\"#111111\" stroke-width=\"0.630441\"\/>\n<\/g>\n<\/svg>\n\n\t\t\t\t\n<div class=\"nlogic-section-content wp-block-nlogic-section-content\">\n\n<h2 class=\"wp-block-heading\" id=\"viktigheten-av-asset-management\">Viktigheten av asset management<\/h2>\n\n\n<ul class=\"t2-link-list has-auto-columns alignwide wp-block-t2-link-list\">\n\t<li class=\"t2-link-list-item wp-block-t2-link-list-item\">\n\t\t<a\n\t\t\thref=\"\"\n\t\t\tclass=\"t2-link-list-item__link t2-link-list__icon--inline-left\"\n\t\t\taria-describedby=\"link-list-item\"\t\t>\n\t\t\t\t\t\t<div class=\"t2-link-list-item__content\">\n\t\t\t\t<span class=\"t2-link-list-item__text\">\n\t\t\t\t\t<span class=\"t2-link-list-item__icon\"><span class=\"t2-link-list-item__icon-box\"><\/span><svg xmlns=\"http:\/\/www.w3.org\/2000\/svg\" viewBox=\"0 0 34 21\" height=\"24\" width=\"24\" class=\"t2-icon\" aria-hidden=\"true\" focusable=\"false\"><clipPath id=\"a\"><path d=\"m0 0h34v21h-34z\"\/><\/clipPath><g clip-path=\"url(#a)\"><path clip-rule=\"evenodd\" d=\"m28.5456 9.09456-6.3061-6.27616 1.9147-1.923869 9.6029 9.557169-9.6029 9.5572-1.9147-1.9239 6.3061-6.2762h-28.379096v-2.71424z\" fill=\"#e03135\" fill-rule=\"evenodd\"\/><\/g><\/svg><\/span>Reduser risiko\t\t\t\t<\/span>\n\t\t\t\t<span id=\"link-list-item\" class=\"t2-link-list-item__description\">Med stadig flere enheter som blir tilkoblet nettverket, er det avgj\u00f8rende \u00e5 ha full oversikt over hvilke ressurser som er til stede for \u00e5 kunne identifisere og reagere p\u00e5 potensielle trusler.<\/span>\t\t\t<\/div>\n\t\t<\/a>\n\t<\/li>\n\t\n\n\t<li class=\"t2-link-list-item wp-block-t2-link-list-item\">\n\t\t<a\n\t\t\thref=\"\"\n\t\t\tclass=\"t2-link-list-item__link t2-link-list__icon--inline-left\"\n\t\t\taria-describedby=\"link-list-item-1\"\t\t>\n\t\t\t\t\t\t<div class=\"t2-link-list-item__content\">\n\t\t\t\t<span class=\"t2-link-list-item__text\">\n\t\t\t\t\t<span class=\"t2-link-list-item__icon\"><span class=\"t2-link-list-item__icon-box\"><\/span><svg xmlns=\"http:\/\/www.w3.org\/2000\/svg\" viewBox=\"0 0 34 21\" height=\"24\" width=\"24\" class=\"t2-icon\" aria-hidden=\"true\" focusable=\"false\"><clipPath id=\"a\"><path d=\"m0 0h34v21h-34z\"\/><\/clipPath><g clip-path=\"url(#a)\"><path clip-rule=\"evenodd\" d=\"m28.5456 9.09456-6.3061-6.27616 1.9147-1.923869 9.6029 9.557169-9.6029 9.5572-1.9147-1.9239 6.3061-6.2762h-28.379096v-2.71424z\" fill=\"#e03135\" fill-rule=\"evenodd\"\/><\/g><\/svg><\/span>Compliance og reguleringer\t\t\t\t<\/span>\n\t\t\t\t<span id=\"link-list-item-1\" class=\"t2-link-list-item__description\">For \u00e5 overholde regelverk og sikkerhetsstandarder, er det essensielt \u00e5 kunne dokumentere og bevise n\u00f8yaktig hvilke enheter som er p\u00e5 nettverket og hvordan de er konfigurert.<\/span>\t\t\t<\/div>\n\t\t<\/a>\n\t<\/li>\n\t\n\n\t<li class=\"t2-link-list-item wp-block-t2-link-list-item\">\n\t\t<a\n\t\t\thref=\"\"\n\t\t\tclass=\"t2-link-list-item__link t2-link-list__icon--inline-left\"\n\t\t\taria-describedby=\"link-list-item-2\"\t\t>\n\t\t\t\t\t\t<div class=\"t2-link-list-item__content\">\n\t\t\t\t<span class=\"t2-link-list-item__text\">\n\t\t\t\t\t<span class=\"t2-link-list-item__icon\"><span class=\"t2-link-list-item__icon-box\"><\/span><svg xmlns=\"http:\/\/www.w3.org\/2000\/svg\" viewBox=\"0 0 34 21\" height=\"24\" width=\"24\" class=\"t2-icon\" aria-hidden=\"true\" focusable=\"false\"><clipPath id=\"a\"><path d=\"m0 0h34v21h-34z\"\/><\/clipPath><g clip-path=\"url(#a)\"><path clip-rule=\"evenodd\" d=\"m28.5456 9.09456-6.3061-6.27616 1.9147-1.923869 9.6029 9.557169-9.6029 9.5572-1.9147-1.9239 6.3061-6.2762h-28.379096v-2.71424z\" fill=\"#e03135\" fill-rule=\"evenodd\"\/><\/g><\/svg><\/span>Optimalisert ressursbruk\t\t\t\t<\/span>\n\t\t\t\t<span id=\"link-list-item-2\" class=\"t2-link-list-item__description\">Gjennom effektiv asset management kan organisasjoner bedre forst\u00e5 og utnytte de tilgjengelige ressursene, noe som kan f\u00f8re til kostnadsbesparelser og \u00f8kt produktivitet.<\/span>\t\t\t<\/div>\n\t\t<\/a>\n\t<\/li>\n\t\n<\/ul>\n<\/div>\n\n\t\t\t\t\n\t\t\t<\/div>\n\t\t<\/div>\n\n<div class=\"nlogic-section alignfull layout-1-column content-align-top is-style-transparent wp-block-nlogic-section\">\n\t\t\t<div class=\"content-columns container\">\n\t\t\t\t\n\t\t\t\t\n<div class=\"nlogic-section-content wp-block-nlogic-section-content\">\n\n<div class=\"wp-block-columns is-layout-flex wp-container-core-columns-is-layout-3 wp-block-columns-is-layout-flex\">\n<div class=\"wp-block-column is-layout-flow wp-block-column-is-layout-flow\" style=\"flex-basis:33.33%\">\n<h2 class=\"wp-block-heading\" id=\"fordeler-med-asset-management-fra-armis-1\">Fordeler med asset management fra Armis<\/h2>\n<\/div>\n\n\n\n<div class=\"wp-block-column is-layout-flow wp-block-column-is-layout-flow\" style=\"flex-basis:66.66%\">\n<p>Armis utmerker seg ved \u00e5 tilby avanserte funksjoner som automatisert device discovery, risikovurdering og integrasjon med eksisterende sikkerhetsteknologier. Dette gj\u00f8r at organisasjoner kan ta kontroll over sin digitale infrastruktur p\u00e5 en mer effektiv og intelligent m\u00e5te.<\/p>\n\n\n\n<p>Ved \u00e5 investere i Armis, oppn\u00e5r virksomheter betydelige fordeler, inkludert \u00f8kt sikkerhet, bedre overholdelse av reguleringer og optimalisert utnyttelse av digitale ressurser.<\/p>\n<\/div>\n<\/div>\n\n<\/div>\n\n\t\t\t\t\n\t\t\t<\/div>\n\t\t<\/div>\n\n\n<div class=\"wp-block-media-text alignwide has-media-on-the-right is-stacked-on-mobile\" style=\"grid-template-columns:auto 25%\"><div class=\"wp-block-media-text__content\">\n<h2 class=\"wp-block-heading\" id=\"vart-samarbeid-med-armis\">V\u00e5rt samarbeid med Armis<\/h2>\n\n\n\n<p>V\u00e5rt partnerskap med Armis har resultert i utviklingen av skreddersydde sikkerhetstjenester som g\u00e5r utover tradisjonell nettverkssikkerhet. Ved \u00e5 integrere Armis&#8217; avanserte teknologi for asset management og risikovurdering, gir vi v\u00e5re kunder en unik mulighet til \u00e5 oppdage, overv\u00e5ke og beskytte enhetene som er tilkoblet deres nettverk i sanntid.<\/p>\n\n\n\n\t\t<div class=\"t2-selling-points has-4-blocks wp-block-t2-selling-points t2-grid\">\n\n\t\t<div class=\"t2-selling-point wp-block-t2-selling-point  t2-grid-item-col-6\">\n\t\t\t<div class=\"t2-selling-point__icon\"><svg xmlns=\"http:\/\/www.w3.org\/2000\/svg\" viewBox=\"0 0 34 34\" height=\"40\" width=\"40\" class=\"t2-icon\" aria-hidden=\"true\" focusable=\"false\"><path fill-rule=\"evenodd\" clip-rule=\"evenodd\" d=\"M34 17C34 26.3888 26.3888 34 17 34C7.61116 34 0 26.3888 0 17C0 7.61116 7.61116 0 17 0C26.3888 0 34 7.61116 34 17ZM14.5003 25.8287L27.8287 12.5003L25.0003 9.67188L14.5003 20.1719L9.5003 15.1719L6.67188 18.0003L14.5003 25.8287Z\" fill=\"#212121\" \/><\/svg><\/div><div class=\"t2-selling-point__title\"><strong><strong>Automatisert device discovery<\/strong><\/strong><\/div>\n\t\t<\/div>\n\n\n\t\t<div class=\"t2-selling-point wp-block-t2-selling-point  t2-grid-item-col-6\">\n\t\t\t<div class=\"t2-selling-point__icon\"><svg xmlns=\"http:\/\/www.w3.org\/2000\/svg\" viewBox=\"0 0 34 34\" height=\"40\" width=\"40\" class=\"t2-icon\" aria-hidden=\"true\" focusable=\"false\"><path fill-rule=\"evenodd\" clip-rule=\"evenodd\" d=\"M34 17C34 26.3888 26.3888 34 17 34C7.61116 34 0 26.3888 0 17C0 7.61116 7.61116 0 17 0C26.3888 0 34 7.61116 34 17ZM14.5003 25.8287L27.8287 12.5003L25.0003 9.67188L14.5003 20.1719L9.5003 15.1719L6.67188 18.0003L14.5003 25.8287Z\" fill=\"#212121\" \/><\/svg><\/div><div class=\"t2-selling-point__title\"><strong>Effektiv ressursbruk<\/strong><\/div>\n\t\t<\/div>\n\n\n\t\t<div class=\"t2-selling-point wp-block-t2-selling-point  t2-grid-item-col-6\">\n\t\t\t<div class=\"t2-selling-point__icon\"><svg xmlns=\"http:\/\/www.w3.org\/2000\/svg\" viewBox=\"0 0 34 34\" height=\"40\" width=\"40\" class=\"t2-icon\" aria-hidden=\"true\" focusable=\"false\"><path fill-rule=\"evenodd\" clip-rule=\"evenodd\" d=\"M34 17C34 26.3888 26.3888 34 17 34C7.61116 34 0 26.3888 0 17C0 7.61116 7.61116 0 17 0C26.3888 0 34 7.61116 34 17ZM14.5003 25.8287L27.8287 12.5003L25.0003 9.67188L14.5003 20.1719L9.5003 15.1719L6.67188 18.0003L14.5003 25.8287Z\" fill=\"#212121\" \/><\/svg><\/div><div class=\"t2-selling-point__title\"><strong>Overholdelse av reguleringer<\/strong><\/div>\n\t\t<\/div>\n\n\n\t\t<div class=\"t2-selling-point wp-block-t2-selling-point  t2-grid-item-col-6\">\n\t\t\t<div class=\"t2-selling-point__icon\"><svg xmlns=\"http:\/\/www.w3.org\/2000\/svg\" viewBox=\"0 0 34 34\" height=\"40\" width=\"40\" class=\"t2-icon\" aria-hidden=\"true\" focusable=\"false\"><path fill-rule=\"evenodd\" clip-rule=\"evenodd\" d=\"M34 17C34 26.3888 26.3888 34 17 34C7.61116 34 0 26.3888 0 17C0 7.61116 7.61116 0 17 0C26.3888 0 34 7.61116 34 17ZM14.5003 25.8287L27.8287 12.5003L25.0003 9.67188L14.5003 20.1719L9.5003 15.1719L6.67188 18.0003L14.5003 25.8287Z\" fill=\"#212121\" \/><\/svg><\/div><div class=\"t2-selling-point__title\">Forbedret sikkerhet<\/div>\n\t\t<\/div>\n<\/div><\/div><figure class=\"wp-block-media-text__media\"><img loading=\"lazy\" decoding=\"async\" width=\"1000\" height=\"400\" src=\"https:\/\/www.nlogic.no\/content\/uploads\/sites\/6\/2023\/08\/2023-nlogic-Armis-logo-black.png\" alt=\"\" class=\"wp-image-3513 size-full\" srcset=\"https:\/\/www.nlogic.no\/content\/uploads\/sites\/6\/2023\/08\/2023-nlogic-Armis-logo-black.png 1000w, https:\/\/www.nlogic.no\/content\/uploads\/sites\/6\/2023\/08\/2023-nlogic-Armis-logo-black-300x120.png 300w, https:\/\/www.nlogic.no\/content\/uploads\/sites\/6\/2023\/08\/2023-nlogic-Armis-logo-black-768x307.png 768w\" sizes=\"auto, (max-width: 1000px) 100vw, 1000px\" \/><\/figure><\/div>\n","protected":false},"excerpt":{"rendered":"<p>Fremtidsrettet asset management for nettverkssikkerhet<\/p>\n","protected":false},"author":5,"featured_media":3513,"parent":2564,"menu_order":0,"comment_status":"closed","ping_status":"closed","template":"","meta":{"dk_card_image_id":0,"footnotes":""},"class_list":["post-3829","page","type-page","status-publish","has-post-thumbnail","hentry"],"yoast_head":"<!-- This site is optimized with the Yoast SEO Premium plugin v20.13 (Yoast SEO v20.13) - https:\/\/yoast.com\/wordpress\/plugins\/seo\/ -->\n<title>Armis, asset management for nettverkssikkerhet<\/title>\n<meta name=\"description\" content=\"Armis er en ledende akt\u00f8r innen nettverkssikkerhet, og deres spesialisering innen asset management for \u00e5 sikre data til virksomheter\" \/>\n<meta name=\"robots\" content=\"noindex, follow, max-snippet:-1, max-image-preview:large, max-video-preview:-1\" \/>\n<meta property=\"og:locale\" content=\"en_US\" \/>\n<meta property=\"og:type\" content=\"article\" \/>\n<meta property=\"og:title\" content=\"Armis\" \/>\n<meta property=\"og:description\" content=\"Armis er en ledende akt\u00f8r innen nettverkssikkerhet, og deres spesialisering innen asset management for \u00e5 sikre data til virksomheter\" \/>\n<meta property=\"og:url\" content=\"https:\/\/www.nlogic.no\/english\/nettverksteknologi\/armis\/\" \/>\n<meta property=\"og:site_name\" content=\"nLogic - Powered by Knowledge. Driven by Trust.\" \/>\n<meta property=\"article:publisher\" content=\"https:\/\/www.facebook.com\/nLogicAS\" \/>\n<meta property=\"article:modified_time\" content=\"2023-09-26T11:47:42+00:00\" \/>\n<meta property=\"og:image\" content=\"https:\/\/www.nlogic.no\/content\/uploads\/sites\/6\/2023\/08\/2023-nlogic-Armis-logo-black.png\" \/>\n\t<meta property=\"og:image:width\" content=\"1000\" \/>\n\t<meta property=\"og:image:height\" content=\"400\" \/>\n\t<meta property=\"og:image:type\" content=\"image\/png\" \/>\n<meta name=\"twitter:card\" content=\"summary_large_image\" \/>\n<meta name=\"twitter:label1\" content=\"Est. reading time\" \/>\n\t<meta name=\"twitter:data1\" content=\"2 minutes\" \/>\n<script type=\"application\/ld+json\" class=\"yoast-schema-graph\">{\"@context\":\"https:\/\/schema.org\",\"@graph\":[{\"@type\":\"WebPage\",\"@id\":\"https:\/\/www.nlogic.no\/english\/nettverksteknologi\/armis\/\",\"url\":\"https:\/\/www.nlogic.no\/english\/nettverksteknologi\/armis\/\",\"name\":\"Armis, asset management for nettverkssikkerhet\",\"isPartOf\":{\"@id\":\"https:\/\/www.nlogic.no\/english\/#website\"},\"datePublished\":\"2023-09-11T10:22:17+00:00\",\"dateModified\":\"2023-09-26T11:47:42+00:00\",\"description\":\"Armis er en ledende akt\u00f8r innen nettverkssikkerhet, og deres spesialisering innen asset management for \u00e5 sikre data til virksomheter\",\"breadcrumb\":{\"@id\":\"https:\/\/www.nlogic.no\/english\/nettverksteknologi\/armis\/#breadcrumb\"},\"inLanguage\":\"en-US\",\"potentialAction\":[{\"@type\":\"ReadAction\",\"target\":[\"https:\/\/www.nlogic.no\/english\/nettverksteknologi\/armis\/\"]}]},{\"@type\":\"BreadcrumbList\",\"@id\":\"https:\/\/www.nlogic.no\/english\/nettverksteknologi\/armis\/#breadcrumb\",\"itemListElement\":[{\"@type\":\"ListItem\",\"position\":1,\"name\":\"Nettverksteknologi\",\"item\":\"https:\/\/www.nlogic.no\/english\/nettverksteknologi\/\"},{\"@type\":\"ListItem\",\"position\":2,\"name\":\"Armis\"}]},{\"@type\":\"WebSite\",\"@id\":\"https:\/\/www.nlogic.no\/english\/#website\",\"url\":\"https:\/\/www.nlogic.no\/english\/\",\"name\":\"nLogic - Powered by Knowledge. Driven by Trust.\",\"description\":\"\",\"publisher\":{\"@id\":\"https:\/\/www.nlogic.no\/english\/#organization\"},\"potentialAction\":[{\"@type\":\"SearchAction\",\"target\":{\"@type\":\"EntryPoint\",\"urlTemplate\":\"https:\/\/www.nlogic.no\/english\/?s={search_term_string}\"},\"query-input\":\"required name=search_term_string\"}],\"inLanguage\":\"en-US\"},{\"@type\":\"Organization\",\"@id\":\"https:\/\/www.nlogic.no\/english\/#organization\",\"name\":\"nLogic - Powered by Knowledge. Driven by Trust.\",\"url\":\"https:\/\/www.nlogic.no\/english\/\",\"logo\":{\"@type\":\"ImageObject\",\"inLanguage\":\"en-US\",\"@id\":\"https:\/\/www.nlogic.no\/english\/#\/schema\/logo\/image\/\",\"url\":\"https:\/\/www.nlogic.no\/content\/uploads\/sites\/6\/2023\/09\/nlogic-logo-1.svg\",\"contentUrl\":\"https:\/\/www.nlogic.no\/content\/uploads\/sites\/6\/2023\/09\/nlogic-logo-1.svg\",\"caption\":\"nLogic - Powered by Knowledge. Driven by Trust.\"},\"image\":{\"@id\":\"https:\/\/www.nlogic.no\/english\/#\/schema\/logo\/image\/\"},\"sameAs\":[\"https:\/\/www.facebook.com\/nLogicAS\",\"https:\/\/www.linkedin.com\/company\/nlogic-as\/\"]}]}<\/script>\n<!-- \/ Yoast SEO Premium plugin. -->","yoast_head_json":{"title":"Armis, asset management for nettverkssikkerhet","description":"Armis er en ledende akt\u00f8r innen nettverkssikkerhet, og deres spesialisering innen asset management for \u00e5 sikre data til virksomheter","robots":{"index":"noindex","follow":"follow","max-snippet":"max-snippet:-1","max-image-preview":"max-image-preview:large","max-video-preview":"max-video-preview:-1"},"og_locale":"en_US","og_type":"article","og_title":"Armis","og_description":"Armis er en ledende akt\u00f8r innen nettverkssikkerhet, og deres spesialisering innen asset management for \u00e5 sikre data til virksomheter","og_url":"https:\/\/www.nlogic.no\/english\/nettverksteknologi\/armis\/","og_site_name":"nLogic - Powered by Knowledge. Driven by Trust.","article_publisher":"https:\/\/www.facebook.com\/nLogicAS","article_modified_time":"2023-09-26T11:47:42+00:00","og_image":[{"width":1000,"height":400,"url":"https:\/\/www.nlogic.no\/content\/uploads\/sites\/6\/2023\/08\/2023-nlogic-Armis-logo-black.png","type":"image\/png"}],"twitter_card":"summary_large_image","twitter_misc":{"Est. reading time":"2 minutes"},"schema":{"@context":"https:\/\/schema.org","@graph":[{"@type":"WebPage","@id":"https:\/\/www.nlogic.no\/english\/nettverksteknologi\/armis\/","url":"https:\/\/www.nlogic.no\/english\/nettverksteknologi\/armis\/","name":"Armis, asset management for nettverkssikkerhet","isPartOf":{"@id":"https:\/\/www.nlogic.no\/english\/#website"},"datePublished":"2023-09-11T10:22:17+00:00","dateModified":"2023-09-26T11:47:42+00:00","description":"Armis er en ledende akt\u00f8r innen nettverkssikkerhet, og deres spesialisering innen asset management for \u00e5 sikre data til virksomheter","breadcrumb":{"@id":"https:\/\/www.nlogic.no\/english\/nettverksteknologi\/armis\/#breadcrumb"},"inLanguage":"en-US","potentialAction":[{"@type":"ReadAction","target":["https:\/\/www.nlogic.no\/english\/nettverksteknologi\/armis\/"]}]},{"@type":"BreadcrumbList","@id":"https:\/\/www.nlogic.no\/english\/nettverksteknologi\/armis\/#breadcrumb","itemListElement":[{"@type":"ListItem","position":1,"name":"Nettverksteknologi","item":"https:\/\/www.nlogic.no\/english\/nettverksteknologi\/"},{"@type":"ListItem","position":2,"name":"Armis"}]},{"@type":"WebSite","@id":"https:\/\/www.nlogic.no\/english\/#website","url":"https:\/\/www.nlogic.no\/english\/","name":"nLogic - Powered by Knowledge. Driven by Trust.","description":"","publisher":{"@id":"https:\/\/www.nlogic.no\/english\/#organization"},"potentialAction":[{"@type":"SearchAction","target":{"@type":"EntryPoint","urlTemplate":"https:\/\/www.nlogic.no\/english\/?s={search_term_string}"},"query-input":"required name=search_term_string"}],"inLanguage":"en-US"},{"@type":"Organization","@id":"https:\/\/www.nlogic.no\/english\/#organization","name":"nLogic - Powered by Knowledge. Driven by Trust.","url":"https:\/\/www.nlogic.no\/english\/","logo":{"@type":"ImageObject","inLanguage":"en-US","@id":"https:\/\/www.nlogic.no\/english\/#\/schema\/logo\/image\/","url":"https:\/\/www.nlogic.no\/content\/uploads\/sites\/6\/2023\/09\/nlogic-logo-1.svg","contentUrl":"https:\/\/www.nlogic.no\/content\/uploads\/sites\/6\/2023\/09\/nlogic-logo-1.svg","caption":"nLogic - Powered by Knowledge. Driven by Trust."},"image":{"@id":"https:\/\/www.nlogic.no\/english\/#\/schema\/logo\/image\/"},"sameAs":["https:\/\/www.facebook.com\/nLogicAS","https:\/\/www.linkedin.com\/company\/nlogic-as\/"]}]}},"_links":{"self":[{"href":"https:\/\/www.nlogic.no\/english\/wp-json\/wp\/v2\/pages\/3829","targetHints":{"allow":["GET"]}}],"collection":[{"href":"https:\/\/www.nlogic.no\/english\/wp-json\/wp\/v2\/pages"}],"about":[{"href":"https:\/\/www.nlogic.no\/english\/wp-json\/wp\/v2\/types\/page"}],"author":[{"embeddable":true,"href":"https:\/\/www.nlogic.no\/english\/wp-json\/wp\/v2\/users\/5"}],"replies":[{"embeddable":true,"href":"https:\/\/www.nlogic.no\/english\/wp-json\/wp\/v2\/comments?post=3829"}],"version-history":[{"count":5,"href":"https:\/\/www.nlogic.no\/english\/wp-json\/wp\/v2\/pages\/3829\/revisions"}],"predecessor-version":[{"id":4882,"href":"https:\/\/www.nlogic.no\/english\/wp-json\/wp\/v2\/pages\/3829\/revisions\/4882"}],"up":[{"embeddable":true,"href":"https:\/\/www.nlogic.no\/english\/wp-json\/wp\/v2\/pages\/2564"}],"wp:featuredmedia":[{"embeddable":true,"href":"https:\/\/www.nlogic.no\/english\/wp-json\/wp\/v2\/media\/3513"}],"wp:attachment":[{"href":"https:\/\/www.nlogic.no\/english\/wp-json\/wp\/v2\/media?parent=3829"}],"curies":[{"name":"wp","href":"https:\/\/api.w.org\/{rel}","templated":true}]}}