{"id":3826,"date":"2023-09-11T09:59:56","date_gmt":"2023-09-11T07:59:56","guid":{"rendered":"https:\/\/www.nlogic.no\/?page_id=3826"},"modified":"2023-09-26T13:47:03","modified_gmt":"2023-09-26T11:47:03","slug":"ivanti","status":"publish","type":"page","link":"https:\/\/www.nlogic.no\/english\/nettverksteknologi\/ivanti\/","title":{"rendered":"Ivanti"},"content":{"rendered":"<div class=\"nlogic-hero alignfull with-excerpt wp-block-nlogic-hero\">\n\t\t\t<div class=\"hero-content container\">\n\t\t\t\t\n\t\t\t\t<h1>Ivanti<\/h1>\n\t\t\t\t<div class=\"excerpt\"><p><strong>Ledende innen Zero Trust Access-l\u00f8sninger<\/strong>.<\/p>\n<\/div>\n\t\t\t\t\n\t\t\t\t\n\t\t\t<\/div>\n\t\t<\/div>\n\n<div class=\"nlogic-section alignfull layout-1-column content-align-top is-style-transparent wp-block-nlogic-section\">\n\t\t\t<div class=\"content-columns container\">\n\t\t\t\t\n\t\t\t\t\n<div class=\"nlogic-section-content wp-block-nlogic-section-content\">\n\n<div class=\"wp-block-columns is-layout-flex wp-container-core-columns-is-layout-1 wp-block-columns-is-layout-flex\">\n<div class=\"wp-block-column is-layout-flow wp-block-column-is-layout-flow\" style=\"flex-basis:33.33%\">\n<h2 class=\"wp-block-heading\" id=\"hvem-er-ivanti-og-hva-leverer-de\">Hvem er Ivanti og hva leverer de? <\/h2>\n<\/div>\n\n\n\n<div class=\"wp-block-column is-layout-flow wp-block-column-is-layout-flow\" style=\"flex-basis:66.66%\">\n<p>Ivanti har etablert seg som en ledende akt\u00f8r innen cybersikkerhetsl\u00f8sninger, og deres Zero Trust Access-tjeneste representerer en innovativ tiln\u00e6rming til nettverkssikkerhet. <\/p>\n\n\n\n<p>Ivantis Zero Trust Access-l\u00f8sning er fundamentert p\u00e5 prinsippet om \u00e5 tillate kun den n\u00f8dvendige tilgangen til ressurser, uansett hvor brukere og enheter befinner seg. Dette betyr at enhver tilgang, selv fra interne nettverk, blir grundig verifisert f\u00f8r den godkjennes.<\/p>\n<\/div>\n<\/div>\n\n<\/div>\n\n\t\t\t\t\n\t\t\t<\/div>\n\t\t<\/div>\n\n<div class=\"nlogic-section alignfull layout-1-column content-align-top is-style-transparent wp-block-nlogic-section\">\n\t\t\t<div class=\"content-columns container\">\n\t\t\t\t\n\t\t\t\t\n<div class=\"nlogic-section-content wp-block-nlogic-section-content\">\n\n<h2 class=\"wp-block-heading\" id=\"nokkelkomponenter-ved-ivanti\">N\u00f8kkelkomponenter ved Ivanti<\/h2>\n\n\n<ul class=\"t2-link-list has-2-columns alignwide wp-block-t2-link-list\">\n\t<li class=\"t2-link-list-item wp-block-t2-link-list-item\">\n\t\t<a\n\t\t\thref=\"\"\n\t\t\tclass=\"t2-link-list-item__link t2-link-list__icon--inline-left\"\n\t\t\taria-describedby=\"link-list-item\"\t\t>\n\t\t\t\t\t\t<div class=\"t2-link-list-item__content\">\n\t\t\t\t<span class=\"t2-link-list-item__text\">\n\t\t\t\t\t<span class=\"t2-link-list-item__icon\"><span class=\"t2-link-list-item__icon-box\"><\/span><svg xmlns=\"http:\/\/www.w3.org\/2000\/svg\" viewBox=\"0 0 34 21\" height=\"24\" width=\"24\" class=\"t2-icon\" aria-hidden=\"true\" focusable=\"false\"><clipPath id=\"a\"><path d=\"m0 0h34v21h-34z\"\/><\/clipPath><g clip-path=\"url(#a)\"><path clip-rule=\"evenodd\" d=\"m28.5456 9.09456-6.3061-6.27616 1.9147-1.923869 9.6029 9.557169-9.6029 9.5572-1.9147-1.9239 6.3061-6.2762h-28.379096v-2.71424z\" fill=\"#e03135\" fill-rule=\"evenodd\"\/><\/g><\/svg><\/span>Mikrosegmentering\t\t\t\t<\/span>\n\t\t\t\t<span id=\"link-list-item\" class=\"t2-link-list-item__description\">Plattformen implementerer mikrosegmentering for \u00e5 opprette soner i nettverket som isolerer og beskytter sensitive data og applikasjoner.<\/span>\t\t\t<\/div>\n\t\t<\/a>\n\t<\/li>\n\t\n\n\t<li class=\"t2-link-list-item wp-block-t2-link-list-item\">\n\t\t<a\n\t\t\thref=\"\"\n\t\t\tclass=\"t2-link-list-item__link t2-link-list__icon--inline-left\"\n\t\t\taria-describedby=\"link-list-item-1\"\t\t>\n\t\t\t\t\t\t<div class=\"t2-link-list-item__content\">\n\t\t\t\t<span class=\"t2-link-list-item__text\">\n\t\t\t\t\t<span class=\"t2-link-list-item__icon\"><span class=\"t2-link-list-item__icon-box\"><\/span><svg xmlns=\"http:\/\/www.w3.org\/2000\/svg\" viewBox=\"0 0 34 21\" height=\"24\" width=\"24\" class=\"t2-icon\" aria-hidden=\"true\" focusable=\"false\"><clipPath id=\"a\"><path d=\"m0 0h34v21h-34z\"\/><\/clipPath><g clip-path=\"url(#a)\"><path clip-rule=\"evenodd\" d=\"m28.5456 9.09456-6.3061-6.27616 1.9147-1.923869 9.6029 9.557169-9.6029 9.5572-1.9147-1.9239 6.3061-6.2762h-28.379096v-2.71424z\" fill=\"#e03135\" fill-rule=\"evenodd\"\/><\/g><\/svg><\/span>Adaptiv MFA\t\t\t\t<\/span>\n\t\t\t\t<span id=\"link-list-item-1\" class=\"t2-link-list-item__description\">Ivantis l\u00f8sning inkluderer adaptiv MFA som gir ekstra sikkerhetslag ved \u00e5 kreve flere godkjenningsfaktorer.<\/span>\t\t\t<\/div>\n\t\t<\/a>\n\t<\/li>\n\t\n\n\t<li class=\"t2-link-list-item wp-block-t2-link-list-item\">\n\t\t<a\n\t\t\thref=\"\"\n\t\t\tclass=\"t2-link-list-item__link t2-link-list__icon--inline-left\"\n\t\t\taria-describedby=\"link-list-item-2\"\t\t>\n\t\t\t\t\t\t<div class=\"t2-link-list-item__content\">\n\t\t\t\t<span class=\"t2-link-list-item__text\">\n\t\t\t\t\t<span class=\"t2-link-list-item__icon\"><span class=\"t2-link-list-item__icon-box\"><\/span><svg xmlns=\"http:\/\/www.w3.org\/2000\/svg\" viewBox=\"0 0 34 21\" height=\"24\" width=\"24\" class=\"t2-icon\" aria-hidden=\"true\" focusable=\"false\"><clipPath id=\"a\"><path d=\"m0 0h34v21h-34z\"\/><\/clipPath><g clip-path=\"url(#a)\"><path clip-rule=\"evenodd\" d=\"m28.5456 9.09456-6.3061-6.27616 1.9147-1.923869 9.6029 9.557169-9.6029 9.5572-1.9147-1.9239 6.3061-6.2762h-28.379096v-2.71424z\" fill=\"#e03135\" fill-rule=\"evenodd\"\/><\/g><\/svg><\/span>Endepunktsikkerhet\t\t\t\t<\/span>\n\t\t\t\t<span id=\"link-list-item-2\" class=\"t2-link-list-item__description\">Zero Trust Access tar hensyn til enhetsens sikkerhetsstatus og autoriserer kun tilgang for trygge og oppdaterte enheter.<\/span>\t\t\t<\/div>\n\t\t<\/a>\n\t<\/li>\n\t\n\n\t<li class=\"t2-link-list-item wp-block-t2-link-list-item\">\n\t\t<a\n\t\t\thref=\"\"\n\t\t\tclass=\"t2-link-list-item__link t2-link-list__icon--inline-left\"\n\t\t\taria-describedby=\"link-list-item-3\"\t\t>\n\t\t\t\t\t\t<div class=\"t2-link-list-item__content\">\n\t\t\t\t<span class=\"t2-link-list-item__text\">\n\t\t\t\t\t<span class=\"t2-link-list-item__icon\"><span class=\"t2-link-list-item__icon-box\"><\/span><svg xmlns=\"http:\/\/www.w3.org\/2000\/svg\" viewBox=\"0 0 34 21\" height=\"24\" width=\"24\" class=\"t2-icon\" aria-hidden=\"true\" focusable=\"false\"><clipPath id=\"a\"><path d=\"m0 0h34v21h-34z\"\/><\/clipPath><g clip-path=\"url(#a)\"><path clip-rule=\"evenodd\" d=\"m28.5456 9.09456-6.3061-6.27616 1.9147-1.923869 9.6029 9.557169-9.6029 9.5572-1.9147-1.9239 6.3061-6.2762h-28.379096v-2.71424z\" fill=\"#e03135\" fill-rule=\"evenodd\"\/><\/g><\/svg><\/span>Individuell tilgangsstyring\t\t\t\t<\/span>\n\t\t\t\t<span id=\"link-list-item-3\" class=\"t2-link-list-item__description\">Hver tilgangsanmodning blir evaluert i sanntid basert p\u00e5 brukerens rolle og privilegier.<\/span>\t\t\t<\/div>\n\t\t<\/a>\n\t<\/li>\n\t\n<\/ul>\n<\/div>\n\n\t\t\t\t\n\t\t\t<\/div>\n\t\t<\/div>\n\n\n<h2 class=\"wp-block-heading\" id=\"fordeler-ved-a-bruke-ivanti-zero-trust-access\">Fordeler ved \u00e5 bruke Ivanti Zero Trust Access<\/h2>\n\n\n\n<p>Ivantis Zero Trust Access-l\u00f8sning har funnet bred anvendelse i en rekke sektorer, inkludert finans, helse, teknologi og offentlig sektor. Denne tiln\u00e6rmingen til sikkerhet gir betydelige fordeler, inkludert:<\/p>\n\n\n<div class=\"t2-accordion wp-block-t2-accordion\" data-allow-multiple>\n<div class=\"t2-accordion-item wp-block-t2-accordion-item\">\t<h2 class=\"t2-accordion-title\">\n\t\t<button\n\t\t\taria-controls=\"accordion-panel\"\n\t\t\taria-expanded=\"false\"\n\t\t\tclass=\"t2-accordion-trigger\"\n\t\t\tid=\"rstrongedusert-risiko-for-dataangrepstrong\"\n\t\t\ttype=\"button\"\n\t\t>\n\t\t\tRedusert risiko for dataangrep\t\t\t<span class=\"t2-accordion-icon is-closed-icon\">\n\t\t\t\t<svg xmlns=\"http:\/\/www.w3.org\/2000\/svg\" viewBox=\"0 0 24 24\" height=\"24\" width=\"24\" class=\"t2-icon\" aria-hidden=\"true\" focusable=\"false\"><path d=\"M12 19c-.285156 0-.519531-.097656-.710938-.289062C11.097656 18.519531 11 18.285156 11 18v-5H6c-.285156 0-.519531-.097656-.710938-.289062C5.097656 12.519531 5 12.285156 5 12c0-.285156.097656-.519531.289062-.710938C5.480469 11.097656 5.714844 11 6 11h5V6c0-.285156.097656-.519531.289062-.710938C11.480469 5.097656 11.714844 5 12 5c.285156 0 .519531.097656.710938.289062C12.902344 5.480469 13 5.714844 13 6v5h5c.285156 0 .519531.097656.710938.289062C18.902344 11.480469 19 11.714844 19 12c0 .285156-.097656.519531-.289062.710938C18.519531 12.902344 18.285156 13 18 13h-5v5c0 .285156-.097656.519531-.289062.710938C12.519531 18.902344 12.285156 19 12 19Zm0 0\"\/><\/svg>\t\t\t<\/span>\n\t\t\t<span class=\"t2-accordion-icon is-open-icon\">\n\t\t\t\t<svg xmlns=\"http:\/\/www.w3.org\/2000\/svg\" viewBox=\"0 0 24 24\" height=\"24\" width=\"24\" class=\"t2-icon\" aria-hidden=\"true\" focusable=\"false\"><path d=\"M6 13c-.285156 0-.519531-.097656-.710938-.289062C5.097656 12.519531 5 12.285156 5 12c0-.285156.097656-.519531.289062-.710938C5.480469 11.097656 5.714844 11 6 11h12c.285156 0 .519531.097656.710938.289062C18.902344 11.480469 19 11.714844 19 12c0 .285156-.097656.519531-.289062.710938C18.519531 12.902344 18.285156 13 18 13Zm0 0\"\/><\/svg>\t\t\t<\/span>\n\t\t<\/button>\n\t<\/h2>\n\t\t<div\n\t\taria-labelledby=\"rstrongedusert-risiko-for-dataangrepstrong\"\n\t\tclass=\"t2-accordion-item__inner-container\"\n\t\tid=\"accordion-panel\"\n\t\trole=\"region\"\n\t\thidden\n\t>\n\t\t\n\n<p>Med Zero Trust Access blir potensielle angrepshendelser avverget f\u00f8r de f\u00e5r tilgang til sensitive data eller systemer.<\/p>\n\n\t<\/div>\n\t<\/div>\n\n<div class=\"t2-accordion-item wp-block-t2-accordion-item\">\t<h2 class=\"t2-accordion-title\">\n\t\t<button\n\t\t\taria-controls=\"accordion-panel-1\"\n\t\t\taria-expanded=\"false\"\n\t\t\tclass=\"t2-accordion-trigger\"\n\t\t\tid=\"strongsikker-ekstern-tilgangstrong\"\n\t\t\ttype=\"button\"\n\t\t>\n\t\t\tSikker ekstern tilgang\t\t\t<span class=\"t2-accordion-icon is-closed-icon\">\n\t\t\t\t<svg xmlns=\"http:\/\/www.w3.org\/2000\/svg\" viewBox=\"0 0 24 24\" height=\"24\" width=\"24\" class=\"t2-icon\" aria-hidden=\"true\" focusable=\"false\"><path d=\"M12 19c-.285156 0-.519531-.097656-.710938-.289062C11.097656 18.519531 11 18.285156 11 18v-5H6c-.285156 0-.519531-.097656-.710938-.289062C5.097656 12.519531 5 12.285156 5 12c0-.285156.097656-.519531.289062-.710938C5.480469 11.097656 5.714844 11 6 11h5V6c0-.285156.097656-.519531.289062-.710938C11.480469 5.097656 11.714844 5 12 5c.285156 0 .519531.097656.710938.289062C12.902344 5.480469 13 5.714844 13 6v5h5c.285156 0 .519531.097656.710938.289062C18.902344 11.480469 19 11.714844 19 12c0 .285156-.097656.519531-.289062.710938C18.519531 12.902344 18.285156 13 18 13h-5v5c0 .285156-.097656.519531-.289062.710938C12.519531 18.902344 12.285156 19 12 19Zm0 0\"\/><\/svg>\t\t\t<\/span>\n\t\t\t<span class=\"t2-accordion-icon is-open-icon\">\n\t\t\t\t<svg xmlns=\"http:\/\/www.w3.org\/2000\/svg\" viewBox=\"0 0 24 24\" height=\"24\" width=\"24\" class=\"t2-icon\" aria-hidden=\"true\" focusable=\"false\"><path d=\"M6 13c-.285156 0-.519531-.097656-.710938-.289062C5.097656 12.519531 5 12.285156 5 12c0-.285156.097656-.519531.289062-.710938C5.480469 11.097656 5.714844 11 6 11h12c.285156 0 .519531.097656.710938.289062C18.902344 11.480469 19 11.714844 19 12c0 .285156-.097656.519531-.289062.710938C18.519531 12.902344 18.285156 13 18 13Zm0 0\"\/><\/svg>\t\t\t<\/span>\n\t\t<\/button>\n\t<\/h2>\n\t\t<div\n\t\taria-labelledby=\"strongsikker-ekstern-tilgangstrong\"\n\t\tclass=\"t2-accordion-item__inner-container\"\n\t\tid=\"accordion-panel-1\"\n\t\trole=\"region\"\n\t\thidden\n\t>\n\t\t\n\n<p>Plattformen muliggj\u00f8r sikre tilkoblinger for fjernarbeidere og mobile enheter, uten at det g\u00e5r p\u00e5 bekostning av sikkerheten.<\/p>\n\n\t<\/div>\n\t<\/div>\n\n<div class=\"t2-accordion-item wp-block-t2-accordion-item\">\t<h2 class=\"t2-accordion-title\">\n\t\t<button\n\t\t\taria-controls=\"accordion-panel-2\"\n\t\t\taria-expanded=\"false\"\n\t\t\tclass=\"t2-accordion-trigger\"\n\t\t\tid=\"strongoverholdelse-av-reguleringerstrong\"\n\t\t\ttype=\"button\"\n\t\t>\n\t\t\tOverholdelse av reguleringer\t\t\t<span class=\"t2-accordion-icon is-closed-icon\">\n\t\t\t\t<svg xmlns=\"http:\/\/www.w3.org\/2000\/svg\" viewBox=\"0 0 24 24\" height=\"24\" width=\"24\" class=\"t2-icon\" aria-hidden=\"true\" focusable=\"false\"><path d=\"M12 19c-.285156 0-.519531-.097656-.710938-.289062C11.097656 18.519531 11 18.285156 11 18v-5H6c-.285156 0-.519531-.097656-.710938-.289062C5.097656 12.519531 5 12.285156 5 12c0-.285156.097656-.519531.289062-.710938C5.480469 11.097656 5.714844 11 6 11h5V6c0-.285156.097656-.519531.289062-.710938C11.480469 5.097656 11.714844 5 12 5c.285156 0 .519531.097656.710938.289062C12.902344 5.480469 13 5.714844 13 6v5h5c.285156 0 .519531.097656.710938.289062C18.902344 11.480469 19 11.714844 19 12c0 .285156-.097656.519531-.289062.710938C18.519531 12.902344 18.285156 13 18 13h-5v5c0 .285156-.097656.519531-.289062.710938C12.519531 18.902344 12.285156 19 12 19Zm0 0\"\/><\/svg>\t\t\t<\/span>\n\t\t\t<span class=\"t2-accordion-icon is-open-icon\">\n\t\t\t\t<svg xmlns=\"http:\/\/www.w3.org\/2000\/svg\" viewBox=\"0 0 24 24\" height=\"24\" width=\"24\" class=\"t2-icon\" aria-hidden=\"true\" focusable=\"false\"><path d=\"M6 13c-.285156 0-.519531-.097656-.710938-.289062C5.097656 12.519531 5 12.285156 5 12c0-.285156.097656-.519531.289062-.710938C5.480469 11.097656 5.714844 11 6 11h12c.285156 0 .519531.097656.710938.289062C18.902344 11.480469 19 11.714844 19 12c0 .285156-.097656.519531-.289062.710938C18.519531 12.902344 18.285156 13 18 13Zm0 0\"\/><\/svg>\t\t\t<\/span>\n\t\t<\/button>\n\t<\/h2>\n\t\t<div\n\t\taria-labelledby=\"strongoverholdelse-av-reguleringerstrong\"\n\t\tclass=\"t2-accordion-item__inner-container\"\n\t\tid=\"accordion-panel-2\"\n\t\trole=\"region\"\n\t\thidden\n\t>\n\t\t\n\n<p>Ivantis Zero Trust Access hjelper organisasjoner med \u00e5 oppfylle kravene i ulike personvern- og sikkerhetsreguleringer.<\/p>\n\n\t<\/div>\n\t<\/div>\n<\/div>\n\n\n<div class=\"wp-block-media-text alignwide has-media-on-the-right is-stacked-on-mobile\" style=\"grid-template-columns:auto 25%\"><div class=\"wp-block-media-text__content\">\n<h2 class=\"wp-block-heading\" id=\"vart-samarbeid-med-ivanti\">V\u00e5rt samarbeid med Ivanti<\/h2>\n\n\n\n<p><a href=\"https:\/\/www.nlogic.no\/om-oss\/\">V\u00e5rt samarbeid<\/a> med Ivanti har muliggjort utviklingen av skreddersydde sikkerhetsl\u00f8sninger som adresserer v\u00e5re kunders unike behov og utfordringer. Ved \u00e5 dra nytte av Ivantis ledende teknologi og ekspertise, kan vi tilby omfattende sikkerhetsl\u00f8sninger som dekker alt fra nettverkssikkerhet til endepunktsbeskyttelse og identitetsstyring.<\/p>\n<\/div><figure class=\"wp-block-media-text__media\"><img loading=\"lazy\" decoding=\"async\" width=\"1000\" height=\"400\" src=\"https:\/\/www.nlogic.no\/content\/uploads\/sites\/6\/2023\/08\/2023-nlogic-Ivanti-logo-red.png\" alt=\"\" class=\"wp-image-3511 size-full\" srcset=\"https:\/\/www.nlogic.no\/content\/uploads\/sites\/6\/2023\/08\/2023-nlogic-Ivanti-logo-red.png 1000w, https:\/\/www.nlogic.no\/content\/uploads\/sites\/6\/2023\/08\/2023-nlogic-Ivanti-logo-red-300x120.png 300w, https:\/\/www.nlogic.no\/content\/uploads\/sites\/6\/2023\/08\/2023-nlogic-Ivanti-logo-red-768x307.png 768w\" sizes=\"auto, (max-width: 1000px) 100vw, 1000px\" \/><\/figure><\/div>\n","protected":false},"excerpt":{"rendered":"<p>Ledende innen Zero Trust Access-l\u00f8sninger.<\/p>\n","protected":false},"author":5,"featured_media":3511,"parent":2564,"menu_order":0,"comment_status":"closed","ping_status":"closed","template":"","meta":{"dk_card_image_id":0,"footnotes":""},"class_list":["post-3826","page","type-page","status-publish","has-post-thumbnail","hentry"],"yoast_head":"<!-- This site is optimized with the Yoast SEO Premium plugin v20.13 (Yoast SEO v20.13) - https:\/\/yoast.com\/wordpress\/plugins\/seo\/ -->\n<title>Ivanti, ledende innen Zero Trust Access-l\u00f8sninger.<\/title>\n<meta name=\"description\" content=\"Ivantis Zero Trust Access-l\u00f8sning har funnet bred anvendelse i en rekke sektorer, inkludert finans, helse, teknologi og offentlig sektor.\" \/>\n<meta name=\"robots\" content=\"noindex, follow, max-snippet:-1, max-image-preview:large, max-video-preview:-1\" \/>\n<meta property=\"og:locale\" content=\"en_US\" \/>\n<meta property=\"og:type\" content=\"article\" \/>\n<meta property=\"og:title\" content=\"Ivanti\" \/>\n<meta property=\"og:description\" content=\"Ivantis Zero Trust Access-l\u00f8sning har funnet bred anvendelse i en rekke sektorer, inkludert finans, helse, teknologi og offentlig sektor.\" \/>\n<meta property=\"og:url\" content=\"https:\/\/www.nlogic.no\/english\/nettverksteknologi\/ivanti\/\" \/>\n<meta property=\"og:site_name\" content=\"nLogic - Powered by Knowledge. Driven by Trust.\" \/>\n<meta property=\"article:publisher\" content=\"https:\/\/www.facebook.com\/nLogicAS\" \/>\n<meta property=\"article:modified_time\" content=\"2023-09-26T11:47:03+00:00\" \/>\n<meta property=\"og:image\" content=\"https:\/\/www.nlogic.no\/content\/uploads\/sites\/6\/2023\/08\/2023-nlogic-Ivanti-logo-red.png\" \/>\n\t<meta property=\"og:image:width\" content=\"1000\" \/>\n\t<meta property=\"og:image:height\" content=\"400\" \/>\n\t<meta property=\"og:image:type\" content=\"image\/png\" \/>\n<meta name=\"twitter:card\" content=\"summary_large_image\" \/>\n<meta name=\"twitter:label1\" content=\"Est. reading time\" \/>\n\t<meta name=\"twitter:data1\" content=\"2 minutes\" \/>\n<script type=\"application\/ld+json\" class=\"yoast-schema-graph\">{\"@context\":\"https:\/\/schema.org\",\"@graph\":[{\"@type\":\"WebPage\",\"@id\":\"https:\/\/www.nlogic.no\/english\/nettverksteknologi\/ivanti\/\",\"url\":\"https:\/\/www.nlogic.no\/english\/nettverksteknologi\/ivanti\/\",\"name\":\"Ivanti, ledende innen Zero Trust Access-l\u00f8sninger.\",\"isPartOf\":{\"@id\":\"https:\/\/www.nlogic.no\/english\/#website\"},\"datePublished\":\"2023-09-11T07:59:56+00:00\",\"dateModified\":\"2023-09-26T11:47:03+00:00\",\"description\":\"Ivantis Zero Trust Access-l\u00f8sning har funnet bred anvendelse i en rekke sektorer, inkludert finans, helse, teknologi og offentlig sektor.\",\"breadcrumb\":{\"@id\":\"https:\/\/www.nlogic.no\/english\/nettverksteknologi\/ivanti\/#breadcrumb\"},\"inLanguage\":\"en-US\",\"potentialAction\":[{\"@type\":\"ReadAction\",\"target\":[\"https:\/\/www.nlogic.no\/english\/nettverksteknologi\/ivanti\/\"]}]},{\"@type\":\"BreadcrumbList\",\"@id\":\"https:\/\/www.nlogic.no\/english\/nettverksteknologi\/ivanti\/#breadcrumb\",\"itemListElement\":[{\"@type\":\"ListItem\",\"position\":1,\"name\":\"Nettverksteknologi\",\"item\":\"https:\/\/www.nlogic.no\/english\/nettverksteknologi\/\"},{\"@type\":\"ListItem\",\"position\":2,\"name\":\"Ivanti\"}]},{\"@type\":\"WebSite\",\"@id\":\"https:\/\/www.nlogic.no\/english\/#website\",\"url\":\"https:\/\/www.nlogic.no\/english\/\",\"name\":\"nLogic - Powered by Knowledge. Driven by Trust.\",\"description\":\"\",\"publisher\":{\"@id\":\"https:\/\/www.nlogic.no\/english\/#organization\"},\"potentialAction\":[{\"@type\":\"SearchAction\",\"target\":{\"@type\":\"EntryPoint\",\"urlTemplate\":\"https:\/\/www.nlogic.no\/english\/?s={search_term_string}\"},\"query-input\":\"required name=search_term_string\"}],\"inLanguage\":\"en-US\"},{\"@type\":\"Organization\",\"@id\":\"https:\/\/www.nlogic.no\/english\/#organization\",\"name\":\"nLogic - Powered by Knowledge. Driven by Trust.\",\"url\":\"https:\/\/www.nlogic.no\/english\/\",\"logo\":{\"@type\":\"ImageObject\",\"inLanguage\":\"en-US\",\"@id\":\"https:\/\/www.nlogic.no\/english\/#\/schema\/logo\/image\/\",\"url\":\"https:\/\/www.nlogic.no\/content\/uploads\/sites\/6\/2023\/09\/nlogic-logo-1.svg\",\"contentUrl\":\"https:\/\/www.nlogic.no\/content\/uploads\/sites\/6\/2023\/09\/nlogic-logo-1.svg\",\"caption\":\"nLogic - Powered by Knowledge. Driven by Trust.\"},\"image\":{\"@id\":\"https:\/\/www.nlogic.no\/english\/#\/schema\/logo\/image\/\"},\"sameAs\":[\"https:\/\/www.facebook.com\/nLogicAS\",\"https:\/\/www.linkedin.com\/company\/nlogic-as\/\"]}]}<\/script>\n<!-- \/ Yoast SEO Premium plugin. -->","yoast_head_json":{"title":"Ivanti, ledende innen Zero Trust Access-l\u00f8sninger.","description":"Ivantis Zero Trust Access-l\u00f8sning har funnet bred anvendelse i en rekke sektorer, inkludert finans, helse, teknologi og offentlig sektor.","robots":{"index":"noindex","follow":"follow","max-snippet":"max-snippet:-1","max-image-preview":"max-image-preview:large","max-video-preview":"max-video-preview:-1"},"og_locale":"en_US","og_type":"article","og_title":"Ivanti","og_description":"Ivantis Zero Trust Access-l\u00f8sning har funnet bred anvendelse i en rekke sektorer, inkludert finans, helse, teknologi og offentlig sektor.","og_url":"https:\/\/www.nlogic.no\/english\/nettverksteknologi\/ivanti\/","og_site_name":"nLogic - Powered by Knowledge. Driven by Trust.","article_publisher":"https:\/\/www.facebook.com\/nLogicAS","article_modified_time":"2023-09-26T11:47:03+00:00","og_image":[{"width":1000,"height":400,"url":"https:\/\/www.nlogic.no\/content\/uploads\/sites\/6\/2023\/08\/2023-nlogic-Ivanti-logo-red.png","type":"image\/png"}],"twitter_card":"summary_large_image","twitter_misc":{"Est. reading time":"2 minutes"},"schema":{"@context":"https:\/\/schema.org","@graph":[{"@type":"WebPage","@id":"https:\/\/www.nlogic.no\/english\/nettverksteknologi\/ivanti\/","url":"https:\/\/www.nlogic.no\/english\/nettverksteknologi\/ivanti\/","name":"Ivanti, ledende innen Zero Trust Access-l\u00f8sninger.","isPartOf":{"@id":"https:\/\/www.nlogic.no\/english\/#website"},"datePublished":"2023-09-11T07:59:56+00:00","dateModified":"2023-09-26T11:47:03+00:00","description":"Ivantis Zero Trust Access-l\u00f8sning har funnet bred anvendelse i en rekke sektorer, inkludert finans, helse, teknologi og offentlig sektor.","breadcrumb":{"@id":"https:\/\/www.nlogic.no\/english\/nettverksteknologi\/ivanti\/#breadcrumb"},"inLanguage":"en-US","potentialAction":[{"@type":"ReadAction","target":["https:\/\/www.nlogic.no\/english\/nettverksteknologi\/ivanti\/"]}]},{"@type":"BreadcrumbList","@id":"https:\/\/www.nlogic.no\/english\/nettverksteknologi\/ivanti\/#breadcrumb","itemListElement":[{"@type":"ListItem","position":1,"name":"Nettverksteknologi","item":"https:\/\/www.nlogic.no\/english\/nettverksteknologi\/"},{"@type":"ListItem","position":2,"name":"Ivanti"}]},{"@type":"WebSite","@id":"https:\/\/www.nlogic.no\/english\/#website","url":"https:\/\/www.nlogic.no\/english\/","name":"nLogic - Powered by Knowledge. Driven by Trust.","description":"","publisher":{"@id":"https:\/\/www.nlogic.no\/english\/#organization"},"potentialAction":[{"@type":"SearchAction","target":{"@type":"EntryPoint","urlTemplate":"https:\/\/www.nlogic.no\/english\/?s={search_term_string}"},"query-input":"required name=search_term_string"}],"inLanguage":"en-US"},{"@type":"Organization","@id":"https:\/\/www.nlogic.no\/english\/#organization","name":"nLogic - Powered by Knowledge. Driven by Trust.","url":"https:\/\/www.nlogic.no\/english\/","logo":{"@type":"ImageObject","inLanguage":"en-US","@id":"https:\/\/www.nlogic.no\/english\/#\/schema\/logo\/image\/","url":"https:\/\/www.nlogic.no\/content\/uploads\/sites\/6\/2023\/09\/nlogic-logo-1.svg","contentUrl":"https:\/\/www.nlogic.no\/content\/uploads\/sites\/6\/2023\/09\/nlogic-logo-1.svg","caption":"nLogic - Powered by Knowledge. Driven by Trust."},"image":{"@id":"https:\/\/www.nlogic.no\/english\/#\/schema\/logo\/image\/"},"sameAs":["https:\/\/www.facebook.com\/nLogicAS","https:\/\/www.linkedin.com\/company\/nlogic-as\/"]}]}},"_links":{"self":[{"href":"https:\/\/www.nlogic.no\/english\/wp-json\/wp\/v2\/pages\/3826","targetHints":{"allow":["GET"]}}],"collection":[{"href":"https:\/\/www.nlogic.no\/english\/wp-json\/wp\/v2\/pages"}],"about":[{"href":"https:\/\/www.nlogic.no\/english\/wp-json\/wp\/v2\/types\/page"}],"author":[{"embeddable":true,"href":"https:\/\/www.nlogic.no\/english\/wp-json\/wp\/v2\/users\/5"}],"replies":[{"embeddable":true,"href":"https:\/\/www.nlogic.no\/english\/wp-json\/wp\/v2\/comments?post=3826"}],"version-history":[{"count":2,"href":"https:\/\/www.nlogic.no\/english\/wp-json\/wp\/v2\/pages\/3826\/revisions"}],"predecessor-version":[{"id":4879,"href":"https:\/\/www.nlogic.no\/english\/wp-json\/wp\/v2\/pages\/3826\/revisions\/4879"}],"up":[{"embeddable":true,"href":"https:\/\/www.nlogic.no\/english\/wp-json\/wp\/v2\/pages\/2564"}],"wp:featuredmedia":[{"embeddable":true,"href":"https:\/\/www.nlogic.no\/english\/wp-json\/wp\/v2\/media\/3511"}],"wp:attachment":[{"href":"https:\/\/www.nlogic.no\/english\/wp-json\/wp\/v2\/media?parent=3826"}],"curies":[{"name":"wp","href":"https:\/\/api.w.org\/{rel}","templated":true}]}}