{"id":3819,"date":"2023-09-11T09:37:35","date_gmt":"2023-09-11T07:37:35","guid":{"rendered":"https:\/\/www.nlogic.no\/?page_id=3819"},"modified":"2024-03-18T16:10:25","modified_gmt":"2024-03-18T15:10:25","slug":"kentik","status":"publish","type":"page","link":"https:\/\/www.nlogic.no\/english\/nettverksteknologi\/kentik\/","title":{"rendered":"Kentik"},"content":{"rendered":"<div class=\"nlogic-hero alignfull with-pattern-cube with-excerpt wp-block-nlogic-hero\">\n\t\t\t<div class=\"hero-content container\">\n\t\t\t\t<svg width=\"650\" height=\"749\" viewBox=\"0 0 650 749\" fill=\"none\" xmlns=\"http:\/\/www.w3.org\/2000\/svg\">\n<g opacity=\"0.5\">\n<path d=\"M331.176 153.548L517 258.151C520.921 260.358 523.346 264.507 523.346 269.005V474.848C523.346 479.362 520.904 483.523 516.962 485.723L331.138 589.46C327.364 591.566 322.768 591.566 318.995 589.46L133.17 485.723C129.229 483.523 126.786 479.362 126.786 474.848L126.786 269.005C126.786 264.507 129.212 260.358 133.132 258.151L318.956 153.548C322.75 151.413 327.383 151.413 331.176 153.548Z\" stroke=\"#FFFFFF\" stroke-width=\"0.638759\"\/>\n<path d=\"M189.105 298.176L127.539 262.338\" stroke=\"#FFFFFF\" stroke-width=\"0.638759\"\/>\n<path d=\"M323.936 529.562L324.754 590.666\" stroke=\"#FFFFFF\" stroke-width=\"0.638759\"\/>\n<path d=\"M325.068 667.656L325.068 747.091\" stroke=\"#FFFFFF\" stroke-width=\"0.638759\"\/>\n<path d=\"M583.902 227.711L646.248 190.234\" stroke=\"#FFFFFF\" stroke-width=\"0.638759\"\/>\n<path d=\"M67.2339 227.711L2.85372 189.827\" stroke=\"#FFFFFF\" stroke-width=\"0.638759\"\/>\n<path d=\"M329.956 83.7705L578.669 224.838C581.77 226.597 583.685 229.886 583.685 233.45V515.273C583.685 518.837 581.77 522.126 578.669 523.885L329.956 664.953C326.926 666.671 323.216 666.671 320.187 664.953L71.4733 523.885C68.3729 522.126 66.4571 518.837 66.4571 515.273V233.45C66.4571 229.886 68.3729 226.597 71.4733 224.838L320.187 83.7705C323.216 82.0521 326.926 82.0521 329.956 83.7705Z\" stroke=\"#FFFFFF\" stroke-width=\"0.638759\"\/>\n<path d=\"M333.785 5.52247L640.188 183.965C645.59 187.111 648.913 192.892 648.913 199.144V551.243C648.913 557.504 645.582 563.291 640.168 566.434L333.585 744.444C328.124 747.615 321.381 747.61 315.924 744.432L10.6612 566.636C5.26482 563.493 1.94291 557.721 1.93609 551.476L1.55108 199.14C1.54424 192.885 4.86323 187.099 10.2653 183.948L316.094 5.52917C321.559 2.34058 328.317 2.33801 333.785 5.52247Z\" stroke=\"#FFFFFF\" stroke-width=\"0.638759\"\/>\n<path d=\"M258.62 403.011V337.553L324.747 374.712V409.77V444.468L262.367 409.414C260.053 408.114 258.62 405.665 258.62 403.011ZM325.066 374.159L258.953 337.007L321.467 301.877C323.702 300.621 326.43 300.621 328.665 301.877L391.179 337.007L325.066 374.159ZM325.385 374.712L391.511 337.553V403.011C391.511 405.665 390.079 408.114 387.764 409.414L325.385 444.468V409.77V374.712Z\" stroke=\"#FFFFFF\" stroke-width=\"0.638759\"\/>\n<path d=\"M328.492 221.724L456.862 295.717C459.533 297.257 461.179 300.105 461.179 303.188V446.897C461.179 450.004 459.508 452.871 456.804 454.401L328.434 527.074C325.783 528.574 322.536 528.565 319.894 527.049L193.285 454.411C190.605 452.874 188.953 450.021 188.953 446.931V303.154C188.953 300.088 190.58 297.254 193.226 295.708L319.836 221.749C322.508 220.188 325.811 220.178 328.492 221.724Z\" stroke=\"#FFFFFF\" stroke-width=\"0.638759\"\/>\n<path d=\"M461.329 298.176L520.984 263.499\" stroke=\"#FFFFFF\" stroke-width=\"0.638759\"\/>\n<\/g>\n<\/svg>\n\n\t\t\t\t<h1>Kentik<\/h1>\n\t\t\t\t<div class=\"excerpt\"><p>En avansert nettverksanalyseplattform, optimaliser og forbedre din infrastruktur. <\/p>\n<\/div>\n\t\t\t\t\n\t\t\t\t\n\t\t\t<\/div>\n\t\t<\/div>\n\n<div class=\"nlogic-section alignfull layout-1-column content-align-top is-style-transparent wp-block-nlogic-section\">\n\t\t\t<div class=\"content-columns container\">\n\t\t\t\t\n\t\t\t\t\n<div class=\"nlogic-section-content wp-block-nlogic-section-content\">\n\n<div class=\"wp-block-columns is-layout-flex wp-container-core-columns-is-layout-1 wp-block-columns-is-layout-flex\">\n<div class=\"wp-block-column is-layout-flow wp-block-column-is-layout-flow\" style=\"flex-basis:33.33%\">\n<h2 class=\"wp-block-heading\" id=\"hvem-er-kentik-og-hva-gjor-de\">Hvem er Kentik og hva gj\u00f8r de? <\/h2>\n<\/div>\n\n\n\n<div class=\"wp-block-column is-layout-flow wp-block-column-is-layout-flow\" style=\"flex-basis:66.66%\">\n<p>Kentik er en ledende plattform innen nettverksanalyse som tilbyr avanserte l\u00f8sninger for bedrifter som \u00f8nsker \u00e5 optimalisere og forbedre sin nettverksinfrastruktur. Med en imponerende pakke med funksjoner og et brukervennlig grensesnitt har Kentik oppn\u00e5dd anerkjennelse som en p\u00e5litelig partner innen nettverksstyring.<\/p>\n<\/div>\n<\/div>\n\n<\/div>\n\n\t\t\t\t\n\t\t\t<\/div>\n\t\t<\/div>\n\n<div class=\"nlogic-section alignfull layout-1-column content-align-top is-style-transparent wp-block-nlogic-section\">\n\t\t\t<div class=\"content-columns container\">\n\t\t\t\t\n\t\t\t\t\n<div class=\"nlogic-section-content wp-block-nlogic-section-content\">\n\n<h2 class=\"wp-block-heading\" id=\"fordeler-med-a-velge-kentik-til-nettverksanalyse\">Fordeler med \u00e5 velge Kentik til nettverksanalyse <\/h2>\n\n\n<ul class=\"t2-link-list has-2-columns alignwide wp-block-t2-link-list\">\n\t<li class=\"t2-link-list-item wp-block-t2-link-list-item\">\n\t\t<a\n\t\t\thref=\"\"\n\t\t\tclass=\"t2-link-list-item__link t2-link-list__icon--inline-left\"\n\t\t\taria-describedby=\"link-list-item\"\t\t>\n\t\t\t\t\t\t<div class=\"t2-link-list-item__content\">\n\t\t\t\t<span class=\"t2-link-list-item__text\">\n\t\t\t\t\t<span class=\"t2-link-list-item__icon\"><span class=\"t2-link-list-item__icon-box\"><\/span><svg xmlns=\"http:\/\/www.w3.org\/2000\/svg\" viewBox=\"0 0 34 21\" height=\"24\" width=\"24\" class=\"t2-icon\" aria-hidden=\"true\" focusable=\"false\"><clipPath id=\"a\"><path d=\"m0 0h34v21h-34z\"\/><\/clipPath><g clip-path=\"url(#a)\"><path clip-rule=\"evenodd\" d=\"m28.5456 9.09456-6.3061-6.27616 1.9147-1.923869 9.6029 9.557169-9.6029 9.5572-1.9147-1.9239 6.3061-6.2762h-28.379096v-2.71424z\" fill=\"#e03135\" fill-rule=\"evenodd\"\/><\/g><\/svg><\/span>Trafikkoverv\u00e5kning og analyse\t\t\t\t<\/span>\n\t\t\t\t<span id=\"link-list-item\" class=\"t2-link-list-item__description\">Kentik gir brukere muligheten til \u00e5 overv\u00e5ke og analysere trafikken i sanntid p\u00e5 tvers av deres nettverksinfrastruktur. Dette gj\u00f8r det mulig \u00e5 identifisere potensielle flaskehalser, sikkerhetstrusler og ytelsesproblemer.<\/span>\t\t\t<\/div>\n\t\t<\/a>\n\t<\/li>\n\t\n\n\t<li class=\"t2-link-list-item wp-block-t2-link-list-item\">\n\t\t<a\n\t\t\thref=\"\"\n\t\t\tclass=\"t2-link-list-item__link t2-link-list__icon--inline-left\"\n\t\t\taria-describedby=\"link-list-item-1\"\t\t>\n\t\t\t\t\t\t<div class=\"t2-link-list-item__content\">\n\t\t\t\t<span class=\"t2-link-list-item__text\">\n\t\t\t\t\t<span class=\"t2-link-list-item__icon\"><span class=\"t2-link-list-item__icon-box\"><\/span><svg xmlns=\"http:\/\/www.w3.org\/2000\/svg\" viewBox=\"0 0 34 21\" height=\"24\" width=\"24\" class=\"t2-icon\" aria-hidden=\"true\" focusable=\"false\"><clipPath id=\"a\"><path d=\"m0 0h34v21h-34z\"\/><\/clipPath><g clip-path=\"url(#a)\"><path clip-rule=\"evenodd\" d=\"m28.5456 9.09456-6.3061-6.27616 1.9147-1.923869 9.6029 9.557169-9.6029 9.5572-1.9147-1.9239 6.3061-6.2762h-28.379096v-2.71424z\" fill=\"#e03135\" fill-rule=\"evenodd\"\/><\/g><\/svg><\/span>DDoS-beskyttelse\t\t\t\t<\/span>\n\t\t\t\t<span id=\"link-list-item-1\" class=\"t2-link-list-item__description\">Plattformen er utstyrt med avanserte verkt\u00f8y for \u00e5 oppdage og avverge DDoS-angrep. Denne funksjonen er avgj\u00f8rende for bedrifter som \u00f8nsker \u00e5 opprettholde kontinuerlig tilgjengelighet av sine tjenester og unng\u00e5 nedetid.<\/span>\t\t\t<\/div>\n\t\t<\/a>\n\t<\/li>\n\t\n\n\t<li class=\"t2-link-list-item wp-block-t2-link-list-item\">\n\t\t<a\n\t\t\thref=\"\"\n\t\t\tclass=\"t2-link-list-item__link t2-link-list__icon--inline-left\"\n\t\t\taria-describedby=\"link-list-item-2\"\t\t>\n\t\t\t\t\t\t<div class=\"t2-link-list-item__content\">\n\t\t\t\t<span class=\"t2-link-list-item__text\">\n\t\t\t\t\t<span class=\"t2-link-list-item__icon\"><span class=\"t2-link-list-item__icon-box\"><\/span><svg xmlns=\"http:\/\/www.w3.org\/2000\/svg\" viewBox=\"0 0 34 21\" height=\"24\" width=\"24\" class=\"t2-icon\" aria-hidden=\"true\" focusable=\"false\"><clipPath id=\"a\"><path d=\"m0 0h34v21h-34z\"\/><\/clipPath><g clip-path=\"url(#a)\"><path clip-rule=\"evenodd\" d=\"m28.5456 9.09456-6.3061-6.27616 1.9147-1.923869 9.6029 9.557169-9.6029 9.5572-1.9147-1.9239 6.3061-6.2762h-28.379096v-2.71424z\" fill=\"#e03135\" fill-rule=\"evenodd\"\/><\/g><\/svg><\/span>Skyoverv\u00e5kning\t\t\t\t<\/span>\n\t\t\t\t<span id=\"link-list-item-2\" class=\"t2-link-list-item__description\">Kentik st\u00f8tter overv\u00e5king av nettverkstrafikk i skybaserte milj\u00f8er, noe som er avgj\u00f8rende for bedrifter som har implementert en multicloud-strategi. Dette gir dem muligheten til \u00e5 optimalisere ytelsen og kostnadene ved deres skyressurser.<\/span>\t\t\t<\/div>\n\t\t<\/a>\n\t<\/li>\n\t\n\n\t<li class=\"t2-link-list-item wp-block-t2-link-list-item\">\n\t\t<a\n\t\t\thref=\"\"\n\t\t\tclass=\"t2-link-list-item__link t2-link-list__icon--inline-left\"\n\t\t\taria-describedby=\"link-list-item-3\"\t\t>\n\t\t\t\t\t\t<div class=\"t2-link-list-item__content\">\n\t\t\t\t<span class=\"t2-link-list-item__text\">\n\t\t\t\t\t<span class=\"t2-link-list-item__icon\"><span class=\"t2-link-list-item__icon-box\"><\/span><svg xmlns=\"http:\/\/www.w3.org\/2000\/svg\" viewBox=\"0 0 34 21\" height=\"24\" width=\"24\" class=\"t2-icon\" aria-hidden=\"true\" focusable=\"false\"><clipPath id=\"a\"><path d=\"m0 0h34v21h-34z\"\/><\/clipPath><g clip-path=\"url(#a)\"><path clip-rule=\"evenodd\" d=\"m28.5456 9.09456-6.3061-6.27616 1.9147-1.923869 9.6029 9.557169-9.6029 9.5572-1.9147-1.9239 6.3061-6.2762h-28.379096v-2.71424z\" fill=\"#e03135\" fill-rule=\"evenodd\"\/><\/g><\/svg><\/span>Rapportering og visualisering\t\t\t\t<\/span>\n\t\t\t\t<span id=\"link-list-item-3\" class=\"t2-link-list-item__description\">Kentik leverer omfattende rapporter og visualiseringsverkt\u00f8y som gj\u00f8r det enkelt for brukere \u00e5 forst\u00e5 og kommunisere nettverksdata til interessenter.<\/span>\t\t\t<\/div>\n\t\t<\/a>\n\t<\/li>\n\t\n<\/ul>\n<\/div>\n\n\t\t\t\t\n\t\t\t<\/div>\n\t\t<\/div>\n\n\n<div class=\"wp-block-media-text alignwide has-media-on-the-right is-stacked-on-mobile\"><div class=\"wp-block-media-text__content\">\n<h2 class=\"wp-block-heading\" id=\"h-sd-wan-best-practices\">SD-WAN Best Practices<\/h2>\n\n\n\n<p>SD-WAN er et p\u00e5litelig, raskt og sikkert WAN-nettverk.<br>Les mer om beste praksis for planlegging, overv\u00e5king, analyse og administrasjon av moderne SD-WAN.<\/p>\n\n\n\n<div class=\"wp-block-buttons is-layout-flex wp-block-buttons-is-layout-flex\">\n<div class=\"wp-block-button\"><a class=\"wp-block-button__link wp-element-button\" href=\"https:\/\/www.kentik.com\/blog\/sd-wan-best-practices\/\">SD-WAN<\/a><\/div>\n<\/div>\n<\/div><figure class=\"wp-block-media-text__media\"><img loading=\"lazy\" decoding=\"async\" width=\"1024\" height=\"535\" src=\"https:\/\/www.nlogic.no\/content\/uploads\/sites\/6\/2024\/01\/nlogic-sd-wan-best-practice-1024x535.png\" alt=\"\" class=\"wp-image-6146 size-full\" srcset=\"https:\/\/www.nlogic.no\/content\/uploads\/sites\/6\/2024\/01\/nlogic-sd-wan-best-practice-1024x535.png 1024w, https:\/\/www.nlogic.no\/content\/uploads\/sites\/6\/2024\/01\/nlogic-sd-wan-best-practice-300x157.png 300w, https:\/\/www.nlogic.no\/content\/uploads\/sites\/6\/2024\/01\/nlogic-sd-wan-best-practice-768x401.png 768w, https:\/\/www.nlogic.no\/content\/uploads\/sites\/6\/2024\/01\/nlogic-sd-wan-best-practice.png 1200w\" sizes=\"auto, (max-width: 1024px) 100vw, 1024px\" \/><\/figure><\/div>\n\n\n\n<div class=\"wp-block-media-text alignwide has-media-on-the-right is-stacked-on-mobile\" style=\"grid-template-columns:auto 20%\"><div class=\"wp-block-media-text__content\">\n<h2 class=\"wp-block-heading\" id=\"vart-samarbeid-med-kentik\">V\u00e5rt samarbeid med Kentik<\/h2>\n\n\n\n<p>Vi er stolte over \u00e5 samarbeide med Kentik, en ledende akt\u00f8r innen avansert nettverksanalyse. V\u00e5rt partnerskap er basert p\u00e5 en gjensidig forst\u00e5else av viktigheten av \u00e5 levere p\u00e5litelige nettverkstjenester, supplert med Kentiks ekspertise innen nettverksanalyse.<\/p>\n<\/div><figure class=\"wp-block-media-text__media\"><img loading=\"lazy\" decoding=\"async\" width=\"1000\" height=\"982\" src=\"https:\/\/www.nlogic.no\/content\/uploads\/sites\/6\/2023\/09\/kentik-logo-vertical-dark.png\" alt=\"\" class=\"wp-image-3820 size-full\" srcset=\"https:\/\/www.nlogic.no\/content\/uploads\/sites\/6\/2023\/09\/kentik-logo-vertical-dark.png 1000w, https:\/\/www.nlogic.no\/content\/uploads\/sites\/6\/2023\/09\/kentik-logo-vertical-dark-300x295.png 300w, https:\/\/www.nlogic.no\/content\/uploads\/sites\/6\/2023\/09\/kentik-logo-vertical-dark-768x754.png 768w\" sizes=\"auto, (max-width: 1000px) 100vw, 1000px\" \/><\/figure><\/div>\n","protected":false},"excerpt":{"rendered":"<p>En avansert nettverksanalyseplattform, optimaliser og forbedre din infrastruktur. <\/p>\n","protected":false},"author":5,"featured_media":3500,"parent":2564,"menu_order":0,"comment_status":"closed","ping_status":"closed","template":"","meta":{"dk_card_image_id":0,"footnotes":""},"class_list":["post-3819","page","type-page","status-publish","has-post-thumbnail","hentry"],"yoast_head":"<!-- This site is optimized with the Yoast SEO Premium plugin v20.13 (Yoast SEO v20.13) - https:\/\/yoast.com\/wordpress\/plugins\/seo\/ -->\n<title>Kentik, en avansert nettverksanalyseplattform,<\/title>\n<meta name=\"description\" content=\"Kentik er en ledende plattform innen nettverksanalyse som tilbyr avanserte l\u00f8sninger for de som \u00f8nsker \u00e5 optimalisere nettverksinfrastruktur.\" \/>\n<meta name=\"robots\" content=\"noindex, follow, max-snippet:-1, max-image-preview:large, max-video-preview:-1\" \/>\n<meta property=\"og:locale\" content=\"en_US\" \/>\n<meta property=\"og:type\" content=\"article\" \/>\n<meta property=\"og:title\" content=\"Kentik\" \/>\n<meta property=\"og:description\" content=\"Kentik er en ledende plattform innen nettverksanalyse som tilbyr avanserte l\u00f8sninger for de som \u00f8nsker \u00e5 optimalisere nettverksinfrastruktur.\" \/>\n<meta property=\"og:url\" content=\"https:\/\/www.nlogic.no\/english\/nettverksteknologi\/kentik\/\" \/>\n<meta property=\"og:site_name\" content=\"nLogic - Powered by Knowledge. Driven by Trust.\" \/>\n<meta property=\"article:publisher\" content=\"https:\/\/www.facebook.com\/nLogicAS\" \/>\n<meta property=\"article:modified_time\" content=\"2024-03-18T15:10:25+00:00\" \/>\n<meta property=\"og:image\" content=\"https:\/\/www.nlogic.no\/content\/uploads\/sites\/6\/2023\/08\/2023-nlogic-Kentik-black.png\" \/>\n\t<meta property=\"og:image:width\" content=\"1000\" \/>\n\t<meta property=\"og:image:height\" content=\"400\" \/>\n\t<meta property=\"og:image:type\" content=\"image\/png\" \/>\n<meta name=\"twitter:card\" content=\"summary_large_image\" \/>\n<meta name=\"twitter:label1\" content=\"Est. reading time\" \/>\n\t<meta name=\"twitter:data1\" content=\"2 minutes\" \/>\n<script type=\"application\/ld+json\" class=\"yoast-schema-graph\">{\"@context\":\"https:\/\/schema.org\",\"@graph\":[{\"@type\":\"WebPage\",\"@id\":\"https:\/\/www.nlogic.no\/english\/nettverksteknologi\/kentik\/\",\"url\":\"https:\/\/www.nlogic.no\/english\/nettverksteknologi\/kentik\/\",\"name\":\"Kentik, en avansert nettverksanalyseplattform,\",\"isPartOf\":{\"@id\":\"https:\/\/www.nlogic.no\/english\/#website\"},\"datePublished\":\"2023-09-11T07:37:35+00:00\",\"dateModified\":\"2024-03-18T15:10:25+00:00\",\"description\":\"Kentik er en ledende plattform innen nettverksanalyse som tilbyr avanserte l\u00f8sninger for de som \u00f8nsker \u00e5 optimalisere nettverksinfrastruktur.\",\"breadcrumb\":{\"@id\":\"https:\/\/www.nlogic.no\/english\/nettverksteknologi\/kentik\/#breadcrumb\"},\"inLanguage\":\"en-US\",\"potentialAction\":[{\"@type\":\"ReadAction\",\"target\":[\"https:\/\/www.nlogic.no\/english\/nettverksteknologi\/kentik\/\"]}]},{\"@type\":\"BreadcrumbList\",\"@id\":\"https:\/\/www.nlogic.no\/english\/nettverksteknologi\/kentik\/#breadcrumb\",\"itemListElement\":[{\"@type\":\"ListItem\",\"position\":1,\"name\":\"Nettverksteknologi\",\"item\":\"https:\/\/www.nlogic.no\/english\/nettverksteknologi\/\"},{\"@type\":\"ListItem\",\"position\":2,\"name\":\"Kentik\"}]},{\"@type\":\"WebSite\",\"@id\":\"https:\/\/www.nlogic.no\/english\/#website\",\"url\":\"https:\/\/www.nlogic.no\/english\/\",\"name\":\"nLogic - Powered by Knowledge. Driven by Trust.\",\"description\":\"\",\"publisher\":{\"@id\":\"https:\/\/www.nlogic.no\/english\/#organization\"},\"potentialAction\":[{\"@type\":\"SearchAction\",\"target\":{\"@type\":\"EntryPoint\",\"urlTemplate\":\"https:\/\/www.nlogic.no\/english\/?s={search_term_string}\"},\"query-input\":\"required name=search_term_string\"}],\"inLanguage\":\"en-US\"},{\"@type\":\"Organization\",\"@id\":\"https:\/\/www.nlogic.no\/english\/#organization\",\"name\":\"nLogic - Powered by Knowledge. Driven by Trust.\",\"url\":\"https:\/\/www.nlogic.no\/english\/\",\"logo\":{\"@type\":\"ImageObject\",\"inLanguage\":\"en-US\",\"@id\":\"https:\/\/www.nlogic.no\/english\/#\/schema\/logo\/image\/\",\"url\":\"https:\/\/www.nlogic.no\/content\/uploads\/sites\/6\/2023\/09\/nlogic-logo-1.svg\",\"contentUrl\":\"https:\/\/www.nlogic.no\/content\/uploads\/sites\/6\/2023\/09\/nlogic-logo-1.svg\",\"caption\":\"nLogic - Powered by Knowledge. Driven by Trust.\"},\"image\":{\"@id\":\"https:\/\/www.nlogic.no\/english\/#\/schema\/logo\/image\/\"},\"sameAs\":[\"https:\/\/www.facebook.com\/nLogicAS\",\"https:\/\/www.linkedin.com\/company\/nlogic-as\/\"]}]}<\/script>\n<!-- \/ Yoast SEO Premium plugin. -->","yoast_head_json":{"title":"Kentik, en avansert nettverksanalyseplattform,","description":"Kentik er en ledende plattform innen nettverksanalyse som tilbyr avanserte l\u00f8sninger for de som \u00f8nsker \u00e5 optimalisere nettverksinfrastruktur.","robots":{"index":"noindex","follow":"follow","max-snippet":"max-snippet:-1","max-image-preview":"max-image-preview:large","max-video-preview":"max-video-preview:-1"},"og_locale":"en_US","og_type":"article","og_title":"Kentik","og_description":"Kentik er en ledende plattform innen nettverksanalyse som tilbyr avanserte l\u00f8sninger for de som \u00f8nsker \u00e5 optimalisere nettverksinfrastruktur.","og_url":"https:\/\/www.nlogic.no\/english\/nettverksteknologi\/kentik\/","og_site_name":"nLogic - Powered by Knowledge. Driven by Trust.","article_publisher":"https:\/\/www.facebook.com\/nLogicAS","article_modified_time":"2024-03-18T15:10:25+00:00","og_image":[{"width":1000,"height":400,"url":"https:\/\/www.nlogic.no\/content\/uploads\/sites\/6\/2023\/08\/2023-nlogic-Kentik-black.png","type":"image\/png"}],"twitter_card":"summary_large_image","twitter_misc":{"Est. reading time":"2 minutes"},"schema":{"@context":"https:\/\/schema.org","@graph":[{"@type":"WebPage","@id":"https:\/\/www.nlogic.no\/english\/nettverksteknologi\/kentik\/","url":"https:\/\/www.nlogic.no\/english\/nettverksteknologi\/kentik\/","name":"Kentik, en avansert nettverksanalyseplattform,","isPartOf":{"@id":"https:\/\/www.nlogic.no\/english\/#website"},"datePublished":"2023-09-11T07:37:35+00:00","dateModified":"2024-03-18T15:10:25+00:00","description":"Kentik er en ledende plattform innen nettverksanalyse som tilbyr avanserte l\u00f8sninger for de som \u00f8nsker \u00e5 optimalisere nettverksinfrastruktur.","breadcrumb":{"@id":"https:\/\/www.nlogic.no\/english\/nettverksteknologi\/kentik\/#breadcrumb"},"inLanguage":"en-US","potentialAction":[{"@type":"ReadAction","target":["https:\/\/www.nlogic.no\/english\/nettverksteknologi\/kentik\/"]}]},{"@type":"BreadcrumbList","@id":"https:\/\/www.nlogic.no\/english\/nettverksteknologi\/kentik\/#breadcrumb","itemListElement":[{"@type":"ListItem","position":1,"name":"Nettverksteknologi","item":"https:\/\/www.nlogic.no\/english\/nettverksteknologi\/"},{"@type":"ListItem","position":2,"name":"Kentik"}]},{"@type":"WebSite","@id":"https:\/\/www.nlogic.no\/english\/#website","url":"https:\/\/www.nlogic.no\/english\/","name":"nLogic - Powered by Knowledge. Driven by Trust.","description":"","publisher":{"@id":"https:\/\/www.nlogic.no\/english\/#organization"},"potentialAction":[{"@type":"SearchAction","target":{"@type":"EntryPoint","urlTemplate":"https:\/\/www.nlogic.no\/english\/?s={search_term_string}"},"query-input":"required name=search_term_string"}],"inLanguage":"en-US"},{"@type":"Organization","@id":"https:\/\/www.nlogic.no\/english\/#organization","name":"nLogic - Powered by Knowledge. Driven by Trust.","url":"https:\/\/www.nlogic.no\/english\/","logo":{"@type":"ImageObject","inLanguage":"en-US","@id":"https:\/\/www.nlogic.no\/english\/#\/schema\/logo\/image\/","url":"https:\/\/www.nlogic.no\/content\/uploads\/sites\/6\/2023\/09\/nlogic-logo-1.svg","contentUrl":"https:\/\/www.nlogic.no\/content\/uploads\/sites\/6\/2023\/09\/nlogic-logo-1.svg","caption":"nLogic - Powered by Knowledge. Driven by Trust."},"image":{"@id":"https:\/\/www.nlogic.no\/english\/#\/schema\/logo\/image\/"},"sameAs":["https:\/\/www.facebook.com\/nLogicAS","https:\/\/www.linkedin.com\/company\/nlogic-as\/"]}]}},"_links":{"self":[{"href":"https:\/\/www.nlogic.no\/english\/wp-json\/wp\/v2\/pages\/3819","targetHints":{"allow":["GET"]}}],"collection":[{"href":"https:\/\/www.nlogic.no\/english\/wp-json\/wp\/v2\/pages"}],"about":[{"href":"https:\/\/www.nlogic.no\/english\/wp-json\/wp\/v2\/types\/page"}],"author":[{"embeddable":true,"href":"https:\/\/www.nlogic.no\/english\/wp-json\/wp\/v2\/users\/5"}],"replies":[{"embeddable":true,"href":"https:\/\/www.nlogic.no\/english\/wp-json\/wp\/v2\/comments?post=3819"}],"version-history":[{"count":4,"href":"https:\/\/www.nlogic.no\/english\/wp-json\/wp\/v2\/pages\/3819\/revisions"}],"predecessor-version":[{"id":6673,"href":"https:\/\/www.nlogic.no\/english\/wp-json\/wp\/v2\/pages\/3819\/revisions\/6673"}],"up":[{"embeddable":true,"href":"https:\/\/www.nlogic.no\/english\/wp-json\/wp\/v2\/pages\/2564"}],"wp:featuredmedia":[{"embeddable":true,"href":"https:\/\/www.nlogic.no\/english\/wp-json\/wp\/v2\/media\/3500"}],"wp:attachment":[{"href":"https:\/\/www.nlogic.no\/english\/wp-json\/wp\/v2\/media?parent=3819"}],"curies":[{"name":"wp","href":"https:\/\/api.w.org\/{rel}","templated":true}]}}