{"id":3072,"date":"2023-08-09T20:43:08","date_gmt":"2023-08-09T18:43:08","guid":{"rendered":"https:\/\/www.nlogic.no\/?page_id=3072"},"modified":"2023-09-26T13:44:08","modified_gmt":"2023-09-26T11:44:08","slug":"juniper-contrail-service-orchestration-sd-wan","status":"publish","type":"page","link":"https:\/\/www.nlogic.no\/english\/nettverksteknologi\/hpe-juniper-networking\/juniper-contrail-service-orchestration-sd-wan\/","title":{"rendered":"Juniper Contrail Service Orchestration SD-WAN"},"content":{"rendered":"<div class=\"nlogic-hero alignfull with-pattern-flowers with-excerpt is-style-light wp-block-nlogic-hero\">\n\t\t\t<div class=\"hero-content container\">\n\t\t\t\t<svg width=\"1361\" height=\"674\" viewBox=\"0 0 1361 674\" fill=\"none\" xmlns=\"http:\/\/www.w3.org\/2000\/svg\">\n<g opacity=\"0.5\">\n<g opacity=\"0.7\">\n<path d=\"M409.727 240.238L543.298 316.227L543.298 468.206\" stroke=\"#111111\" stroke-width=\"0.505025\" stroke-dasharray=\"6.06 6.06\"\/>\n<path d=\"M677.34 239.766L543.297 316.227L543.297 468.205\" stroke=\"#111111\" stroke-width=\"0.505025\" stroke-dasharray=\"6.06 6.06\"\/>\n<path d=\"M534.618 467.55L415.772 398.934C410.4 395.833 407.091 390.102 407.091 383.9L407.091 246.668C407.091 240.465 410.4 234.734 415.772 231.633L534.618 163.017C539.989 159.916 546.607 159.916 551.978 163.017L670.825 231.633C676.196 234.734 679.505 240.465 679.505 246.668L679.505 383.9C679.505 390.102 676.196 395.833 670.825 398.934L551.978 467.55C546.607 470.651 539.989 470.651 534.618 467.55Z\" stroke=\"#111111\" stroke-width=\"0.630441\"\/>\n<path d=\"M409.847 392.215L540.911 315.799C542.463 314.894 543.418 313.233 543.418 311.436L543.418 161.415\" stroke=\"#111111\" stroke-width=\"0.630441\"\/>\n<path d=\"M677.459 391.508L543.296 314.339\" stroke=\"#111111\" stroke-width=\"0.630441\"\/>\n<\/g>\n<g opacity=\"0.7\">\n<path opacity=\"0.7\" d=\"M140.079 401.996L273.65 477.985L273.65 629.964\" stroke=\"#111111\" stroke-width=\"0.5\" stroke-dasharray=\"6.06 6.06\"\/>\n<path opacity=\"0.7\" d=\"M407.692 401.523L273.649 477.985L273.649 629.963\" stroke=\"#111111\" stroke-width=\"0.5\" stroke-dasharray=\"6.06 6.06\"\/>\n<path opacity=\"0.7\" d=\"M264.936 629.361L146.09 560.745C140.698 557.632 137.377 551.879 137.377 545.653L137.377 408.422C137.377 402.196 140.698 396.443 146.09 393.33L264.936 324.714C270.327 321.602 276.97 321.602 282.362 324.714L401.208 393.33C406.6 396.443 409.921 402.196 409.921 408.422L409.921 545.653C409.921 551.879 406.599 557.632 401.208 560.745L282.362 629.361C276.97 632.473 270.327 632.473 264.936 629.361Z\" stroke=\"#111111\" stroke-width=\"0.5\"\/>\n<path opacity=\"0.7\" d=\"M140.198 553.973L271.263 477.557C272.815 476.652 273.769 474.991 273.769 473.194L273.769 323.173\" stroke=\"#111111\" stroke-width=\"0.5\"\/>\n<path opacity=\"0.7\" d=\"M407.813 553.266L273.651 476.096\" stroke=\"#111111\" stroke-width=\"0.5\"\/>\n<\/g>\n<path opacity=\"0.7\" d=\"M137.241 555.656L9.55639 481.938C4.08745 478.78 0.718433 472.945 0.718433 466.63L0.718421 329.398C0.71842 323.083 4.08742 317.248 9.55636 314.09L128.403 245.474C133.872 242.317 140.61 242.317 146.078 245.474L273.763 319.193\" stroke=\"#111111\" stroke-width=\"0.5\"\/>\n<path opacity=\"0.7\" d=\"M1225 391.578L1351.73 320.005C1357.29 316.87 1360.72 310.989 1360.72 304.614L1360.72 171.956C1360.72 165.581 1357.29 159.7 1351.73 156.565L1233.7 89.9014C1228.3 86.8548 1221.71 86.8548 1216.31 89.9014L1089.29 161.639\" stroke=\"#111111\" stroke-width=\"0.5\"\/>\n<path opacity=\"0.7\" d=\"M409.911 412.118L409.911 545.793C409.911 552.055 413.224 557.849 418.62 561.026L535.061 629.567C540.598 632.826 547.468 632.824 553.003 629.561L669.043 561.156C674.434 557.978 677.743 552.186 677.743 545.929L677.743 398.385\" stroke=\"#111111\" stroke-width=\"0.5\"\/>\n<path opacity=\"0.7\" d=\"M683.008 82.5977L816.579 158.587L816.579 310.565\" stroke=\"#111111\" stroke-width=\"0.5\" stroke-dasharray=\"6.06 6.06\"\/>\n<path opacity=\"0.7\" d=\"M950.621 82.125L816.578 158.586L816.578 310.565\" stroke=\"#111111\" stroke-width=\"0.5\" stroke-dasharray=\"6.06 6.06\"\/>\n<path opacity=\"0.7\" d=\"M807.866 309.966L689.02 241.35C683.629 238.237 680.307 232.485 680.307 226.259L680.307 89.0271C680.307 82.8014 683.629 77.0486 689.02 73.9358L807.866 5.31987C813.258 2.20701 819.901 2.20701 825.292 5.31984L944.139 73.9357C949.53 77.0486 952.852 82.8014 952.852 89.027L952.851 226.259C952.851 232.485 949.53 238.237 944.138 241.35L825.292 309.966C819.901 313.079 813.258 313.079 807.866 309.966Z\" stroke=\"#111111\" stroke-width=\"0.5\"\/>\n<path opacity=\"0.7\" d=\"M683.127 234.574L814.192 158.158C815.744 157.254 816.698 155.592 816.698 153.796L816.698 3.77467\" stroke=\"#111111\" stroke-width=\"0.5\"\/>\n<path opacity=\"0.7\" d=\"M950.74 233.867L816.578 156.698\" stroke=\"#111111\" stroke-width=\"0.5\"\/>\n<g opacity=\"0.7\">\n<path opacity=\"0.7\" d=\"M956.285 240.238L1089.86 316.227L1089.86 468.206\" stroke=\"#111111\" stroke-width=\"0.5\" stroke-dasharray=\"6.06 6.06\"\/>\n<path opacity=\"0.7\" d=\"M1223.9 239.766L1089.86 316.227L1089.86 468.205\" stroke=\"#111111\" stroke-width=\"0.5\" stroke-dasharray=\"6.06 6.06\"\/>\n<path opacity=\"0.7\" d=\"M1081.14 467.607L962.298 398.991C956.906 395.878 953.585 390.125 953.585 383.9L953.585 246.668C953.585 240.442 956.906 234.689 962.298 231.576L1081.14 162.96C1086.54 159.848 1093.18 159.848 1098.57 162.96L1217.42 231.576C1222.81 234.689 1226.13 240.442 1226.13 246.668L1226.13 383.9C1226.13 390.125 1222.81 395.878 1217.42 398.991L1098.57 467.607C1093.18 470.72 1086.54 470.72 1081.14 467.607Z\" stroke=\"#111111\" stroke-width=\"0.5\"\/>\n<path opacity=\"0.7\" d=\"M956.404 392.215L1087.47 315.799C1089.02 314.894 1089.98 313.233 1089.98 311.436L1089.98 161.415\" stroke=\"#111111\" stroke-width=\"0.5\"\/>\n<path opacity=\"0.7\" d=\"M1224.02 391.508L1089.86 314.339\" stroke=\"#111111\" stroke-width=\"0.5\"\/>\n<\/g>\n<\/g>\n<\/svg>\n\n\t\t\t\t<h1>Juniper Contrail Service Orchestration SD-WAN<\/h1>\n\t\t\t\t<div class=\"excerpt\"><p>Rask provisjonering, administrasjon og sikkerhet p\u00e5 forskjellige lokasjoner.<\/p>\n<\/div>\n\t\t\t\t\n\t\t\t\t\n\t\t\t<\/div>\n\t\t<\/div>\n\n\n<p>N\u00e5r bedriften endrer seg og vokser, kan behovet for \u00e5 administrere nye kontorer og lokasjoner bli en utfordring.&nbsp;Juniper sin CSO-l\u00f8sning hjelper deg, ved \u00e5 etablere en enkel vei til sikkerhet og automatisering i hele bedriften.&nbsp;Den utvider intelligens og automatisering til alle nettverkssegmentene dine, inkludert WAN, samt kablede og tr\u00e5dl\u00f8se nettverk p\u00e5 alle lokasjoner.<\/p>\n\n\n\n<h2 class=\"wp-block-heading\" id=\"fordeler-med-juniper-contrail-service-orchestration-sd-wan\">Fordeler med Juniper Contrail Service Orchestration SD-WAN <\/h2>\n\n\n\n\t\t<div class=\"t2-selling-points has-4-blocks wp-block-t2-selling-points t2-grid\">\n\n\t\t<div class=\"t2-selling-point wp-block-t2-selling-point  t2-grid-item-col-6\">\n\t\t\t<div class=\"t2-selling-point__icon\"><svg xmlns=\"http:\/\/www.w3.org\/2000\/svg\" viewBox=\"0 0 34 34\" height=\"40\" width=\"40\" class=\"t2-icon\" aria-hidden=\"true\" focusable=\"false\"><path fill-rule=\"evenodd\" clip-rule=\"evenodd\" d=\"M34 17C34 26.3888 26.3888 34 17 34C7.61116 34 0 26.3888 0 17C0 7.61116 7.61116 0 17 0C26.3888 0 34 7.61116 34 17ZM14.5003 25.8287L27.8287 12.5003L25.0003 9.67188L14.5003 20.1719L9.5003 15.1719L6.67188 18.0003L14.5003 25.8287Z\" fill=\"#212121\" \/><\/svg><\/div><div class=\"t2-selling-point__title\">Enkel administrasjon og drift<\/div>\n\t\t<\/div>\n\n\n\t\t<div class=\"t2-selling-point wp-block-t2-selling-point  t2-grid-item-col-6\">\n\t\t\t<div class=\"t2-selling-point__icon\"><svg xmlns=\"http:\/\/www.w3.org\/2000\/svg\" viewBox=\"0 0 34 34\" height=\"40\" width=\"40\" class=\"t2-icon\" aria-hidden=\"true\" focusable=\"false\"><path fill-rule=\"evenodd\" clip-rule=\"evenodd\" d=\"M34 17C34 26.3888 26.3888 34 17 34C7.61116 34 0 26.3888 0 17C0 7.61116 7.61116 0 17 0C26.3888 0 34 7.61116 34 17ZM14.5003 25.8287L27.8287 12.5003L25.0003 9.67188L14.5003 20.1719L9.5003 15.1719L6.67188 18.0003L14.5003 25.8287Z\" fill=\"#212121\" \/><\/svg><\/div><div class=\"t2-selling-point__title\">Fleksibilitet<\/div>\n\t\t<\/div>\n\n\n\t\t<div class=\"t2-selling-point wp-block-t2-selling-point  t2-grid-item-col-6\">\n\t\t\t<div class=\"t2-selling-point__icon\"><svg xmlns=\"http:\/\/www.w3.org\/2000\/svg\" viewBox=\"0 0 34 34\" height=\"40\" width=\"40\" class=\"t2-icon\" aria-hidden=\"true\" focusable=\"false\"><path fill-rule=\"evenodd\" clip-rule=\"evenodd\" d=\"M34 17C34 26.3888 26.3888 34 17 34C7.61116 34 0 26.3888 0 17C0 7.61116 7.61116 0 17 0C26.3888 0 34 7.61116 34 17ZM14.5003 25.8287L27.8287 12.5003L25.0003 9.67188L14.5003 20.1719L9.5003 15.1719L6.67188 18.0003L14.5003 25.8287Z\" fill=\"#212121\" \/><\/svg><\/div><div class=\"t2-selling-point__title\">Enhetlig AI-dreven sikkerhet<\/div>\n\t\t<\/div>\n\n\n\t\t<div class=\"t2-selling-point wp-block-t2-selling-point  t2-grid-item-col-6\">\n\t\t\t<div class=\"t2-selling-point__icon\"><svg xmlns=\"http:\/\/www.w3.org\/2000\/svg\" viewBox=\"0 0 34 34\" height=\"40\" width=\"40\" class=\"t2-icon\" aria-hidden=\"true\" focusable=\"false\"><path fill-rule=\"evenodd\" clip-rule=\"evenodd\" d=\"M34 17C34 26.3888 26.3888 34 17 34C7.61116 34 0 26.3888 0 17C0 7.61116 7.61116 0 17 0C26.3888 0 34 7.61116 34 17ZM14.5003 25.8287L27.8287 12.5003L25.0003 9.67188L14.5003 20.1719L9.5003 15.1719L6.67188 18.0003L14.5003 25.8287Z\" fill=\"#212121\" \/><\/svg><\/div><div class=\"t2-selling-point__title\">Applikasjonsbevisst analyse og dynamisk routing<\/div>\n\t\t<\/div>\n<\/div>\n\n\n<h2 class=\"wp-block-heading\" id=\"administrasjon-som-en-tjeneste-fra-skyen\">Administrasjon som en tjeneste fra skyen<\/h2>\n\n\n\n<p>Contrail Service Orchestration (CSO) SD-WAN leverer kraften i et&nbsp;programvaredefinert nettverk (SDN) til alle lokasjonene dine, slik at du ikke trenger \u00e5 kj\u00f8re maskinbaserte kontrollere eller programmer for \u00e5 administrere WAN, LAN og Wi-Fi-nettverk.&nbsp;Det leverer ogs\u00e5 en ende-til-ende sikkerhetspolicy og synlighet til alle distribuerte lokasjoner.&nbsp;Juniper Networks endepunkter for Internettaksess inkluderer avansert trafikkinspeksjon for applikasjoner og sikkerhet. AppQoE-funksjonen m\u00e5ler og forbedrer brukernes applikasjonsopplevelser, p\u00e5 tvers av dine lokasjoner.<\/p>\n\n\n\n<figure class=\"wp-block-image size-large\"><img loading=\"lazy\" decoding=\"async\" width=\"1024\" height=\"649\" src=\"https:\/\/www.nlogic.no\/content\/uploads\/sites\/6\/2023\/08\/nlogic-juniper-contrail-sdwan-1024x649.png\" alt=\"\" class=\"wp-image-3073\" srcset=\"https:\/\/www.nlogic.no\/content\/uploads\/sites\/6\/2023\/08\/nlogic-juniper-contrail-sdwan-1024x649.png 1024w, https:\/\/www.nlogic.no\/content\/uploads\/sites\/6\/2023\/08\/nlogic-juniper-contrail-sdwan-300x190.png 300w, https:\/\/www.nlogic.no\/content\/uploads\/sites\/6\/2023\/08\/nlogic-juniper-contrail-sdwan-768x486.png 768w, https:\/\/www.nlogic.no\/content\/uploads\/sites\/6\/2023\/08\/nlogic-juniper-contrail-sdwan-1536x973.png 1536w, https:\/\/www.nlogic.no\/content\/uploads\/sites\/6\/2023\/08\/nlogic-juniper-contrail-sdwan-2048x1297.png 2048w\" sizes=\"auto, (max-width: 1024px) 100vw, 1024px\" \/><\/figure>\n\n\n\n<h2 class=\"wp-block-heading\" id=\"enkel-implementering-med-juniper-zero-touch-provisioning\">Enkel implementering med Juniper Zero Touch Provisioning<\/h2>\n\n\n\n<p>Med Juniper sin ZTP-funksjon (zero-touch provisioning) kan du aktivere nye lokasjoner, kun&nbsp;ved \u00e5 koble opp en Juniper SRX, eller &#8211; NFX, som er enheter med integrert neste generasjons brannmur og trusselforebyggende evner.&nbsp;Med konsistent konfigurasjon og sikkerhet automatisk implementert, blir lokasjonenene dine enkelt satt opp til \u00e5 f\u00e5 tilgang til bedrifts- og skytjenester.<\/p>\n\n\n\n<h2 class=\"wp-block-heading\" id=\"spar-tid-med-forenklet-drift\">Spar tid med forenklet drift<\/h2>\n\n\n\n<p>Den programvaredefinerte lokasjonen (SD-Branch) forenkler driften ytterligere, ved \u00e5 konsolidere flere tjenester sammen i NFX-serien.&nbsp;NFX-serien kobler sammen valget ditt av Juniper og tredjeparts nettverkstjenester og applikasjoner, for eksempel edge computing, IoT-caching og retailsystemer.&nbsp;I tillegg konsoliderer CSO SD-WAN administrasjonen av lokasjonens WAN, LAN og Wi-Fi-nettverk.<\/p>\n","protected":false},"excerpt":{"rendered":"<p>Rask provisjonering, administrasjon og sikkerhet p\u00e5 forskjellige lokasjoner.<\/p>\n","protected":false},"author":5,"featured_media":4980,"parent":2647,"menu_order":0,"comment_status":"closed","ping_status":"closed","template":"","meta":{"dk_card_image_id":0,"footnotes":""},"class_list":["post-3072","page","type-page","status-publish","has-post-thumbnail","hentry"],"yoast_head":"<!-- This site is optimized with the Yoast SEO Premium plugin v20.13 (Yoast SEO v20.13) - https:\/\/yoast.com\/wordpress\/plugins\/seo\/ -->\n<title>Juniper Contrail Service Orchestration SD-WAN - nLogic<\/title>\n<meta name=\"description\" content=\"Juniper sin CSO-l\u00f8sning hjelper deg, ved \u00e5 etablere en enkel vei til sikkerhet og automatisering i hele bedriften - nLogic\" \/>\n<meta name=\"robots\" content=\"noindex, follow, max-snippet:-1, max-image-preview:large, max-video-preview:-1\" \/>\n<meta property=\"og:locale\" content=\"en_US\" \/>\n<meta property=\"og:type\" content=\"article\" \/>\n<meta property=\"og:title\" content=\"Juniper Contrail Service Orchestration SD-WAN\" \/>\n<meta property=\"og:description\" content=\"Juniper sin CSO-l\u00f8sning hjelper deg, ved \u00e5 etablere en enkel vei til sikkerhet og automatisering i hele bedriften - nLogic\" \/>\n<meta property=\"og:url\" content=\"https:\/\/www.nlogic.no\/english\/nettverksteknologi\/hpe-juniper-networking\/juniper-contrail-service-orchestration-sd-wan\/\" \/>\n<meta property=\"og:site_name\" content=\"nLogic - Powered by Knowledge. Driven by Trust.\" \/>\n<meta property=\"article:publisher\" content=\"https:\/\/www.facebook.com\/nLogicAS\" \/>\n<meta property=\"article:modified_time\" content=\"2023-09-26T11:44:08+00:00\" \/>\n<meta property=\"og:image\" content=\"https:\/\/www.nlogic.no\/content\/uploads\/sites\/6\/2023\/09\/nlogic-team-9-scaled.jpg\" \/>\n\t<meta property=\"og:image:width\" content=\"2560\" \/>\n\t<meta property=\"og:image:height\" content=\"1707\" \/>\n\t<meta property=\"og:image:type\" content=\"image\/jpeg\" \/>\n<meta name=\"twitter:card\" content=\"summary_large_image\" \/>\n<meta name=\"twitter:label1\" content=\"Est. reading time\" \/>\n\t<meta name=\"twitter:data1\" content=\"2 minutes\" \/>\n<script type=\"application\/ld+json\" class=\"yoast-schema-graph\">{\"@context\":\"https:\/\/schema.org\",\"@graph\":[{\"@type\":\"WebPage\",\"@id\":\"https:\/\/www.nlogic.no\/english\/nettverksteknologi\/hpe-juniper-networking\/juniper-contrail-service-orchestration-sd-wan\/\",\"url\":\"https:\/\/www.nlogic.no\/english\/nettverksteknologi\/hpe-juniper-networking\/juniper-contrail-service-orchestration-sd-wan\/\",\"name\":\"Juniper Contrail Service Orchestration SD-WAN - nLogic\",\"isPartOf\":{\"@id\":\"https:\/\/www.nlogic.no\/english\/#website\"},\"datePublished\":\"2023-08-09T18:43:08+00:00\",\"dateModified\":\"2023-09-26T11:44:08+00:00\",\"description\":\"Juniper sin CSO-l\u00f8sning hjelper deg, ved \u00e5 etablere en enkel vei til sikkerhet og automatisering i hele bedriften - nLogic\",\"breadcrumb\":{\"@id\":\"https:\/\/www.nlogic.no\/english\/nettverksteknologi\/hpe-juniper-networking\/juniper-contrail-service-orchestration-sd-wan\/#breadcrumb\"},\"inLanguage\":\"en-US\",\"potentialAction\":[{\"@type\":\"ReadAction\",\"target\":[\"https:\/\/www.nlogic.no\/english\/nettverksteknologi\/hpe-juniper-networking\/juniper-contrail-service-orchestration-sd-wan\/\"]}]},{\"@type\":\"BreadcrumbList\",\"@id\":\"https:\/\/www.nlogic.no\/english\/nettverksteknologi\/hpe-juniper-networking\/juniper-contrail-service-orchestration-sd-wan\/#breadcrumb\",\"itemListElement\":[{\"@type\":\"ListItem\",\"position\":1,\"name\":\"Nettverksteknologi\",\"item\":\"https:\/\/www.nlogic.no\/english\/nettverksteknologi\/\"},{\"@type\":\"ListItem\",\"position\":2,\"name\":\"HPE Juniper Networking\",\"item\":\"https:\/\/www.nlogic.no\/english\/nettverksteknologi\/hpe-juniper-networking\/\"},{\"@type\":\"ListItem\",\"position\":3,\"name\":\"Juniper Contrail Service Orchestration SD-WAN\"}]},{\"@type\":\"WebSite\",\"@id\":\"https:\/\/www.nlogic.no\/english\/#website\",\"url\":\"https:\/\/www.nlogic.no\/english\/\",\"name\":\"nLogic - Powered by Knowledge. Driven by Trust.\",\"description\":\"\",\"publisher\":{\"@id\":\"https:\/\/www.nlogic.no\/english\/#organization\"},\"potentialAction\":[{\"@type\":\"SearchAction\",\"target\":{\"@type\":\"EntryPoint\",\"urlTemplate\":\"https:\/\/www.nlogic.no\/english\/?s={search_term_string}\"},\"query-input\":\"required name=search_term_string\"}],\"inLanguage\":\"en-US\"},{\"@type\":\"Organization\",\"@id\":\"https:\/\/www.nlogic.no\/english\/#organization\",\"name\":\"nLogic - Powered by Knowledge. Driven by Trust.\",\"url\":\"https:\/\/www.nlogic.no\/english\/\",\"logo\":{\"@type\":\"ImageObject\",\"inLanguage\":\"en-US\",\"@id\":\"https:\/\/www.nlogic.no\/english\/#\/schema\/logo\/image\/\",\"url\":\"https:\/\/www.nlogic.no\/content\/uploads\/sites\/6\/2023\/09\/nlogic-logo-1.svg\",\"contentUrl\":\"https:\/\/www.nlogic.no\/content\/uploads\/sites\/6\/2023\/09\/nlogic-logo-1.svg\",\"caption\":\"nLogic - Powered by Knowledge. Driven by Trust.\"},\"image\":{\"@id\":\"https:\/\/www.nlogic.no\/english\/#\/schema\/logo\/image\/\"},\"sameAs\":[\"https:\/\/www.facebook.com\/nLogicAS\",\"https:\/\/www.linkedin.com\/company\/nlogic-as\/\"]}]}<\/script>\n<!-- \/ Yoast SEO Premium plugin. -->","yoast_head_json":{"title":"Juniper Contrail Service Orchestration SD-WAN - nLogic","description":"Juniper sin CSO-l\u00f8sning hjelper deg, ved \u00e5 etablere en enkel vei til sikkerhet og automatisering i hele bedriften - nLogic","robots":{"index":"noindex","follow":"follow","max-snippet":"max-snippet:-1","max-image-preview":"max-image-preview:large","max-video-preview":"max-video-preview:-1"},"og_locale":"en_US","og_type":"article","og_title":"Juniper Contrail Service Orchestration SD-WAN","og_description":"Juniper sin CSO-l\u00f8sning hjelper deg, ved \u00e5 etablere en enkel vei til sikkerhet og automatisering i hele bedriften - nLogic","og_url":"https:\/\/www.nlogic.no\/english\/nettverksteknologi\/hpe-juniper-networking\/juniper-contrail-service-orchestration-sd-wan\/","og_site_name":"nLogic - Powered by Knowledge. Driven by Trust.","article_publisher":"https:\/\/www.facebook.com\/nLogicAS","article_modified_time":"2023-09-26T11:44:08+00:00","og_image":[{"width":2560,"height":1707,"url":"https:\/\/www.nlogic.no\/content\/uploads\/sites\/6\/2023\/09\/nlogic-team-9-scaled.jpg","type":"image\/jpeg"}],"twitter_card":"summary_large_image","twitter_misc":{"Est. reading time":"2 minutes"},"schema":{"@context":"https:\/\/schema.org","@graph":[{"@type":"WebPage","@id":"https:\/\/www.nlogic.no\/english\/nettverksteknologi\/hpe-juniper-networking\/juniper-contrail-service-orchestration-sd-wan\/","url":"https:\/\/www.nlogic.no\/english\/nettverksteknologi\/hpe-juniper-networking\/juniper-contrail-service-orchestration-sd-wan\/","name":"Juniper Contrail Service Orchestration SD-WAN - nLogic","isPartOf":{"@id":"https:\/\/www.nlogic.no\/english\/#website"},"datePublished":"2023-08-09T18:43:08+00:00","dateModified":"2023-09-26T11:44:08+00:00","description":"Juniper sin CSO-l\u00f8sning hjelper deg, ved \u00e5 etablere en enkel vei til sikkerhet og automatisering i hele bedriften - nLogic","breadcrumb":{"@id":"https:\/\/www.nlogic.no\/english\/nettverksteknologi\/hpe-juniper-networking\/juniper-contrail-service-orchestration-sd-wan\/#breadcrumb"},"inLanguage":"en-US","potentialAction":[{"@type":"ReadAction","target":["https:\/\/www.nlogic.no\/english\/nettverksteknologi\/hpe-juniper-networking\/juniper-contrail-service-orchestration-sd-wan\/"]}]},{"@type":"BreadcrumbList","@id":"https:\/\/www.nlogic.no\/english\/nettverksteknologi\/hpe-juniper-networking\/juniper-contrail-service-orchestration-sd-wan\/#breadcrumb","itemListElement":[{"@type":"ListItem","position":1,"name":"Nettverksteknologi","item":"https:\/\/www.nlogic.no\/english\/nettverksteknologi\/"},{"@type":"ListItem","position":2,"name":"HPE Juniper Networking","item":"https:\/\/www.nlogic.no\/english\/nettverksteknologi\/hpe-juniper-networking\/"},{"@type":"ListItem","position":3,"name":"Juniper Contrail Service Orchestration SD-WAN"}]},{"@type":"WebSite","@id":"https:\/\/www.nlogic.no\/english\/#website","url":"https:\/\/www.nlogic.no\/english\/","name":"nLogic - Powered by Knowledge. Driven by Trust.","description":"","publisher":{"@id":"https:\/\/www.nlogic.no\/english\/#organization"},"potentialAction":[{"@type":"SearchAction","target":{"@type":"EntryPoint","urlTemplate":"https:\/\/www.nlogic.no\/english\/?s={search_term_string}"},"query-input":"required name=search_term_string"}],"inLanguage":"en-US"},{"@type":"Organization","@id":"https:\/\/www.nlogic.no\/english\/#organization","name":"nLogic - Powered by Knowledge. Driven by Trust.","url":"https:\/\/www.nlogic.no\/english\/","logo":{"@type":"ImageObject","inLanguage":"en-US","@id":"https:\/\/www.nlogic.no\/english\/#\/schema\/logo\/image\/","url":"https:\/\/www.nlogic.no\/content\/uploads\/sites\/6\/2023\/09\/nlogic-logo-1.svg","contentUrl":"https:\/\/www.nlogic.no\/content\/uploads\/sites\/6\/2023\/09\/nlogic-logo-1.svg","caption":"nLogic - Powered by Knowledge. Driven by Trust."},"image":{"@id":"https:\/\/www.nlogic.no\/english\/#\/schema\/logo\/image\/"},"sameAs":["https:\/\/www.facebook.com\/nLogicAS","https:\/\/www.linkedin.com\/company\/nlogic-as\/"]}]}},"_links":{"self":[{"href":"https:\/\/www.nlogic.no\/english\/wp-json\/wp\/v2\/pages\/3072","targetHints":{"allow":["GET"]}}],"collection":[{"href":"https:\/\/www.nlogic.no\/english\/wp-json\/wp\/v2\/pages"}],"about":[{"href":"https:\/\/www.nlogic.no\/english\/wp-json\/wp\/v2\/types\/page"}],"author":[{"embeddable":true,"href":"https:\/\/www.nlogic.no\/english\/wp-json\/wp\/v2\/users\/5"}],"replies":[{"embeddable":true,"href":"https:\/\/www.nlogic.no\/english\/wp-json\/wp\/v2\/comments?post=3072"}],"version-history":[{"count":5,"href":"https:\/\/www.nlogic.no\/english\/wp-json\/wp\/v2\/pages\/3072\/revisions"}],"predecessor-version":[{"id":4969,"href":"https:\/\/www.nlogic.no\/english\/wp-json\/wp\/v2\/pages\/3072\/revisions\/4969"}],"up":[{"embeddable":true,"href":"https:\/\/www.nlogic.no\/english\/wp-json\/wp\/v2\/pages\/2647"}],"wp:featuredmedia":[{"embeddable":true,"href":"https:\/\/www.nlogic.no\/english\/wp-json\/wp\/v2\/media\/4980"}],"wp:attachment":[{"href":"https:\/\/www.nlogic.no\/english\/wp-json\/wp\/v2\/media?parent=3072"}],"curies":[{"name":"wp","href":"https:\/\/api.w.org\/{rel}","templated":true}]}}