{"id":2709,"date":"2023-08-01T08:49:00","date_gmt":"2023-08-01T06:49:00","guid":{"rendered":"https:\/\/www.nlogic.no\/?page_id=2709"},"modified":"2025-09-15T17:21:55","modified_gmt":"2025-09-15T15:21:55","slug":"smartoptics","status":"publish","type":"page","link":"https:\/\/www.nlogic.no\/english\/nettverksteknologi\/smartoptics\/","title":{"rendered":"Smartoptics"},"content":{"rendered":"<div class=\"nlogic-hero alignfull with-excerpt wp-block-nlogic-hero\">\n\t\t\t<div class=\"hero-content container\">\n\t\t\t\t\n\t\t\t\t<h1>Smartoptics<\/h1>\n\t\t\t\t<div class=\"excerpt\"><p><strong>Kostnadseffektive og skalerbare optiske nettverksl\u00f8sninger for datatransport og lagring<\/strong><\/p>\n<\/div>\n\t\t\t\t\n\t\t\t\t\n\t\t\t<\/div>\n\t\t<\/div>\n\n<div class=\"nlogic-section alignfull layout-1-column content-align-top is-style-transparent wp-block-nlogic-section\">\n\t\t\t<div class=\"content-columns container\">\n\t\t\t\t\n\t\t\t\t\n<div class=\"nlogic-section-content wp-block-nlogic-section-content\">\n\n<div class=\"wp-block-columns is-layout-flex wp-container-core-columns-is-layout-1 wp-block-columns-is-layout-flex\">\n<div class=\"wp-block-column is-layout-flow wp-block-column-is-layout-flow\" style=\"flex-basis:33.33%\">\n<h2 class=\"wp-block-heading\" id=\"om-smartoptics\">Om Smartoptics<\/h2>\n<\/div>\n\n\n\n<div class=\"wp-block-column is-layout-flow wp-block-column-is-layout-flow\" style=\"flex-basis:66.66%\">\n<p>Smartoptics leverer optiske nettverksl\u00f8sninger for datatransport og lagring, og spesialiserer seg p\u00e5 <a href=\"https:\/\/www.nlogic.no\/aktuelt\/hva-er-wdm\/\">Wavelength Division Multiplexing (WDM)<\/a> og Optical Transport Network (OTN) l\u00f8sninger. Produktene muliggj\u00f8r effektiv og p\u00e5litelig overf\u00f8ring av store mengder data over lange avstander.\u00a0<\/p>\n<\/div>\n<\/div>\n\n\n\n<div class=\"wp-block-columns is-layout-flex wp-container-core-columns-is-layout-2 wp-block-columns-is-layout-flex\">\n<div class=\"wp-block-column is-layout-flow wp-block-column-is-layout-flow\" style=\"flex-basis:33.33%\">\n<h2 class=\"wp-block-heading\" id=\"om-smartoptics\">Hvorfor v\u00e5re kunder velger Smartoptics<\/h2>\n<\/div>\n\n\n\n<div class=\"wp-block-column is-layout-flow wp-block-column-is-layout-flow\" style=\"flex-basis:66.66%\">\n<p>Ved \u00e5 fokusere p\u00e5 kostnadseffektivitet og evnen til \u00e5 skalere f\u00e5r kundene en betydelig fordel n\u00e5r det gjelder \u00e5 bygge og administrere optiske nettverk p\u00e5 en optimal m\u00e5te.<\/p>\n<\/div>\n<\/div>\n\n<\/div>\n\n\t\t\t\t\n\t\t\t<\/div>\n\t\t<\/div>\n\n\n<div style=\"height:2px\" aria-hidden=\"true\" class=\"wp-block-spacer\"><\/div>\n\n\n<ul class=\"t2-link-list has-auto-columns alignwide wp-block-t2-link-list\">\n\t<li class=\"t2-link-list-item wp-block-t2-link-list-item\">\n\t\t<a\n\t\t\thref=\"\"\n\t\t\tclass=\"t2-link-list-item__link t2-link-list__icon--inline-left\"\n\t\t\taria-describedby=\"link-list-item\"\t\t>\n\t\t\t\t\t\t<div class=\"t2-link-list-item__content\">\n\t\t\t\t<span class=\"t2-link-list-item__text\">\n\t\t\t\t\t<span class=\"t2-link-list-item__icon\"><span class=\"t2-link-list-item__icon-box\"><\/span><svg xmlns=\"http:\/\/www.w3.org\/2000\/svg\" viewBox=\"0 0 34 21\" height=\"24\" width=\"24\" class=\"t2-icon\" aria-hidden=\"true\" focusable=\"false\"><clipPath id=\"a\"><path d=\"m0 0h34v21h-34z\"\/><\/clipPath><g clip-path=\"url(#a)\"><path clip-rule=\"evenodd\" d=\"m28.5456 9.09456-6.3061-6.27616 1.9147-1.923869 9.6029 9.557169-9.6029 9.5572-1.9147-1.9239 6.3061-6.2762h-28.379096v-2.71424z\" fill=\"#e03135\" fill-rule=\"evenodd\"\/><\/g><\/svg><\/span>Skalerbarhet og fleksibilitet\t\t\t\t<\/span>\n\t\t\t\t<span id=\"link-list-item\" class=\"t2-link-list-item__description\">Smartoptics tilbyr skalerbare l\u00f8sninger som kan tilpasses ulike behov og nettverksmilj\u00f8er. Det gj\u00f8r det mulig \u00e5 bygge og utvide optiske nettverk p\u00e5 en effektiv m\u00e5te.<\/span>\t\t\t<\/div>\n\t\t<\/a>\n\t<\/li>\n\t\n\n\t<li class=\"t2-link-list-item wp-block-t2-link-list-item\">\n\t\t<a\n\t\t\thref=\"\"\n\t\t\tclass=\"t2-link-list-item__link t2-link-list__icon--inline-left\"\n\t\t\taria-describedby=\"link-list-item-1\"\t\t>\n\t\t\t\t\t\t<div class=\"t2-link-list-item__content\">\n\t\t\t\t<span class=\"t2-link-list-item__text\">\n\t\t\t\t\t<span class=\"t2-link-list-item__icon\"><span class=\"t2-link-list-item__icon-box\"><\/span><svg xmlns=\"http:\/\/www.w3.org\/2000\/svg\" viewBox=\"0 0 34 21\" height=\"24\" width=\"24\" class=\"t2-icon\" aria-hidden=\"true\" focusable=\"false\"><clipPath id=\"a\"><path d=\"m0 0h34v21h-34z\"\/><\/clipPath><g clip-path=\"url(#a)\"><path clip-rule=\"evenodd\" d=\"m28.5456 9.09456-6.3061-6.27616 1.9147-1.923869 9.6029 9.557169-9.6029 9.5572-1.9147-1.9239 6.3061-6.2762h-28.379096v-2.71424z\" fill=\"#e03135\" fill-rule=\"evenodd\"\/><\/g><\/svg><\/span>Kostnadseffektivitet\t\t\t\t<\/span>\n\t\t\t\t<span id=\"link-list-item-1\" class=\"t2-link-list-item__description\">Det benyttes avansert optisk teknologi og innovative l\u00f8sninger. Dette betyr at du f\u00e5r h\u00f8y ytelse i nettverket samtidig som kostnadene holdes p\u00e5 et minimum.<\/span>\t\t\t<\/div>\n\t\t<\/a>\n\t<\/li>\n\t\n\n\t<li class=\"t2-link-list-item wp-block-t2-link-list-item\">\n\t\t<a\n\t\t\thref=\"\"\n\t\t\tclass=\"t2-link-list-item__link t2-link-list__icon--inline-left\"\n\t\t\taria-describedby=\"link-list-item-2\"\t\t>\n\t\t\t\t\t\t<div class=\"t2-link-list-item__content\">\n\t\t\t\t<span class=\"t2-link-list-item__text\">\n\t\t\t\t\t<span class=\"t2-link-list-item__icon\"><span class=\"t2-link-list-item__icon-box\"><\/span><svg xmlns=\"http:\/\/www.w3.org\/2000\/svg\" viewBox=\"0 0 34 21\" height=\"24\" width=\"24\" class=\"t2-icon\" aria-hidden=\"true\" focusable=\"false\"><clipPath id=\"a\"><path d=\"m0 0h34v21h-34z\"\/><\/clipPath><g clip-path=\"url(#a)\"><path clip-rule=\"evenodd\" d=\"m28.5456 9.09456-6.3061-6.27616 1.9147-1.923869 9.6029 9.557169-9.6029 9.5572-1.9147-1.9239 6.3061-6.2762h-28.379096v-2.71424z\" fill=\"#e03135\" fill-rule=\"evenodd\"\/><\/g><\/svg><\/span>P\u00e5litelighet og kvalitet\t\t\t\t<\/span>\n\t\t\t\t<span id=\"link-list-item-2\" class=\"t2-link-list-item__description\">Produktene gjennomg\u00e5r grundige tester og kvalitetskontroller for \u00e5 sikre at de oppfyller h\u00f8ye standarder for p\u00e5litelighet. Med Smartoptics kan du v\u00e6re trygg p\u00e5 at datatransport og lagring blir h\u00e5ndtert p\u00e5 en p\u00e5litelig og effektiv m\u00e5te.<\/span>\t\t\t<\/div>\n\t\t<\/a>\n\t<\/li>\n\t\n<\/ul>\n\n\n<div class=\"wp-block-media-text alignwide has-media-on-the-right is-stacked-on-mobile\" style=\"grid-template-columns:auto 25%\"><div class=\"wp-block-media-text__content\">\n<h2 class=\"wp-block-heading\" id=\"et-samarbeid-som-bygger-pa-erfaring-over-10-ar\">Et samarbeid som bygger p\u00e5 erfaring over 10 \u00e5r <\/h2>\n\n\n\n<p>Vi samarbeider med Smartoptics innenfor nettverk, automatiserte \u00e5pne linjesystemer for blant annet <a href=\"https:\/\/www.nlogic.no\/losninger\/nettverk\/data-center-interconnect\/\">Datacenter Interconnect (DCI)<\/a>, og optiske transceivere for data-, tale- og videotrafikk.<\/p>\n\n\n\n<p>V\u00e5rt samarbeid med ledende teknologipartnere, og fokuset p\u00e5 skreddersydde leveranser fra design til optimalisering, gj\u00f8r at du f\u00e5r tilgang til alt du trenger under samme tak. Vi leverer komplette l\u00f8sninger. Gjennom erfaring og kompetanse kan vi utvikle og levere optimale nettverks- og datasenterl\u00f8sninger for din virksomhet.<\/p>\n<\/div><figure class=\"wp-block-media-text__media\"><img loading=\"lazy\" decoding=\"async\" width=\"1000\" height=\"400\" src=\"https:\/\/www.nlogic.no\/content\/uploads\/sites\/6\/2023\/08\/2023-nlogic-smartoptics-black.png\" alt=\"\" class=\"wp-image-3485 size-full\" srcset=\"https:\/\/www.nlogic.no\/content\/uploads\/sites\/6\/2023\/08\/2023-nlogic-smartoptics-black.png 1000w, https:\/\/www.nlogic.no\/content\/uploads\/sites\/6\/2023\/08\/2023-nlogic-smartoptics-black-300x120.png 300w, https:\/\/www.nlogic.no\/content\/uploads\/sites\/6\/2023\/08\/2023-nlogic-smartoptics-black-768x307.png 768w\" sizes=\"auto, (max-width: 1000px) 100vw, 1000px\" \/><\/figure><\/div>\n\n\n<div class=\"nlogic-section alignfull layout-1-column with-pattern-flowers content-align-top is-style-light wp-block-nlogic-section\">\n\t\t\t<div class=\"content-columns container\">\n\t\t\t\t<svg width=\"1361\" height=\"674\" viewBox=\"0 0 1361 674\" fill=\"none\" xmlns=\"http:\/\/www.w3.org\/2000\/svg\">\n<g opacity=\"0.5\">\n<g opacity=\"0.7\">\n<path d=\"M409.727 240.238L543.298 316.227L543.298 468.206\" stroke=\"#111111\" stroke-width=\"0.505025\" stroke-dasharray=\"6.06 6.06\"\/>\n<path d=\"M677.34 239.766L543.297 316.227L543.297 468.205\" stroke=\"#111111\" stroke-width=\"0.505025\" stroke-dasharray=\"6.06 6.06\"\/>\n<path d=\"M534.618 467.55L415.772 398.934C410.4 395.833 407.091 390.102 407.091 383.9L407.091 246.668C407.091 240.465 410.4 234.734 415.772 231.633L534.618 163.017C539.989 159.916 546.607 159.916 551.978 163.017L670.825 231.633C676.196 234.734 679.505 240.465 679.505 246.668L679.505 383.9C679.505 390.102 676.196 395.833 670.825 398.934L551.978 467.55C546.607 470.651 539.989 470.651 534.618 467.55Z\" stroke=\"#111111\" stroke-width=\"0.630441\"\/>\n<path d=\"M409.847 392.215L540.911 315.799C542.463 314.894 543.418 313.233 543.418 311.436L543.418 161.415\" stroke=\"#111111\" stroke-width=\"0.630441\"\/>\n<path d=\"M677.459 391.508L543.296 314.339\" stroke=\"#111111\" stroke-width=\"0.630441\"\/>\n<\/g>\n<g opacity=\"0.7\">\n<path opacity=\"0.7\" d=\"M140.079 401.996L273.65 477.985L273.65 629.964\" stroke=\"#111111\" stroke-width=\"0.5\" stroke-dasharray=\"6.06 6.06\"\/>\n<path opacity=\"0.7\" d=\"M407.692 401.523L273.649 477.985L273.649 629.963\" stroke=\"#111111\" stroke-width=\"0.5\" stroke-dasharray=\"6.06 6.06\"\/>\n<path opacity=\"0.7\" d=\"M264.936 629.361L146.09 560.745C140.698 557.632 137.377 551.879 137.377 545.653L137.377 408.422C137.377 402.196 140.698 396.443 146.09 393.33L264.936 324.714C270.327 321.602 276.97 321.602 282.362 324.714L401.208 393.33C406.6 396.443 409.921 402.196 409.921 408.422L409.921 545.653C409.921 551.879 406.599 557.632 401.208 560.745L282.362 629.361C276.97 632.473 270.327 632.473 264.936 629.361Z\" stroke=\"#111111\" stroke-width=\"0.5\"\/>\n<path opacity=\"0.7\" d=\"M140.198 553.973L271.263 477.557C272.815 476.652 273.769 474.991 273.769 473.194L273.769 323.173\" stroke=\"#111111\" stroke-width=\"0.5\"\/>\n<path opacity=\"0.7\" d=\"M407.813 553.266L273.651 476.096\" stroke=\"#111111\" stroke-width=\"0.5\"\/>\n<\/g>\n<path opacity=\"0.7\" d=\"M137.241 555.656L9.55639 481.938C4.08745 478.78 0.718433 472.945 0.718433 466.63L0.718421 329.398C0.71842 323.083 4.08742 317.248 9.55636 314.09L128.403 245.474C133.872 242.317 140.61 242.317 146.078 245.474L273.763 319.193\" stroke=\"#111111\" stroke-width=\"0.5\"\/>\n<path opacity=\"0.7\" d=\"M1225 391.578L1351.73 320.005C1357.29 316.87 1360.72 310.989 1360.72 304.614L1360.72 171.956C1360.72 165.581 1357.29 159.7 1351.73 156.565L1233.7 89.9014C1228.3 86.8548 1221.71 86.8548 1216.31 89.9014L1089.29 161.639\" stroke=\"#111111\" stroke-width=\"0.5\"\/>\n<path opacity=\"0.7\" d=\"M409.911 412.118L409.911 545.793C409.911 552.055 413.224 557.849 418.62 561.026L535.061 629.567C540.598 632.826 547.468 632.824 553.003 629.561L669.043 561.156C674.434 557.978 677.743 552.186 677.743 545.929L677.743 398.385\" stroke=\"#111111\" stroke-width=\"0.5\"\/>\n<path opacity=\"0.7\" d=\"M683.008 82.5977L816.579 158.587L816.579 310.565\" stroke=\"#111111\" stroke-width=\"0.5\" stroke-dasharray=\"6.06 6.06\"\/>\n<path opacity=\"0.7\" d=\"M950.621 82.125L816.578 158.586L816.578 310.565\" stroke=\"#111111\" stroke-width=\"0.5\" stroke-dasharray=\"6.06 6.06\"\/>\n<path opacity=\"0.7\" d=\"M807.866 309.966L689.02 241.35C683.629 238.237 680.307 232.485 680.307 226.259L680.307 89.0271C680.307 82.8014 683.629 77.0486 689.02 73.9358L807.866 5.31987C813.258 2.20701 819.901 2.20701 825.292 5.31984L944.139 73.9357C949.53 77.0486 952.852 82.8014 952.852 89.027L952.851 226.259C952.851 232.485 949.53 238.237 944.138 241.35L825.292 309.966C819.901 313.079 813.258 313.079 807.866 309.966Z\" stroke=\"#111111\" stroke-width=\"0.5\"\/>\n<path opacity=\"0.7\" d=\"M683.127 234.574L814.192 158.158C815.744 157.254 816.698 155.592 816.698 153.796L816.698 3.77467\" stroke=\"#111111\" stroke-width=\"0.5\"\/>\n<path opacity=\"0.7\" d=\"M950.74 233.867L816.578 156.698\" stroke=\"#111111\" stroke-width=\"0.5\"\/>\n<g opacity=\"0.7\">\n<path opacity=\"0.7\" d=\"M956.285 240.238L1089.86 316.227L1089.86 468.206\" stroke=\"#111111\" stroke-width=\"0.5\" stroke-dasharray=\"6.06 6.06\"\/>\n<path opacity=\"0.7\" d=\"M1223.9 239.766L1089.86 316.227L1089.86 468.205\" stroke=\"#111111\" stroke-width=\"0.5\" stroke-dasharray=\"6.06 6.06\"\/>\n<path opacity=\"0.7\" d=\"M1081.14 467.607L962.298 398.991C956.906 395.878 953.585 390.125 953.585 383.9L953.585 246.668C953.585 240.442 956.906 234.689 962.298 231.576L1081.14 162.96C1086.54 159.848 1093.18 159.848 1098.57 162.96L1217.42 231.576C1222.81 234.689 1226.13 240.442 1226.13 246.668L1226.13 383.9C1226.13 390.125 1222.81 395.878 1217.42 398.991L1098.57 467.607C1093.18 470.72 1086.54 470.72 1081.14 467.607Z\" stroke=\"#111111\" stroke-width=\"0.5\"\/>\n<path opacity=\"0.7\" d=\"M956.404 392.215L1087.47 315.799C1089.02 314.894 1089.98 313.233 1089.98 311.436L1089.98 161.415\" stroke=\"#111111\" stroke-width=\"0.5\"\/>\n<path opacity=\"0.7\" d=\"M1224.02 391.508L1089.86 314.339\" stroke=\"#111111\" stroke-width=\"0.5\"\/>\n<\/g>\n<\/g>\n<\/svg>\n\n\t\t\t\t\n<div class=\"nlogic-section-content wp-block-nlogic-section-content\">\n\n<div class=\"wp-block-columns is-layout-flex wp-container-core-columns-is-layout-3 wp-block-columns-is-layout-flex\">\n<div class=\"wp-block-column is-layout-flow wp-block-column-is-layout-flow\">\n<h2 class=\"wp-block-heading\" id=\"har-du-sporsmal-om-smartoptics\">Har du sp\u00f8rsm\u00e5l om Smartoptics?  <\/h2>\n\n\n\n<p>Fyll inn skjema for \u00e5 kontakte oss, s\u00e5 vil en av v\u00e5re eksperter ta kontakt med deg. <\/p>\n\n\n<div class=\"nlogic-button-modal wp-block-nlogic-button-modal\">\n\t\t\t<div class=\"wp-block-buttons is-layout-flex\">\n\t\t\t\t<div class=\"wp-block-button nlogic-button-modal__button\">\n\t\t\t\t\t<a class=\"wp-block-button__link has-white-color has-text-color\" data-micromodal-trigger=\"nlogic-modal1\">Kontakt oss<\/a>\n\t\t\t\t<\/div>\n\t\t\t<\/div>\n\t\t\t<div id=\"nlogic-modal1\" class=\"modal micromodal-slide\" aria-hidden=\"true\">\n\t\t\t<div class=\"modal__overlay\" tabindex=\"-1\" data-micromodal-close>\n\t\t\t\t<div class=\"modal__container\" role=\"dialog\" aria-modal=\"true\" aria-labelledby=\"Kontakt oss\" >\n\t\t\t\t\t<div class=\"modal__content_container\">\n\t\t\t\t\t\t<h2 class=\"modal__title\">Kontakt oss<\/h2>\n\t\t\t\t\t\t<main class=\"modal__content\">\n\t\t\t\t\t\t\t\n\n<p><\/p>\n\n\n\n<script charset=\"utf-8\" type=\"text\/javascript\" src=\"\/\/js.hsforms.net\/forms\/embed\/v2.js\"><\/script>\n<script>\n  hbspt.forms.create({\n    region: \"na1\",\n    portalId: \"8798010\",\n    formId: \"731a863d-f99e-420c-9914-a8d5bade7aed\"\n  });\n<\/script>\n\n\n\t\t\t\t\t\t<\/main>\n\t\t\t\t\t\t<button class=\"modal__close\" aria-label=\"Close modal\" data-micromodal-close><svg xmlns=\"http:\/\/www.w3.org\/2000\/svg\" viewBox=\"0 0 24 24\" height=\"24\" width=\"24\" class=\"t2-icon\" aria-hidden=\"true\" focusable=\"false\"><path d=\"m12 13.4-4.9 4.9c-.2.2-.4.3-.7.3-.3 0-.5-.1-.7-.3-.2-.2-.3-.4-.3-.7s.1-.5.3-.7l4.9-4.9-4.9-4.9c-.2-.2-.3-.4-.3-.7 0-.3.1-.5.3-.7.2-.2.4-.3.7-.3.3 0 .5.1.7.3l4.9 4.9 4.9-4.9c.2-.2.4-.3.7-.3s.5.1.7.3c.2.2.3.4.3.7 0 .3-.1.5-.3.7L13.4 12l4.9 4.9c.2.2.3.4.3.7s-.1.5-.3.7c-.2.2-.4.3-.7.3s-.5-.1-.7-.3L12 13.4z\"\/><\/svg><\/button>\n\t\t\t\t\t<\/div>\n\t\t\t\t<\/div>\n\t\t\t<\/div>\n\t\t<\/div>\n\t\t<\/div><\/div>\n\n\n\n<div class=\"wp-block-column is-layout-flow wp-block-column-is-layout-flow\"><svg class=\"svg\">\n  <clipPath id=\"person-hexagon-mask\" clipPathUnits=\"objectBoundingBox\"><path d=\"M0.455,0.013 C0.485,-0.002,0.521,-0.002,0.551,0.013 L0.753,0.115 L0.953,0.22 C0.983,0.235,1,0.264,1,0.294 L1,0.501 L1,0.709 C1,0.739,0.983,0.767,0.953,0.783 L0.753,0.888 L0.551,0.99 C0.521,1,0.485,1,0.455,0.99 L0.253,0.888 L0.053,0.783 C0.023,0.767,0.005,0.739,0.005,0.709 L0.003,0.501 L0.005,0.294 C0.005,0.264,0.023,0.235,0.053,0.22 L0.253,0.115 L0.455,0.013\"><\/path><\/clipPath>\n<\/svg><div class=\"t2-featured-single-post t2-featured-content is-post-type-person role-business-area-manager-service-provider wp-block-t2-featured-single-post\">\n<div class=\"wp-block-group alignfull is-card-people is-layout-flow wp-block-group-is-layout-flow\">\n<figure  class=\"t2-post-featured-image has-image-ratio-16-9 wp-block-t2-post-featured-image\"><img loading=\"lazy\" decoding=\"async\" width=\"750\" height=\"750\" src=\"https:\/\/www.nlogic.no\/content\/uploads\/2023\/09\/nlogic-norway-robert-e1726492487436.png\" class=\"attachment-post-thumbnail size-post-thumbnail wp-post-image\" alt=\"Bilde av Robert R. Olsen.\" srcset=\"https:\/\/www.nlogic.no\/content\/uploads\/2023\/09\/nlogic-norway-robert-e1726492487436.png 750w, https:\/\/www.nlogic.no\/content\/uploads\/2023\/09\/nlogic-norway-robert-e1726492487436-300x300.png 300w, https:\/\/www.nlogic.no\/content\/uploads\/2023\/09\/nlogic-norway-robert-e1726492487436-150x150.png 150w\" sizes=\"auto, (max-width: 750px) 100vw, 750px\" \/><\/figure>\n\n<div class=\"wp-block-group alignfull post-details is-layout-flow wp-block-group-is-layout-flow\">\n\t<h2 class=\"t2-post-title wp-block-t2-post-title\">Robert R. Olsen<\/h2>\n\t\n\t<div class=\"card-info wp-block-t2-people-meta\"><div class=\"card-info__post-meta meta-key-people_email\"><a href=\"mailto:robert.olsen@nlogic.no\">robert.olsen@nlogic.no<\/a><\/div><div class=\"card-info__post-meta meta-key-people_phone\"><a href=\"tel:+47 911 28 641\">+47 911 28 641<\/a><\/div><\/div>\n<\/div>\n\n<\/div>\n\n<\/div><\/div>\n<\/div>\n\n<\/div>\n\n\t\t\t\t\n\t\t\t<\/div>\n\t\t<\/div>","protected":false},"excerpt":{"rendered":"<p>Kostnadseffektive og skalerbare optiske nettverksl\u00f8sninger for datatransport og lagring<\/p>\n","protected":false},"author":5,"featured_media":3485,"parent":2564,"menu_order":8,"comment_status":"closed","ping_status":"closed","template":"","meta":{"dk_card_image_id":0,"footnotes":""},"class_list":["post-2709","page","type-page","status-publish","has-post-thumbnail","hentry"],"yoast_head":"<!-- This site is optimized with the Yoast SEO Premium plugin v20.13 (Yoast SEO v20.13) - https:\/\/yoast.com\/wordpress\/plugins\/seo\/ -->\n<title>Smartoptics - Nettverksteknologi - nLogic<\/title>\n<meta name=\"description\" content=\"Smartoptics leverer optiske nettverksl\u00f8sninger for datatransport og lagring, og spesialiserer seg p\u00e5 WDM og OTN-l\u00f8sninger.\" \/>\n<meta name=\"robots\" content=\"noindex, follow, max-snippet:-1, max-image-preview:large, max-video-preview:-1\" \/>\n<meta property=\"og:locale\" content=\"en_US\" \/>\n<meta property=\"og:type\" content=\"article\" \/>\n<meta property=\"og:title\" content=\"Smartoptics\" \/>\n<meta property=\"og:description\" content=\"Smartoptics leverer optiske nettverksl\u00f8sninger for datatransport og lagring, og spesialiserer seg p\u00e5 WDM og OTN-l\u00f8sninger.\" \/>\n<meta property=\"og:url\" content=\"https:\/\/www.nlogic.no\/english\/nettverksteknologi\/smartoptics\/\" \/>\n<meta property=\"og:site_name\" content=\"nLogic - Powered by Knowledge. Driven by Trust.\" \/>\n<meta property=\"article:publisher\" content=\"https:\/\/www.facebook.com\/nLogicAS\" \/>\n<meta property=\"article:modified_time\" content=\"2025-09-15T15:21:55+00:00\" \/>\n<meta property=\"og:image\" content=\"https:\/\/www.nlogic.no\/content\/uploads\/sites\/6\/2023\/08\/2023-nlogic-smartoptics-black.png\" \/>\n\t<meta property=\"og:image:width\" content=\"1000\" \/>\n\t<meta property=\"og:image:height\" content=\"400\" \/>\n\t<meta property=\"og:image:type\" content=\"image\/png\" \/>\n<meta name=\"twitter:card\" content=\"summary_large_image\" \/>\n<meta name=\"twitter:label1\" content=\"Est. reading time\" \/>\n\t<meta name=\"twitter:data1\" content=\"2 minutes\" \/>\n<script type=\"application\/ld+json\" class=\"yoast-schema-graph\">{\"@context\":\"https:\/\/schema.org\",\"@graph\":[{\"@type\":\"WebPage\",\"@id\":\"https:\/\/www.nlogic.no\/english\/nettverksteknologi\/smartoptics\/\",\"url\":\"https:\/\/www.nlogic.no\/english\/nettverksteknologi\/smartoptics\/\",\"name\":\"Smartoptics - Nettverksteknologi - nLogic\",\"isPartOf\":{\"@id\":\"https:\/\/www.nlogic.no\/english\/#website\"},\"datePublished\":\"2023-08-01T06:49:00+00:00\",\"dateModified\":\"2025-09-15T15:21:55+00:00\",\"description\":\"Smartoptics leverer optiske nettverksl\u00f8sninger for datatransport og lagring, og spesialiserer seg p\u00e5 WDM og OTN-l\u00f8sninger.\",\"breadcrumb\":{\"@id\":\"https:\/\/www.nlogic.no\/english\/nettverksteknologi\/smartoptics\/#breadcrumb\"},\"inLanguage\":\"en-US\",\"potentialAction\":[{\"@type\":\"ReadAction\",\"target\":[\"https:\/\/www.nlogic.no\/english\/nettverksteknologi\/smartoptics\/\"]}]},{\"@type\":\"BreadcrumbList\",\"@id\":\"https:\/\/www.nlogic.no\/english\/nettverksteknologi\/smartoptics\/#breadcrumb\",\"itemListElement\":[{\"@type\":\"ListItem\",\"position\":1,\"name\":\"Nettverksteknologi\",\"item\":\"https:\/\/www.nlogic.no\/english\/nettverksteknologi\/\"},{\"@type\":\"ListItem\",\"position\":2,\"name\":\"Smartoptics\"}]},{\"@type\":\"WebSite\",\"@id\":\"https:\/\/www.nlogic.no\/english\/#website\",\"url\":\"https:\/\/www.nlogic.no\/english\/\",\"name\":\"nLogic - Powered by Knowledge. Driven by Trust.\",\"description\":\"\",\"publisher\":{\"@id\":\"https:\/\/www.nlogic.no\/english\/#organization\"},\"potentialAction\":[{\"@type\":\"SearchAction\",\"target\":{\"@type\":\"EntryPoint\",\"urlTemplate\":\"https:\/\/www.nlogic.no\/english\/?s={search_term_string}\"},\"query-input\":\"required name=search_term_string\"}],\"inLanguage\":\"en-US\"},{\"@type\":\"Organization\",\"@id\":\"https:\/\/www.nlogic.no\/english\/#organization\",\"name\":\"nLogic - Powered by Knowledge. Driven by Trust.\",\"url\":\"https:\/\/www.nlogic.no\/english\/\",\"logo\":{\"@type\":\"ImageObject\",\"inLanguage\":\"en-US\",\"@id\":\"https:\/\/www.nlogic.no\/english\/#\/schema\/logo\/image\/\",\"url\":\"https:\/\/www.nlogic.no\/content\/uploads\/sites\/6\/2023\/09\/nlogic-logo-1.svg\",\"contentUrl\":\"https:\/\/www.nlogic.no\/content\/uploads\/sites\/6\/2023\/09\/nlogic-logo-1.svg\",\"caption\":\"nLogic - Powered by Knowledge. Driven by Trust.\"},\"image\":{\"@id\":\"https:\/\/www.nlogic.no\/english\/#\/schema\/logo\/image\/\"},\"sameAs\":[\"https:\/\/www.facebook.com\/nLogicAS\",\"https:\/\/www.linkedin.com\/company\/nlogic-as\/\"]}]}<\/script>\n<!-- \/ Yoast SEO Premium plugin. -->","yoast_head_json":{"title":"Smartoptics - Nettverksteknologi - nLogic","description":"Smartoptics leverer optiske nettverksl\u00f8sninger for datatransport og lagring, og spesialiserer seg p\u00e5 WDM og OTN-l\u00f8sninger.","robots":{"index":"noindex","follow":"follow","max-snippet":"max-snippet:-1","max-image-preview":"max-image-preview:large","max-video-preview":"max-video-preview:-1"},"og_locale":"en_US","og_type":"article","og_title":"Smartoptics","og_description":"Smartoptics leverer optiske nettverksl\u00f8sninger for datatransport og lagring, og spesialiserer seg p\u00e5 WDM og OTN-l\u00f8sninger.","og_url":"https:\/\/www.nlogic.no\/english\/nettverksteknologi\/smartoptics\/","og_site_name":"nLogic - Powered by Knowledge. Driven by Trust.","article_publisher":"https:\/\/www.facebook.com\/nLogicAS","article_modified_time":"2025-09-15T15:21:55+00:00","og_image":[{"width":1000,"height":400,"url":"https:\/\/www.nlogic.no\/content\/uploads\/sites\/6\/2023\/08\/2023-nlogic-smartoptics-black.png","type":"image\/png"}],"twitter_card":"summary_large_image","twitter_misc":{"Est. reading time":"2 minutes"},"schema":{"@context":"https:\/\/schema.org","@graph":[{"@type":"WebPage","@id":"https:\/\/www.nlogic.no\/english\/nettverksteknologi\/smartoptics\/","url":"https:\/\/www.nlogic.no\/english\/nettverksteknologi\/smartoptics\/","name":"Smartoptics - Nettverksteknologi - nLogic","isPartOf":{"@id":"https:\/\/www.nlogic.no\/english\/#website"},"datePublished":"2023-08-01T06:49:00+00:00","dateModified":"2025-09-15T15:21:55+00:00","description":"Smartoptics leverer optiske nettverksl\u00f8sninger for datatransport og lagring, og spesialiserer seg p\u00e5 WDM og OTN-l\u00f8sninger.","breadcrumb":{"@id":"https:\/\/www.nlogic.no\/english\/nettverksteknologi\/smartoptics\/#breadcrumb"},"inLanguage":"en-US","potentialAction":[{"@type":"ReadAction","target":["https:\/\/www.nlogic.no\/english\/nettverksteknologi\/smartoptics\/"]}]},{"@type":"BreadcrumbList","@id":"https:\/\/www.nlogic.no\/english\/nettverksteknologi\/smartoptics\/#breadcrumb","itemListElement":[{"@type":"ListItem","position":1,"name":"Nettverksteknologi","item":"https:\/\/www.nlogic.no\/english\/nettverksteknologi\/"},{"@type":"ListItem","position":2,"name":"Smartoptics"}]},{"@type":"WebSite","@id":"https:\/\/www.nlogic.no\/english\/#website","url":"https:\/\/www.nlogic.no\/english\/","name":"nLogic - Powered by Knowledge. Driven by Trust.","description":"","publisher":{"@id":"https:\/\/www.nlogic.no\/english\/#organization"},"potentialAction":[{"@type":"SearchAction","target":{"@type":"EntryPoint","urlTemplate":"https:\/\/www.nlogic.no\/english\/?s={search_term_string}"},"query-input":"required name=search_term_string"}],"inLanguage":"en-US"},{"@type":"Organization","@id":"https:\/\/www.nlogic.no\/english\/#organization","name":"nLogic - Powered by Knowledge. Driven by Trust.","url":"https:\/\/www.nlogic.no\/english\/","logo":{"@type":"ImageObject","inLanguage":"en-US","@id":"https:\/\/www.nlogic.no\/english\/#\/schema\/logo\/image\/","url":"https:\/\/www.nlogic.no\/content\/uploads\/sites\/6\/2023\/09\/nlogic-logo-1.svg","contentUrl":"https:\/\/www.nlogic.no\/content\/uploads\/sites\/6\/2023\/09\/nlogic-logo-1.svg","caption":"nLogic - Powered by Knowledge. Driven by Trust."},"image":{"@id":"https:\/\/www.nlogic.no\/english\/#\/schema\/logo\/image\/"},"sameAs":["https:\/\/www.facebook.com\/nLogicAS","https:\/\/www.linkedin.com\/company\/nlogic-as\/"]}]}},"_links":{"self":[{"href":"https:\/\/www.nlogic.no\/english\/wp-json\/wp\/v2\/pages\/2709","targetHints":{"allow":["GET"]}}],"collection":[{"href":"https:\/\/www.nlogic.no\/english\/wp-json\/wp\/v2\/pages"}],"about":[{"href":"https:\/\/www.nlogic.no\/english\/wp-json\/wp\/v2\/types\/page"}],"author":[{"embeddable":true,"href":"https:\/\/www.nlogic.no\/english\/wp-json\/wp\/v2\/users\/5"}],"replies":[{"embeddable":true,"href":"https:\/\/www.nlogic.no\/english\/wp-json\/wp\/v2\/comments?post=2709"}],"version-history":[{"count":4,"href":"https:\/\/www.nlogic.no\/english\/wp-json\/wp\/v2\/pages\/2709\/revisions"}],"predecessor-version":[{"id":9017,"href":"https:\/\/www.nlogic.no\/english\/wp-json\/wp\/v2\/pages\/2709\/revisions\/9017"}],"up":[{"embeddable":true,"href":"https:\/\/www.nlogic.no\/english\/wp-json\/wp\/v2\/pages\/2564"}],"wp:featuredmedia":[{"embeddable":true,"href":"https:\/\/www.nlogic.no\/english\/wp-json\/wp\/v2\/media\/3485"}],"wp:attachment":[{"href":"https:\/\/www.nlogic.no\/english\/wp-json\/wp\/v2\/media?parent=2709"}],"curies":[{"name":"wp","href":"https:\/\/api.w.org\/{rel}","templated":true}]}}