{"id":2674,"date":"2023-07-31T15:19:56","date_gmt":"2023-07-31T13:19:56","guid":{"rendered":"https:\/\/www.nlogic.no\/?page_id=2674"},"modified":"2025-09-15T17:32:01","modified_gmt":"2025-09-15T15:32:01","slug":"nokia","status":"publish","type":"page","link":"https:\/\/www.nlogic.no\/english\/nettverksteknologi\/nokia\/","title":{"rendered":"Nokia"},"content":{"rendered":"<div class=\"nlogic-hero alignfull with-pattern-cubes with-excerpt wp-block-nlogic-hero\">\n\t\t\t<div class=\"hero-content container\">\n\t\t\t\t<svg width=\"1221\" height=\"502\" viewBox=\"0 0 1221 502\" fill=\"none\" xmlns=\"http:\/\/www.w3.org\/2000\/svg\">\n<g opacity=\"0.5\">\n<path d=\"M853.402 388.289L733.648 320.16V183.903\" stroke=\"#FFFFFF\" stroke-width=\"0.505025\" stroke-dasharray=\"6.06 6.06\"\/>\n<path d=\"M613.469 388.711L733.646 320.159V183.901\" stroke=\"#FFFFFF\" stroke-width=\"0.505025\" stroke-dasharray=\"6.06 6.06\"\/>\n<path d=\"M724.966 185.046C730.337 181.944 736.955 181.944 742.327 185.046L847.051 245.508C852.422 248.609 855.731 254.341 855.731 260.543V381.468C855.731 387.671 852.422 393.402 847.051 396.503L742.327 456.966C736.955 460.067 730.337 460.067 724.966 456.966L620.242 396.503C614.87 393.402 611.561 387.671 611.561 381.468L611.561 260.543C611.561 254.341 614.87 248.609 620.242 245.508L724.966 185.046Z\" stroke=\"#FFFFFF\" stroke-width=\"0.630441\"\/>\n<path d=\"M853.293 252.031L736.045 320.391C734.493 321.296 733.539 322.958 733.539 324.754V458.957\" stroke=\"#FFFFFF\" stroke-width=\"0.630441\"\/>\n<path d=\"M613.363 252.666L733.648 321.853\" stroke=\"#FFFFFF\" stroke-width=\"0.630441\"\/>\n<path d=\"M1095.16 243.27L975.402 175.141V38.883\" stroke=\"#FFFFFF\" stroke-width=\"0.505025\" stroke-dasharray=\"6.06 6.06\"\/>\n<path d=\"M855.223 243.691L975.4 175.139V38.8817\" stroke=\"#FFFFFF\" stroke-width=\"0.505025\" stroke-dasharray=\"6.06 6.06\"\/>\n<path d=\"M966.724 40.0279C972.095 36.9267 978.713 36.9267 984.084 40.0279L1088.81 100.491C1094.18 103.592 1097.49 109.323 1097.49 115.525V236.451C1097.49 242.653 1094.18 248.384 1088.81 251.485L984.084 311.948C978.713 315.049 972.095 315.049 966.724 311.948L861.999 251.485C856.628 248.384 853.319 242.653 853.319 236.451L853.319 115.525C853.319 109.323 856.628 103.592 862 100.491L966.724 40.0279Z\" stroke=\"#FFFFFF\" stroke-width=\"0.630441\"\/>\n<path d=\"M1095.05 107.016L977.799 175.376C976.247 176.281 975.292 177.942 975.292 179.739V313.941\" stroke=\"#FFFFFF\" stroke-width=\"0.630441\"\/>\n<path d=\"M855.117 107.641L975.402 176.827\" stroke=\"#FFFFFF\" stroke-width=\"0.630441\"\/>\n<path d=\"M1097.7 105.504L1211.26 171.069C1216.73 174.227 1220.1 180.062 1220.1 186.377V307.302C1220.1 313.617 1216.73 319.452 1211.26 322.61L1106.54 383.073C1101.07 386.23 1094.33 386.23 1088.86 383.073L975.301 317.507\" stroke=\"#FFFFFF\" stroke-width=\"0.630441\"\/>\n<path d=\"M122.458 252.602L9.76606 316.246C4.2152 319.381 0.782472 325.262 0.782472 331.637V448.439C0.782472 454.814 4.2152 460.695 9.76607 463.83L113.765 522.565C119.16 525.611 125.755 525.611 131.15 522.565L244.133 458.756\" stroke=\"#FFFFFF\" stroke-width=\"0.630441\"\/>\n<path d=\"M852.863 234.322L852.864 115.269C852.864 109.011 849.555 103.22 844.165 100.042L741.962 39.7941C736.423 36.529 729.548 36.529 724.009 39.7941L621.807 100.042C616.416 103.22 613.107 109.011 613.107 115.269L613.107 246.506\" stroke=\"#FFFFFF\" stroke-width=\"0.630441\"\/>\n<path d=\"M608.391 529.625L488.636 461.496V325.238\" stroke=\"#FFFFFF\" stroke-width=\"0.505025\" stroke-dasharray=\"6.06 6.06\"\/>\n<path d=\"M368.457 530.047L488.635 461.495V325.237\" stroke=\"#FFFFFF\" stroke-width=\"0.505025\" stroke-dasharray=\"6.06 6.06\"\/>\n<path d=\"M479.954 326.381C485.326 323.28 491.944 323.28 497.315 326.381L602.039 386.844C607.411 389.945 610.72 395.676 610.72 401.879V522.804C610.72 529.006 607.411 534.738 602.039 537.839L497.315 598.302C491.944 601.403 485.326 601.403 479.954 598.302L375.23 537.839C369.859 534.738 366.55 529.006 366.55 522.804L366.55 401.879C366.55 395.676 369.859 389.945 375.23 386.844L479.954 326.381Z\" stroke=\"#FFFFFF\" stroke-width=\"0.630441\"\/>\n<path d=\"M608.281 393.367L491.033 461.727C489.481 462.632 488.527 464.294 488.527 466.09V600.293\" stroke=\"#FFFFFF\" stroke-width=\"0.630441\"\/>\n<path d=\"M368.352 394.002L488.636 463.189\" stroke=\"#FFFFFF\" stroke-width=\"0.630441\"\/>\n<path d=\"M363.383 388.289L243.628 320.16V183.903\" stroke=\"#FFFFFF\" stroke-width=\"0.505025\" stroke-dasharray=\"6.06 6.06\"\/>\n<path d=\"M123.449 388.711L243.627 320.159V183.901\" stroke=\"#FFFFFF\" stroke-width=\"0.505025\" stroke-dasharray=\"6.06 6.06\"\/>\n<path d=\"M234.946 185.046C240.318 181.944 246.936 181.944 252.307 185.046L357.031 245.508C362.403 248.609 365.712 254.341 365.712 260.543V381.468C365.712 387.671 362.403 393.402 357.031 396.503L252.307 456.966C246.936 460.067 240.318 460.067 234.946 456.966L130.222 396.503C124.851 393.402 121.542 387.671 121.542 381.468L121.542 260.543C121.542 254.341 124.851 248.609 130.222 245.508L234.946 185.046Z\" stroke=\"#FFFFFF\" stroke-width=\"0.630441\"\/>\n<path d=\"M363.273 252.031L246.026 320.391C244.473 321.296 243.519 322.958 243.519 324.754V458.957\" stroke=\"#FFFFFF\" stroke-width=\"0.630441\"\/>\n<path d=\"M123.344 252.666L243.628 321.853\" stroke=\"#FFFFFF\" stroke-width=\"0.630441\"\/>\n<\/g>\n<\/svg>\n\n\t\t\t\t<h1>Nokia<\/h1>\n\t\t\t\t<div class=\"excerpt\"><p>Banebrytende og skalerbare l\u00f8sninger innenfor optiske nettverk.<\/p>\n<\/div>\n\t\t\t\t\n\t\t\t\t\n\t\t\t<\/div>\n\t\t<\/div>\n\n<div class=\"nlogic-section alignfull layout-1-column content-align-top is-style-transparent wp-block-nlogic-section\">\n\t\t\t<div class=\"content-columns container\">\n\t\t\t\t\n\t\t\t\t\n<div class=\"nlogic-section-content wp-block-nlogic-section-content\">\n\n<div class=\"wp-block-columns is-layout-flex wp-container-core-columns-is-layout-1 wp-block-columns-is-layout-flex\">\n<div class=\"wp-block-column is-layout-flow wp-block-column-is-layout-flow\" style=\"flex-basis:33.33%\">\n<h2 class=\"wp-block-heading\" id=\"om-infinera\">Om Nokia<\/h2>\n<\/div>\n\n\n\n<div class=\"wp-block-column is-layout-flow wp-block-column-is-layout-flow\" style=\"flex-basis:66.66%\">\n<p>Nokia er en <a href=\"https:\/\/www.nokia.com\/\">global teknologiakt\u00f8r<\/a> og en ledende leverand\u00f8r av avanserte nettverksl\u00f8sninger. Med oppkj\u00f8pet av Infinera styrker Nokia sin posisjon innen optisk transport og f\u00e5r en enda bredere og mer komplett portef\u00f8lje innenfor optiske nettverk. Selskapet leverer l\u00f8sninger som kombinerer h\u00f8y kapasitet, intelligent styring og fleksibel skalerbarhet \u2013 og gj\u00f8r det mulig for virksomheter \u00e5 m\u00f8te kravene til \u00f8kende trafikk, tjenester i sanntid og geografisk ekspansjon.<\/p>\n<\/div>\n<\/div>\n\n<\/div>\n\n\t\t\t\t\n\t\t\t<\/div>\n\t\t<\/div>\n\n<div class=\"nlogic-section alignfull layout-1-column content-align-top is-style-transparent wp-block-nlogic-section\">\n\t\t\t<div class=\"content-columns container\">\n\t\t\t\t\n\t\t\t\t\n<div class=\"nlogic-section-content wp-block-nlogic-section-content\">\n\n<div class=\"wp-block-columns is-layout-flex wp-container-core-columns-is-layout-2 wp-block-columns-is-layout-flex\">\n<div class=\"wp-block-column is-layout-flow wp-block-column-is-layout-flow\" style=\"flex-basis:33.33%\">\n<h2 class=\"wp-block-heading\" id=\"om-infinera\">Hvorfor velge Nokia?<\/h2>\n<\/div>\n\n\n\n<div class=\"wp-block-column is-layout-flow wp-block-column-is-layout-flow\" style=\"flex-basis:66.66%\">\n<p>Nokias l\u00f8sninger bygger p\u00e5 flere ti\u00e5r med innovasjon innen optisk infrastruktur. Kombinasjonen av Infineras teknologi og Nokias eksisterende portef\u00f8lje gir markedet tilgang til fremtidsrettede l\u00f8sninger for langdistanse-, metro- og datasenternettverk. Med avansert programvarekontroll, automatisering og st\u00f8tte for \u00e5pne grensesnitt, legges det til rette for fleksibel drift og rask tjenesteintroduksjon.<\/p>\n<\/div>\n<\/div>\n\n<\/div>\n\n\t\t\t\t\n\t\t\t<\/div>\n\t\t<\/div>\n\n<ul class=\"t2-link-list has-auto-columns alignwide wp-block-t2-link-list\">\n\t<li class=\"t2-link-list-item wp-block-t2-link-list-item\">\n\t\t<a\n\t\t\thref=\"\"\n\t\t\tclass=\"t2-link-list-item__link t2-link-list__icon--inline-left\"\n\t\t\taria-describedby=\"link-list-item\"\t\t>\n\t\t\t\t\t\t<div class=\"t2-link-list-item__content\">\n\t\t\t\t<span class=\"t2-link-list-item__text\">\n\t\t\t\t\t<span class=\"t2-link-list-item__icon\"><span class=\"t2-link-list-item__icon-box\"><\/span><svg xmlns=\"http:\/\/www.w3.org\/2000\/svg\" viewBox=\"0 0 34 21\" height=\"24\" width=\"24\" class=\"t2-icon\" aria-hidden=\"true\" focusable=\"false\"><clipPath id=\"a\"><path d=\"m0 0h34v21h-34z\"\/><\/clipPath><g clip-path=\"url(#a)\"><path clip-rule=\"evenodd\" d=\"m28.5456 9.09456-6.3061-6.27616 1.9147-1.923869 9.6029 9.557169-9.6029 9.5572-1.9147-1.9239 6.3061-6.2762h-28.379096v-2.71424z\" fill=\"#e03135\" fill-rule=\"evenodd\"\/><\/g><\/svg><\/span>Kapasitet og skalerbarhet\t\t\t\t<\/span>\n\t\t\t\t<span id=\"link-list-item\" class=\"t2-link-list-item__description\">Optiske l\u00f8sninger muliggj\u00f8r overf\u00f8ring av store datamengder over lange avstander, uten at det g\u00e5r p\u00e5 bekostning av ytelse eller p\u00e5litelighet. L\u00f8sningene er h\u00f8yst skalerbare og tilpasset morgendagens behov \u2013 enten det handler om \u00e5 st\u00f8tte \u00f8kende trafikkmengder, legge til nye tjenester eller utvide nettet til nye lokasjoner.<\/span>\t\t\t<\/div>\n\t\t<\/a>\n\t<\/li>\n\t\n\n\t<li class=\"t2-link-list-item wp-block-t2-link-list-item\">\n\t\t<a\n\t\t\thref=\"\"\n\t\t\tclass=\"t2-link-list-item__link t2-link-list__icon--inline-left\"\n\t\t\taria-describedby=\"link-list-item-1\"\t\t>\n\t\t\t\t\t\t<div class=\"t2-link-list-item__content\">\n\t\t\t\t<span class=\"t2-link-list-item__text\">\n\t\t\t\t\t<span class=\"t2-link-list-item__icon\"><span class=\"t2-link-list-item__icon-box\"><\/span><svg xmlns=\"http:\/\/www.w3.org\/2000\/svg\" viewBox=\"0 0 34 21\" height=\"24\" width=\"24\" class=\"t2-icon\" aria-hidden=\"true\" focusable=\"false\"><clipPath id=\"a\"><path d=\"m0 0h34v21h-34z\"\/><\/clipPath><g clip-path=\"url(#a)\"><path clip-rule=\"evenodd\" d=\"m28.5456 9.09456-6.3061-6.27616 1.9147-1.923869 9.6029 9.557169-9.6029 9.5572-1.9147-1.9239 6.3061-6.2762h-28.379096v-2.71424z\" fill=\"#e03135\" fill-rule=\"evenodd\"\/><\/g><\/svg><\/span>Effektiv drift\t\t\t\t<\/span>\n\t\t\t\t<span id=\"link-list-item-1\" class=\"t2-link-list-item__description\">Med fokus p\u00e5 programvaredefinerte nettverk og automatisering, gir Nokias l\u00f8sninger operat\u00f8rer og virksomheter bedre innsikt, kontroll og smidighet i nettverksdriften. Det gir kortere responstid, raskere implementering og lavere driftskostnader.<\/span>\t\t\t<\/div>\n\t\t<\/a>\n\t<\/li>\n\t\n\n\t<li class=\"t2-link-list-item wp-block-t2-link-list-item\">\n\t\t<a\n\t\t\thref=\"\"\n\t\t\tclass=\"t2-link-list-item__link t2-link-list__icon--inline-left\"\n\t\t\taria-describedby=\"link-list-item-2\"\t\t>\n\t\t\t\t\t\t<div class=\"t2-link-list-item__content\">\n\t\t\t\t<span class=\"t2-link-list-item__text\">\n\t\t\t\t\t<span class=\"t2-link-list-item__icon\"><span class=\"t2-link-list-item__icon-box\"><\/span><svg xmlns=\"http:\/\/www.w3.org\/2000\/svg\" viewBox=\"0 0 34 21\" height=\"24\" width=\"24\" class=\"t2-icon\" aria-hidden=\"true\" focusable=\"false\"><clipPath id=\"a\"><path d=\"m0 0h34v21h-34z\"\/><\/clipPath><g clip-path=\"url(#a)\"><path clip-rule=\"evenodd\" d=\"m28.5456 9.09456-6.3061-6.27616 1.9147-1.923869 9.6029 9.557169-9.6029 9.5572-1.9147-1.9239 6.3061-6.2762h-28.379096v-2.71424z\" fill=\"#e03135\" fill-rule=\"evenodd\"\/><\/g><\/svg><\/span>Optimalisert ytelse\t\t\t\t<\/span>\n\t\t\t\t<span id=\"link-list-item-2\" class=\"t2-link-list-item__description\">Gjennom bruk av avansert optisk teknologi, kombinert med intelligente styringsverkt\u00f8y, sikrer h\u00f8y ytelse og stabilitet \u2013 ogs\u00e5 under h\u00f8y belastning eller krevende topologier. Dette bidrar til \u00e5 opprettholde h\u00f8y tjenestekvalitet og lav forsinkelse.<\/span>\t\t\t<\/div>\n\t\t<\/a>\n\t<\/li>\n\t\n<\/ul>\n\n\n<div class=\"wp-block-media-text alignwide has-media-on-the-right is-stacked-on-mobile\" style=\"grid-template-columns:auto 25%\"><div class=\"wp-block-media-text__content\">\n<h2 class=\"wp-block-heading\" id=\"vart-samarbeid\">V\u00e5rt samarbeid<\/h2>\n\n\n\n<p>Vi er Platinum partner og leverer <a href=\"https:\/\/www.nlogic.no\/losninger\/nettverk\/optiske-nettverk\/\">optiske nettverksl\u00f8sninger<\/a> basert p\u00e5 teknologi fra Nokia, og har videref\u00f8rt v\u00e5r lange erfaring med Infineras produktportef\u00f8lje. Som en strategisk samarbeidspartner har vi bred kompetanse p\u00e5 l\u00f8sninger for DWDM, WDM og moderne optisk transport. Vi bist\u00e5r med alt fra design og arkitektur til installasjon, testing og drift.<\/p>\n\n\n\n<p>V\u00e5rt tekniske team har lang erfaring med b\u00e5de regional- og long-haul infrastruktur, og vi tilbyr l\u00f8sninger tilpasset datasentre, operat\u00f8rer og virksomheter med h\u00f8ye krav til kapasitet og tilgjengelighet. Med tilgang til teknologi i verdensklasse og lokal ekspertise kan vi skreddersy optiske l\u00f8sninger som m\u00f8ter dine behov \u2013 i dag og i fremtiden.<\/p>\n\n\n\n<p><\/p>\n<\/div><figure class=\"wp-block-media-text__media\"><img decoding=\"async\" src=\"https:\/\/www.nlogic.no\/content\/uploads\/sites\/6\/2025\/04\/nLogic-Nokia-partner.png\" alt=\"\" class=\"wp-image-8128 size-full\"\/><\/figure><\/div>\n","protected":false},"excerpt":{"rendered":"<p>Banebrytende og skalerbare l\u00f8sninger innenfor optiske nettverk.<\/p>\n","protected":false},"author":5,"featured_media":8128,"parent":2564,"menu_order":2,"comment_status":"closed","ping_status":"closed","template":"","meta":{"dk_card_image_id":8128,"footnotes":""},"class_list":["post-2674","page","type-page","status-publish","has-post-thumbnail","hentry"],"yoast_head":"<!-- This site is optimized with the Yoast SEO Premium plugin v20.13 (Yoast SEO v20.13) - https:\/\/yoast.com\/wordpress\/plugins\/seo\/ -->\n<title>Nokia optiske nettverk - Nettverksteknologi - nLogic<\/title>\n<meta name=\"description\" content=\"Nokia er en global teknologiakt\u00f8r og en ledende leverand\u00f8r av avanserte nettverksl\u00f8sninger.\" \/>\n<meta name=\"robots\" content=\"noindex, follow, max-snippet:-1, max-image-preview:large, max-video-preview:-1\" \/>\n<meta property=\"og:locale\" content=\"en_US\" \/>\n<meta property=\"og:type\" content=\"article\" \/>\n<meta property=\"og:title\" content=\"Nokia\" \/>\n<meta property=\"og:description\" content=\"Nokia er en global teknologiakt\u00f8r og en ledende leverand\u00f8r av avanserte nettverksl\u00f8sninger.\" \/>\n<meta property=\"og:url\" content=\"https:\/\/www.nlogic.no\/english\/nettverksteknologi\/nokia\/\" \/>\n<meta property=\"og:site_name\" content=\"nLogic - Powered by Knowledge. Driven by Trust.\" \/>\n<meta property=\"article:publisher\" content=\"https:\/\/www.facebook.com\/nLogicAS\" \/>\n<meta property=\"article:modified_time\" content=\"2025-09-15T15:32:01+00:00\" \/>\n<meta property=\"og:image\" content=\"https:\/\/www.nlogic.no\/content\/uploads\/sites\/6\/2025\/04\/nLogic-Nokia-partner-e1758872757940.png\" \/>\n\t<meta property=\"og:image:width\" content=\"788\" \/>\n\t<meta property=\"og:image:height\" content=\"335\" \/>\n\t<meta property=\"og:image:type\" content=\"image\/png\" \/>\n<meta name=\"twitter:card\" content=\"summary_large_image\" \/>\n<meta name=\"twitter:label1\" content=\"Est. reading time\" \/>\n\t<meta name=\"twitter:data1\" content=\"2 minutes\" \/>\n<script type=\"application\/ld+json\" class=\"yoast-schema-graph\">{\"@context\":\"https:\/\/schema.org\",\"@graph\":[{\"@type\":\"WebPage\",\"@id\":\"https:\/\/www.nlogic.no\/english\/nettverksteknologi\/nokia\/\",\"url\":\"https:\/\/www.nlogic.no\/english\/nettverksteknologi\/nokia\/\",\"name\":\"Nokia optiske nettverk - Nettverksteknologi - nLogic\",\"isPartOf\":{\"@id\":\"https:\/\/www.nlogic.no\/english\/#website\"},\"datePublished\":\"2023-07-31T13:19:56+00:00\",\"dateModified\":\"2025-09-15T15:32:01+00:00\",\"description\":\"Nokia er en global teknologiakt\u00f8r og en ledende leverand\u00f8r av avanserte nettverksl\u00f8sninger.\",\"breadcrumb\":{\"@id\":\"https:\/\/www.nlogic.no\/english\/nettverksteknologi\/nokia\/#breadcrumb\"},\"inLanguage\":\"en-US\",\"potentialAction\":[{\"@type\":\"ReadAction\",\"target\":[\"https:\/\/www.nlogic.no\/english\/nettverksteknologi\/nokia\/\"]}]},{\"@type\":\"BreadcrumbList\",\"@id\":\"https:\/\/www.nlogic.no\/english\/nettverksteknologi\/nokia\/#breadcrumb\",\"itemListElement\":[{\"@type\":\"ListItem\",\"position\":1,\"name\":\"Nettverksteknologi\",\"item\":\"https:\/\/www.nlogic.no\/english\/nettverksteknologi\/\"},{\"@type\":\"ListItem\",\"position\":2,\"name\":\"Nokia\"}]},{\"@type\":\"WebSite\",\"@id\":\"https:\/\/www.nlogic.no\/english\/#website\",\"url\":\"https:\/\/www.nlogic.no\/english\/\",\"name\":\"nLogic - Powered by Knowledge. Driven by Trust.\",\"description\":\"\",\"publisher\":{\"@id\":\"https:\/\/www.nlogic.no\/english\/#organization\"},\"potentialAction\":[{\"@type\":\"SearchAction\",\"target\":{\"@type\":\"EntryPoint\",\"urlTemplate\":\"https:\/\/www.nlogic.no\/english\/?s={search_term_string}\"},\"query-input\":\"required name=search_term_string\"}],\"inLanguage\":\"en-US\"},{\"@type\":\"Organization\",\"@id\":\"https:\/\/www.nlogic.no\/english\/#organization\",\"name\":\"nLogic - Powered by Knowledge. Driven by Trust.\",\"url\":\"https:\/\/www.nlogic.no\/english\/\",\"logo\":{\"@type\":\"ImageObject\",\"inLanguage\":\"en-US\",\"@id\":\"https:\/\/www.nlogic.no\/english\/#\/schema\/logo\/image\/\",\"url\":\"https:\/\/www.nlogic.no\/content\/uploads\/sites\/6\/2023\/09\/nlogic-logo-1.svg\",\"contentUrl\":\"https:\/\/www.nlogic.no\/content\/uploads\/sites\/6\/2023\/09\/nlogic-logo-1.svg\",\"caption\":\"nLogic - Powered by Knowledge. Driven by Trust.\"},\"image\":{\"@id\":\"https:\/\/www.nlogic.no\/english\/#\/schema\/logo\/image\/\"},\"sameAs\":[\"https:\/\/www.facebook.com\/nLogicAS\",\"https:\/\/www.linkedin.com\/company\/nlogic-as\/\"]}]}<\/script>\n<!-- \/ Yoast SEO Premium plugin. -->","yoast_head_json":{"title":"Nokia optiske nettverk - Nettverksteknologi - nLogic","description":"Nokia er en global teknologiakt\u00f8r og en ledende leverand\u00f8r av avanserte nettverksl\u00f8sninger.","robots":{"index":"noindex","follow":"follow","max-snippet":"max-snippet:-1","max-image-preview":"max-image-preview:large","max-video-preview":"max-video-preview:-1"},"og_locale":"en_US","og_type":"article","og_title":"Nokia","og_description":"Nokia er en global teknologiakt\u00f8r og en ledende leverand\u00f8r av avanserte nettverksl\u00f8sninger.","og_url":"https:\/\/www.nlogic.no\/english\/nettverksteknologi\/nokia\/","og_site_name":"nLogic - Powered by Knowledge. Driven by Trust.","article_publisher":"https:\/\/www.facebook.com\/nLogicAS","article_modified_time":"2025-09-15T15:32:01+00:00","og_image":[{"width":788,"height":335,"url":"https:\/\/www.nlogic.no\/content\/uploads\/sites\/6\/2025\/04\/nLogic-Nokia-partner-e1758872757940.png","type":"image\/png"}],"twitter_card":"summary_large_image","twitter_misc":{"Est. reading time":"2 minutes"},"schema":{"@context":"https:\/\/schema.org","@graph":[{"@type":"WebPage","@id":"https:\/\/www.nlogic.no\/english\/nettverksteknologi\/nokia\/","url":"https:\/\/www.nlogic.no\/english\/nettverksteknologi\/nokia\/","name":"Nokia optiske nettverk - Nettverksteknologi - nLogic","isPartOf":{"@id":"https:\/\/www.nlogic.no\/english\/#website"},"datePublished":"2023-07-31T13:19:56+00:00","dateModified":"2025-09-15T15:32:01+00:00","description":"Nokia er en global teknologiakt\u00f8r og en ledende leverand\u00f8r av avanserte nettverksl\u00f8sninger.","breadcrumb":{"@id":"https:\/\/www.nlogic.no\/english\/nettverksteknologi\/nokia\/#breadcrumb"},"inLanguage":"en-US","potentialAction":[{"@type":"ReadAction","target":["https:\/\/www.nlogic.no\/english\/nettverksteknologi\/nokia\/"]}]},{"@type":"BreadcrumbList","@id":"https:\/\/www.nlogic.no\/english\/nettverksteknologi\/nokia\/#breadcrumb","itemListElement":[{"@type":"ListItem","position":1,"name":"Nettverksteknologi","item":"https:\/\/www.nlogic.no\/english\/nettverksteknologi\/"},{"@type":"ListItem","position":2,"name":"Nokia"}]},{"@type":"WebSite","@id":"https:\/\/www.nlogic.no\/english\/#website","url":"https:\/\/www.nlogic.no\/english\/","name":"nLogic - Powered by Knowledge. Driven by Trust.","description":"","publisher":{"@id":"https:\/\/www.nlogic.no\/english\/#organization"},"potentialAction":[{"@type":"SearchAction","target":{"@type":"EntryPoint","urlTemplate":"https:\/\/www.nlogic.no\/english\/?s={search_term_string}"},"query-input":"required name=search_term_string"}],"inLanguage":"en-US"},{"@type":"Organization","@id":"https:\/\/www.nlogic.no\/english\/#organization","name":"nLogic - Powered by Knowledge. Driven by Trust.","url":"https:\/\/www.nlogic.no\/english\/","logo":{"@type":"ImageObject","inLanguage":"en-US","@id":"https:\/\/www.nlogic.no\/english\/#\/schema\/logo\/image\/","url":"https:\/\/www.nlogic.no\/content\/uploads\/sites\/6\/2023\/09\/nlogic-logo-1.svg","contentUrl":"https:\/\/www.nlogic.no\/content\/uploads\/sites\/6\/2023\/09\/nlogic-logo-1.svg","caption":"nLogic - Powered by Knowledge. Driven by Trust."},"image":{"@id":"https:\/\/www.nlogic.no\/english\/#\/schema\/logo\/image\/"},"sameAs":["https:\/\/www.facebook.com\/nLogicAS","https:\/\/www.linkedin.com\/company\/nlogic-as\/"]}]}},"_links":{"self":[{"href":"https:\/\/www.nlogic.no\/english\/wp-json\/wp\/v2\/pages\/2674","targetHints":{"allow":["GET"]}}],"collection":[{"href":"https:\/\/www.nlogic.no\/english\/wp-json\/wp\/v2\/pages"}],"about":[{"href":"https:\/\/www.nlogic.no\/english\/wp-json\/wp\/v2\/types\/page"}],"author":[{"embeddable":true,"href":"https:\/\/www.nlogic.no\/english\/wp-json\/wp\/v2\/users\/5"}],"replies":[{"embeddable":true,"href":"https:\/\/www.nlogic.no\/english\/wp-json\/wp\/v2\/comments?post=2674"}],"version-history":[{"count":5,"href":"https:\/\/www.nlogic.no\/english\/wp-json\/wp\/v2\/pages\/2674\/revisions"}],"predecessor-version":[{"id":8160,"href":"https:\/\/www.nlogic.no\/english\/wp-json\/wp\/v2\/pages\/2674\/revisions\/8160"}],"up":[{"embeddable":true,"href":"https:\/\/www.nlogic.no\/english\/wp-json\/wp\/v2\/pages\/2564"}],"wp:featuredmedia":[{"embeddable":true,"href":"https:\/\/www.nlogic.no\/english\/wp-json\/wp\/v2\/media\/8128"}],"wp:attachment":[{"href":"https:\/\/www.nlogic.no\/english\/wp-json\/wp\/v2\/media?parent=2674"}],"curies":[{"name":"wp","href":"https:\/\/api.w.org\/{rel}","templated":true}]}}