{"id":2566,"date":"2023-06-08T20:40:21","date_gmt":"2023-06-08T18:40:21","guid":{"rendered":"https:\/\/www.nlogic.no\/?page_id=2566"},"modified":"2026-02-05T10:16:27","modified_gmt":"2026-02-05T09:16:27","slug":"support","status":"publish","type":"page","link":"https:\/\/www.nlogic.no\/english\/support\/","title":{"rendered":"Support"},"content":{"rendered":"<div class=\"nlogic-hero alignfull with-pattern-cube with-excerpt wp-block-nlogic-hero\">\n\t\t\t<div class=\"hero-content container\">\n\t\t\t\t<svg width=\"650\" height=\"749\" viewBox=\"0 0 650 749\" fill=\"none\" xmlns=\"http:\/\/www.w3.org\/2000\/svg\">\n<g opacity=\"0.5\">\n<path d=\"M331.176 153.548L517 258.151C520.921 260.358 523.346 264.507 523.346 269.005V474.848C523.346 479.362 520.904 483.523 516.962 485.723L331.138 589.46C327.364 591.566 322.768 591.566 318.995 589.46L133.17 485.723C129.229 483.523 126.786 479.362 126.786 474.848L126.786 269.005C126.786 264.507 129.212 260.358 133.132 258.151L318.956 153.548C322.75 151.413 327.383 151.413 331.176 153.548Z\" stroke=\"#FFFFFF\" stroke-width=\"0.638759\"\/>\n<path d=\"M189.105 298.176L127.539 262.338\" stroke=\"#FFFFFF\" stroke-width=\"0.638759\"\/>\n<path d=\"M323.936 529.562L324.754 590.666\" stroke=\"#FFFFFF\" stroke-width=\"0.638759\"\/>\n<path d=\"M325.068 667.656L325.068 747.091\" stroke=\"#FFFFFF\" stroke-width=\"0.638759\"\/>\n<path d=\"M583.902 227.711L646.248 190.234\" stroke=\"#FFFFFF\" stroke-width=\"0.638759\"\/>\n<path d=\"M67.2339 227.711L2.85372 189.827\" stroke=\"#FFFFFF\" stroke-width=\"0.638759\"\/>\n<path d=\"M329.956 83.7705L578.669 224.838C581.77 226.597 583.685 229.886 583.685 233.45V515.273C583.685 518.837 581.77 522.126 578.669 523.885L329.956 664.953C326.926 666.671 323.216 666.671 320.187 664.953L71.4733 523.885C68.3729 522.126 66.4571 518.837 66.4571 515.273V233.45C66.4571 229.886 68.3729 226.597 71.4733 224.838L320.187 83.7705C323.216 82.0521 326.926 82.0521 329.956 83.7705Z\" stroke=\"#FFFFFF\" stroke-width=\"0.638759\"\/>\n<path d=\"M333.785 5.52247L640.188 183.965C645.59 187.111 648.913 192.892 648.913 199.144V551.243C648.913 557.504 645.582 563.291 640.168 566.434L333.585 744.444C328.124 747.615 321.381 747.61 315.924 744.432L10.6612 566.636C5.26482 563.493 1.94291 557.721 1.93609 551.476L1.55108 199.14C1.54424 192.885 4.86323 187.099 10.2653 183.948L316.094 5.52917C321.559 2.34058 328.317 2.33801 333.785 5.52247Z\" stroke=\"#FFFFFF\" stroke-width=\"0.638759\"\/>\n<path d=\"M258.62 403.011V337.553L324.747 374.712V409.77V444.468L262.367 409.414C260.053 408.114 258.62 405.665 258.62 403.011ZM325.066 374.159L258.953 337.007L321.467 301.877C323.702 300.621 326.43 300.621 328.665 301.877L391.179 337.007L325.066 374.159ZM325.385 374.712L391.511 337.553V403.011C391.511 405.665 390.079 408.114 387.764 409.414L325.385 444.468V409.77V374.712Z\" stroke=\"#FFFFFF\" stroke-width=\"0.638759\"\/>\n<path d=\"M328.492 221.724L456.862 295.717C459.533 297.257 461.179 300.105 461.179 303.188V446.897C461.179 450.004 459.508 452.871 456.804 454.401L328.434 527.074C325.783 528.574 322.536 528.565 319.894 527.049L193.285 454.411C190.605 452.874 188.953 450.021 188.953 446.931V303.154C188.953 300.088 190.58 297.254 193.226 295.708L319.836 221.749C322.508 220.188 325.811 220.178 328.492 221.724Z\" stroke=\"#FFFFFF\" stroke-width=\"0.638759\"\/>\n<path d=\"M461.329 298.176L520.984 263.499\" stroke=\"#FFFFFF\" stroke-width=\"0.638759\"\/>\n<\/g>\n<\/svg>\n\n\t\t\t\t<h1>Support<\/h1>\n\t\t\t\t<div class=\"excerpt\"><p>Vi tilbyr komplett support og vedlikehold p\u00e5 l\u00f8sninger og utstyr vi selv har installert, uavhengig av hvilken underleverand\u00f8r vi har benyttet.<\/p>\n<\/div>\n\t\t\t\t\n\t\t\t\t\n\t\t\t<\/div>\n\t\t<\/div>\n\n<div class=\"nlogic-section alignfull layout-1-column content-align-top is-style-transparent wp-block-nlogic-section\">\n\t\t\t<div class=\"content-columns container\">\n\t\t\t\t\n\t\t\t\t\n<div class=\"nlogic-section-content wp-block-nlogic-section-content\">\n\n<div class=\"wp-block-columns is-layout-flex wp-container-core-columns-is-layout-1 wp-block-columns-is-layout-flex\">\n<div class=\"wp-block-column is-layout-flow wp-block-column-is-layout-flow\" style=\"flex-basis:33.33%\">\n<h2 class=\"wp-block-heading\" id=\"komplett-support-og-vedlikehold\">Komplett support og vedlikehold<\/h2>\n<\/div>\n\n\n\n<div class=\"wp-block-column is-layout-flow wp-block-column-is-layout-flow\" style=\"flex-basis:66.66%\">\n<p>Vi jobber tett med kundene for at vi sammen skal skape best mulige l\u00f8sninger og resultater. Vi har god tilgjengelighet til enhver tid, b\u00e5de p\u00e5 kompetanse, support og p\u00e5 eventuelle reservedeler. Vi yter kundene maksimal service i alle ledd, akkurat slik vi \u00f8nsker det n\u00e5r vi selv er kunder.<\/p>\n<\/div>\n<\/div>\n\n<\/div>\n\n\t\t\t\t\n\t\t\t<\/div>\n\t\t<\/div>\n\n\n<h2 class=\"wp-block-heading\" id=\"supporthenvendelser-1\">Supporthenvendelser<\/h2>\n\n\n\n<ul class=\"wp-block-list\">\n<li>Hverdager (08:00 &#8211; 16:00): +47 40 61 88 88 (tast 2 for teknisk) \/ support@nlogic.no<\/li>\n\n\n\n<li>Utenom ordin\u00e6r \u00e5pningstid: support@nlogic.no eller vakttelefon (telefonnummeret finner du i supportavtalen)<\/li>\n<\/ul>\n\n\n\n<p>NB ! Prioritet 1 henvendelser (kritisk) skal varsles b\u00e5de p\u00e5 telefon og email.<\/p>\n\n\n\n<p><strong>1. Send en mail til \u00absupport@nlogic.no\u00bb<\/strong><\/p>\n\n\n\n<p>Dette er den metoden som de fleste av v\u00e5re kunder foretrekker. Det er viktig at emnefeltet i eposten er kort og konsis og p\u00e5 best mulig m\u00e5te oppsummerer sakens kjerne. Da blir det lettere for alle parter \u00e5 f\u00f8lge opp saken. Saken opprettes med prioritet \u00abP3 \u2013 Normal\u00bb men denne kan endres om n\u00f8dvendig.<\/p>\n\n\n\n<p><br><strong>2. Registrer saken direkte i nLogic sitt web-baserte Support system<\/strong><\/p>\n\n\n\n<p>Det er mulig \u00e5 registrere en supportsak direkte p\u00e5 nLogic sine nettsider ved \u00e5 g\u00e5 til \u00absupport.nlogic.no\u00bb. Dette krever at man oppretter en bruker og man kan f\u00f8lge alle saker som er registrert p\u00e5 det firmaet brukeren tilh\u00f8rer (saken opprettes med prioritet P3 &#8211; Normal). For kunder med aktiv supportavtaler, se supportavtalen&nbsp;for mer detaljert beskrivelse av hvordan man \u00e5pner en support henvendelse via web.<\/p>\n\n\n\n<p><br><strong>3. Ved hastesaker: \u00e5pne&nbsp;sak ved \u00e5 ringe inn til nLogic Support per telefon<\/strong><\/p>\n\n\n\n<p>Dersom noe haster eller man ikke har mulighet til \u00e5 \u00e5pne sak p\u00e5 annen m\u00e5te kan man \u00e5pne en support henvendelse ved \u00e5 ringe inn til nLogic Support p\u00e5 telefon +47 40 61 88 88 (tast 2 for Support). Dette gjelder for henvendelser innenfor normal arbeidstid (kl. 08-16). Det gj\u00f8res oppmerksom p\u00e5 at dette ikke er foretrukket metode.<br><br>Dersom man \u00f8nsker \u00e5 endre prioritet p\u00e5 saken gj\u00f8res dette ved \u00e5 gi beskjed til saksbehandler eller ved \u00e5 ringe inn til nLogic Support p\u00e5 telefon +47 40 61 88 88 (tast 2 for Support).<br><br>Henvendelser utenfor normale \u00e5pningstider forutsetter at det foreligger en beredskapsavtale som gir tilgang til denne support tjenesten.<\/p>\n\n\n\n<h2 class=\"wp-block-heading\" id=\"ta-ut-support-og-logfiler-fra-hpe-juniper-networking-produkter\">Ta ut support- og logfiler fra HPE Juniper Networking produkter<\/h2>\n\n\n\n<p>Opplever du et problem med et Juniper produkt vil vi kunne hjelpe deg raskere om du innhenter og laster opp&nbsp;<br>f\u00f8lgende informasjon.<\/p>\n\n\n\n<p>For Juniper (Junos) baserte enheter:<br>&gt; request support information | save \/var\/tmp\/RSI.txt<br>&gt; file archive compress source \/var\/log\/* destination \/var\/tmp\/logs.tgz<\/p>\n\n\n\n<p>Kopier ut og send oss support- og logfilene. (RSI.txt og logs.tgz)<\/p>\n\n\n\n<p>For innhenting av support- og logfiler for Juniper EX i Virtual Chassis se beskrivelse p\u00e5&nbsp;<a href=\"https:\/\/kb.juniper.net\/InfoCenter\/index?page=content&amp;id=KB20569&amp;actp=search\">Juniper sine sider<\/a><\/p>\n\n\n\n<p><\/p>\n\n\n<div class=\"nlogic-section alignfull layout-1-column with-pattern-cube content-align-top wp-block-nlogic-section\">\n\t\t\t<div class=\"content-columns container\">\n\t\t\t\t<svg width=\"650\" height=\"749\" viewBox=\"0 0 650 749\" fill=\"none\" xmlns=\"http:\/\/www.w3.org\/2000\/svg\">\n<g opacity=\"0.5\">\n<path d=\"M331.176 153.548L517 258.151C520.921 260.358 523.346 264.507 523.346 269.005V474.848C523.346 479.362 520.904 483.523 516.962 485.723L331.138 589.46C327.364 591.566 322.768 591.566 318.995 589.46L133.17 485.723C129.229 483.523 126.786 479.362 126.786 474.848L126.786 269.005C126.786 264.507 129.212 260.358 133.132 258.151L318.956 153.548C322.75 151.413 327.383 151.413 331.176 153.548Z\" stroke=\"#FFFFFF\" stroke-width=\"0.638759\"\/>\n<path d=\"M189.105 298.176L127.539 262.338\" stroke=\"#FFFFFF\" stroke-width=\"0.638759\"\/>\n<path d=\"M323.936 529.562L324.754 590.666\" stroke=\"#FFFFFF\" stroke-width=\"0.638759\"\/>\n<path d=\"M325.068 667.656L325.068 747.091\" stroke=\"#FFFFFF\" stroke-width=\"0.638759\"\/>\n<path d=\"M583.902 227.711L646.248 190.234\" stroke=\"#FFFFFF\" stroke-width=\"0.638759\"\/>\n<path d=\"M67.2339 227.711L2.85372 189.827\" stroke=\"#FFFFFF\" stroke-width=\"0.638759\"\/>\n<path d=\"M329.956 83.7705L578.669 224.838C581.77 226.597 583.685 229.886 583.685 233.45V515.273C583.685 518.837 581.77 522.126 578.669 523.885L329.956 664.953C326.926 666.671 323.216 666.671 320.187 664.953L71.4733 523.885C68.3729 522.126 66.4571 518.837 66.4571 515.273V233.45C66.4571 229.886 68.3729 226.597 71.4733 224.838L320.187 83.7705C323.216 82.0521 326.926 82.0521 329.956 83.7705Z\" stroke=\"#FFFFFF\" stroke-width=\"0.638759\"\/>\n<path d=\"M333.785 5.52247L640.188 183.965C645.59 187.111 648.913 192.892 648.913 199.144V551.243C648.913 557.504 645.582 563.291 640.168 566.434L333.585 744.444C328.124 747.615 321.381 747.61 315.924 744.432L10.6612 566.636C5.26482 563.493 1.94291 557.721 1.93609 551.476L1.55108 199.14C1.54424 192.885 4.86323 187.099 10.2653 183.948L316.094 5.52917C321.559 2.34058 328.317 2.33801 333.785 5.52247Z\" stroke=\"#FFFFFF\" stroke-width=\"0.638759\"\/>\n<path d=\"M258.62 403.011V337.553L324.747 374.712V409.77V444.468L262.367 409.414C260.053 408.114 258.62 405.665 258.62 403.011ZM325.066 374.159L258.953 337.007L321.467 301.877C323.702 300.621 326.43 300.621 328.665 301.877L391.179 337.007L325.066 374.159ZM325.385 374.712L391.511 337.553V403.011C391.511 405.665 390.079 408.114 387.764 409.414L325.385 444.468V409.77V374.712Z\" stroke=\"#FFFFFF\" stroke-width=\"0.638759\"\/>\n<path d=\"M328.492 221.724L456.862 295.717C459.533 297.257 461.179 300.105 461.179 303.188V446.897C461.179 450.004 459.508 452.871 456.804 454.401L328.434 527.074C325.783 528.574 322.536 528.565 319.894 527.049L193.285 454.411C190.605 452.874 188.953 450.021 188.953 446.931V303.154C188.953 300.088 190.58 297.254 193.226 295.708L319.836 221.749C322.508 220.188 325.811 220.178 328.492 221.724Z\" stroke=\"#FFFFFF\" stroke-width=\"0.638759\"\/>\n<path d=\"M461.329 298.176L520.984 263.499\" stroke=\"#FFFFFF\" stroke-width=\"0.638759\"\/>\n<\/g>\n<\/svg>\n\n\t\t\t\t\n<div class=\"nlogic-section-content wp-block-nlogic-section-content\">\n\n<div class=\"wp-block-columns is-layout-flex wp-container-core-columns-is-layout-2 wp-block-columns-is-layout-flex\">\n<div class=\"wp-block-column is-layout-flow wp-block-column-is-layout-flow\"><svg class=\"svg\">\n  <clipPath id=\"person-hexagon-mask\" clipPathUnits=\"objectBoundingBox\"><path d=\"M0.455,0.013 C0.485,-0.002,0.521,-0.002,0.551,0.013 L0.753,0.115 L0.953,0.22 C0.983,0.235,1,0.264,1,0.294 L1,0.501 L1,0.709 C1,0.739,0.983,0.767,0.953,0.783 L0.753,0.888 L0.551,0.99 C0.521,1,0.485,1,0.455,0.99 L0.253,0.888 L0.053,0.783 C0.023,0.767,0.005,0.739,0.005,0.709 L0.003,0.501 L0.005,0.294 C0.005,0.264,0.023,0.235,0.053,0.22 L0.253,0.115 L0.455,0.013\"><\/path><\/clipPath>\n<\/svg><div class=\"t2-featured-single-post t2-featured-content is-post-type-person role-teamleder-support-og-service wp-block-t2-featured-single-post\">\n<div class=\"wp-block-group alignfull is-card-people is-layout-flow wp-block-group-is-layout-flow\">\n<figure  class=\"t2-post-featured-image has-image-ratio-16-9 wp-block-t2-post-featured-image\"><img loading=\"lazy\" decoding=\"async\" width=\"1000\" height=\"1000\" src=\"https:\/\/www.nlogic.no\/content\/uploads\/2023\/09\/nlogic-golstan.png\" class=\"attachment-post-thumbnail size-post-thumbnail wp-post-image\" alt=\"Bilde av Golstan Eliassi.\" srcset=\"https:\/\/www.nlogic.no\/content\/uploads\/2023\/09\/nlogic-golstan.png 1000w, https:\/\/www.nlogic.no\/content\/uploads\/2023\/09\/nlogic-golstan-300x300.png 300w, https:\/\/www.nlogic.no\/content\/uploads\/2023\/09\/nlogic-golstan-150x150.png 150w, https:\/\/www.nlogic.no\/content\/uploads\/2023\/09\/nlogic-golstan-768x768.png 768w\" sizes=\"auto, (max-width: 1000px) 100vw, 1000px\" \/><\/figure>\n\n<div class=\"wp-block-group alignfull post-details is-layout-flow wp-block-group-is-layout-flow\">\n\t<h2 class=\"t2-post-title wp-block-t2-post-title\">Golstan Eliassi<\/h2>\n\t\n\t<div class=\"card-info wp-block-t2-people-meta\"><div class=\"card-info__post-meta meta-key-people_email\"><a href=\"mailto:golstan.eliassi@nlogic.no\">golstan.eliassi@nlogic.no<\/a><\/div><div class=\"card-info__post-meta meta-key-people_phone\"><a href=\"tel:+47 984 28 708\">+47 984 28 708<\/a><\/div><\/div>\n<\/div>\n\n<\/div>\n\n<\/div><\/div>\n\n\n\n<div class=\"wp-block-column is-layout-flow wp-block-column-is-layout-flow\">\n<h2 class=\"wp-block-heading\" id=\"har-du-sporsmal-knyttet-til-support-og-service\">Har du sp\u00f8rsm\u00e5l knyttet til support og service? <\/h2>\n\n\n\n<p>Fyll inn skjema nedenfor, s\u00e5 tar vi kontakt med deg for \u00e5 hjelpe deg med support og service. <\/p>\n\n\n<div class=\"nlogic-button-modal wp-block-nlogic-button-modal\">\n\t\t\t<div class=\"wp-block-buttons is-layout-flex\">\n\t\t\t\t<div class=\"wp-block-button nlogic-button-modal__button\">\n\t\t\t\t\t<a class=\"wp-block-button__link has-white-color has-text-color\" data-micromodal-trigger=\"nlogic-modal1\">Kontakt oss<\/a>\n\t\t\t\t<\/div>\n\t\t\t<\/div>\n\t\t\t<div id=\"nlogic-modal1\" class=\"modal micromodal-slide\" aria-hidden=\"true\">\n\t\t\t<div class=\"modal__overlay\" tabindex=\"-1\" data-micromodal-close>\n\t\t\t\t<div class=\"modal__container\" role=\"dialog\" aria-modal=\"true\" aria-labelledby=\"Kontakt oss\" >\n\t\t\t\t\t<div class=\"modal__content_container\">\n\t\t\t\t\t\t<h2 class=\"modal__title\">Kontakt oss<\/h2>\n\t\t\t\t\t\t<main class=\"modal__content\">\n\t\t\t\t\t\t\t\n\n<p><\/p>\n\n\n\n<script charset=\"utf-8\" type=\"text\/javascript\" src=\"\/\/js.hsforms.net\/forms\/embed\/v2.js\"><\/script>\n<script>\n  hbspt.forms.create({\n    region: \"na1\",\n    portalId: \"8798010\",\n    formId: \"986674f7-1ebf-464f-b84a-69bbb7dbd0ca\"\n  });\n<\/script>\n\n\n\t\t\t\t\t\t<\/main>\n\t\t\t\t\t\t<button class=\"modal__close\" aria-label=\"Close modal\" data-micromodal-close><svg xmlns=\"http:\/\/www.w3.org\/2000\/svg\" viewBox=\"0 0 24 24\" height=\"24\" width=\"24\" class=\"t2-icon\" aria-hidden=\"true\" focusable=\"false\"><path d=\"m12 13.4-4.9 4.9c-.2.2-.4.3-.7.3-.3 0-.5-.1-.7-.3-.2-.2-.3-.4-.3-.7s.1-.5.3-.7l4.9-4.9-4.9-4.9c-.2-.2-.3-.4-.3-.7 0-.3.1-.5.3-.7.2-.2.4-.3.7-.3.3 0 .5.1.7.3l4.9 4.9 4.9-4.9c.2-.2.4-.3.7-.3s.5.1.7.3c.2.2.3.4.3.7 0 .3-.1.5-.3.7L13.4 12l4.9 4.9c.2.2.3.4.3.7s-.1.5-.3.7c-.2.2-.4.3-.7.3s-.5-.1-.7-.3L12 13.4z\"\/><\/svg><\/button>\n\t\t\t\t\t<\/div>\n\t\t\t\t<\/div>\n\t\t\t<\/div>\n\t\t<\/div>\n\t\t<\/div><\/div>\n<\/div>\n\n<\/div>\n\n\t\t\t\t\n\t\t\t<\/div>\n\t\t<\/div>","protected":false},"excerpt":{"rendered":"<p>Vi tilbyr komplett support og vedlikehold p\u00e5 l\u00f8sninger og utstyr vi selv har installert, uavhengig av hvilken underleverand\u00f8r vi har benyttet.<\/p>\n","protected":false},"author":1,"featured_media":2781,"parent":0,"menu_order":0,"comment_status":"closed","ping_status":"closed","template":"","meta":{"dk_card_image_id":0,"footnotes":""},"class_list":["post-2566","page","type-page","status-publish","has-post-thumbnail","hentry"],"yoast_head":"<!-- This site is optimized with the Yoast SEO Premium plugin v20.13 (Yoast SEO v20.13) - https:\/\/yoast.com\/wordpress\/plugins\/seo\/ -->\n<title>Support og vedlikehold - L\u00f8sninger og utstyr - nLogic<\/title>\n<meta name=\"description\" content=\"Supporthenvendelser: Hverdager (08:00 \u2013 16:00): +47 40 61 88 88 (tast 2 for teknisk) \/ support@nlogic.no \u00b7 Utenom ordin\u00e6r \u00e5pningstid: support@nlogic.no.\" \/>\n<meta name=\"robots\" content=\"noindex, follow, max-snippet:-1, max-image-preview:large, max-video-preview:-1\" \/>\n<meta property=\"og:locale\" content=\"en_US\" \/>\n<meta property=\"og:type\" content=\"article\" \/>\n<meta property=\"og:title\" content=\"Support\" \/>\n<meta property=\"og:description\" content=\"Supporthenvendelser: Hverdager (08:00 \u2013 16:00): +47 40 61 88 88 (tast 2 for teknisk) \/ support@nlogic.no \u00b7 Utenom ordin\u00e6r \u00e5pningstid: support@nlogic.no.\" \/>\n<meta property=\"og:url\" content=\"https:\/\/www.nlogic.no\/english\/support\/\" \/>\n<meta property=\"og:site_name\" content=\"nLogic - Powered by Knowledge. Driven by Trust.\" \/>\n<meta property=\"article:publisher\" content=\"https:\/\/www.facebook.com\/nLogicAS\" \/>\n<meta property=\"article:modified_time\" content=\"2026-02-05T09:16:27+00:00\" \/>\n<meta property=\"og:image\" content=\"https:\/\/www.nlogic.no\/content\/uploads\/sites\/6\/2023\/08\/nLogic-Sikkerhet-brannmur.jpg\" \/>\n\t<meta property=\"og:image:width\" content=\"2048\" \/>\n\t<meta property=\"og:image:height\" content=\"1366\" \/>\n\t<meta property=\"og:image:type\" content=\"image\/jpeg\" \/>\n<meta name=\"twitter:card\" content=\"summary_large_image\" \/>\n<meta name=\"twitter:label1\" content=\"Est. reading time\" \/>\n\t<meta name=\"twitter:data1\" content=\"3 minutes\" \/>\n<script type=\"application\/ld+json\" class=\"yoast-schema-graph\">{\"@context\":\"https:\/\/schema.org\",\"@graph\":[{\"@type\":\"WebPage\",\"@id\":\"https:\/\/www.nlogic.no\/english\/support\/\",\"url\":\"https:\/\/www.nlogic.no\/english\/support\/\",\"name\":\"Support og vedlikehold - L\u00f8sninger og utstyr - nLogic\",\"isPartOf\":{\"@id\":\"https:\/\/www.nlogic.no\/english\/#website\"},\"datePublished\":\"2023-06-08T18:40:21+00:00\",\"dateModified\":\"2026-02-05T09:16:27+00:00\",\"description\":\"Supporthenvendelser: Hverdager (08:00 \u2013 16:00): +47 40 61 88 88 (tast 2 for teknisk) \/ support@nlogic.no \u00b7 Utenom ordin\u00e6r \u00e5pningstid: support@nlogic.no.\",\"inLanguage\":\"en-US\",\"potentialAction\":[{\"@type\":\"ReadAction\",\"target\":[\"https:\/\/www.nlogic.no\/english\/support\/\"]}]},{\"@type\":\"WebSite\",\"@id\":\"https:\/\/www.nlogic.no\/english\/#website\",\"url\":\"https:\/\/www.nlogic.no\/english\/\",\"name\":\"nLogic - Powered by Knowledge. Driven by Trust.\",\"description\":\"\",\"publisher\":{\"@id\":\"https:\/\/www.nlogic.no\/english\/#organization\"},\"potentialAction\":[{\"@type\":\"SearchAction\",\"target\":{\"@type\":\"EntryPoint\",\"urlTemplate\":\"https:\/\/www.nlogic.no\/english\/?s={search_term_string}\"},\"query-input\":\"required name=search_term_string\"}],\"inLanguage\":\"en-US\"},{\"@type\":\"Organization\",\"@id\":\"https:\/\/www.nlogic.no\/english\/#organization\",\"name\":\"nLogic - Powered by Knowledge. Driven by Trust.\",\"url\":\"https:\/\/www.nlogic.no\/english\/\",\"logo\":{\"@type\":\"ImageObject\",\"inLanguage\":\"en-US\",\"@id\":\"https:\/\/www.nlogic.no\/english\/#\/schema\/logo\/image\/\",\"url\":\"https:\/\/www.nlogic.no\/content\/uploads\/sites\/6\/2023\/09\/nlogic-logo-1.svg\",\"contentUrl\":\"https:\/\/www.nlogic.no\/content\/uploads\/sites\/6\/2023\/09\/nlogic-logo-1.svg\",\"caption\":\"nLogic - Powered by Knowledge. Driven by Trust.\"},\"image\":{\"@id\":\"https:\/\/www.nlogic.no\/english\/#\/schema\/logo\/image\/\"},\"sameAs\":[\"https:\/\/www.facebook.com\/nLogicAS\",\"https:\/\/www.linkedin.com\/company\/nlogic-as\/\"]}]}<\/script>\n<!-- \/ Yoast SEO Premium plugin. -->","yoast_head_json":{"title":"Support og vedlikehold - L\u00f8sninger og utstyr - nLogic","description":"Supporthenvendelser: Hverdager (08:00 \u2013 16:00): +47 40 61 88 88 (tast 2 for teknisk) \/ support@nlogic.no \u00b7 Utenom ordin\u00e6r \u00e5pningstid: support@nlogic.no.","robots":{"index":"noindex","follow":"follow","max-snippet":"max-snippet:-1","max-image-preview":"max-image-preview:large","max-video-preview":"max-video-preview:-1"},"og_locale":"en_US","og_type":"article","og_title":"Support","og_description":"Supporthenvendelser: Hverdager (08:00 \u2013 16:00): +47 40 61 88 88 (tast 2 for teknisk) \/ support@nlogic.no \u00b7 Utenom ordin\u00e6r \u00e5pningstid: support@nlogic.no.","og_url":"https:\/\/www.nlogic.no\/english\/support\/","og_site_name":"nLogic - Powered by Knowledge. Driven by Trust.","article_publisher":"https:\/\/www.facebook.com\/nLogicAS","article_modified_time":"2026-02-05T09:16:27+00:00","og_image":[{"width":2048,"height":1366,"url":"https:\/\/www.nlogic.no\/content\/uploads\/sites\/6\/2023\/08\/nLogic-Sikkerhet-brannmur.jpg","type":"image\/jpeg"}],"twitter_card":"summary_large_image","twitter_misc":{"Est. reading time":"3 minutes"},"schema":{"@context":"https:\/\/schema.org","@graph":[{"@type":"WebPage","@id":"https:\/\/www.nlogic.no\/english\/support\/","url":"https:\/\/www.nlogic.no\/english\/support\/","name":"Support og vedlikehold - L\u00f8sninger og utstyr - nLogic","isPartOf":{"@id":"https:\/\/www.nlogic.no\/english\/#website"},"datePublished":"2023-06-08T18:40:21+00:00","dateModified":"2026-02-05T09:16:27+00:00","description":"Supporthenvendelser: Hverdager (08:00 \u2013 16:00): +47 40 61 88 88 (tast 2 for teknisk) \/ support@nlogic.no \u00b7 Utenom ordin\u00e6r \u00e5pningstid: support@nlogic.no.","inLanguage":"en-US","potentialAction":[{"@type":"ReadAction","target":["https:\/\/www.nlogic.no\/english\/support\/"]}]},{"@type":"WebSite","@id":"https:\/\/www.nlogic.no\/english\/#website","url":"https:\/\/www.nlogic.no\/english\/","name":"nLogic - Powered by Knowledge. Driven by Trust.","description":"","publisher":{"@id":"https:\/\/www.nlogic.no\/english\/#organization"},"potentialAction":[{"@type":"SearchAction","target":{"@type":"EntryPoint","urlTemplate":"https:\/\/www.nlogic.no\/english\/?s={search_term_string}"},"query-input":"required name=search_term_string"}],"inLanguage":"en-US"},{"@type":"Organization","@id":"https:\/\/www.nlogic.no\/english\/#organization","name":"nLogic - Powered by Knowledge. Driven by Trust.","url":"https:\/\/www.nlogic.no\/english\/","logo":{"@type":"ImageObject","inLanguage":"en-US","@id":"https:\/\/www.nlogic.no\/english\/#\/schema\/logo\/image\/","url":"https:\/\/www.nlogic.no\/content\/uploads\/sites\/6\/2023\/09\/nlogic-logo-1.svg","contentUrl":"https:\/\/www.nlogic.no\/content\/uploads\/sites\/6\/2023\/09\/nlogic-logo-1.svg","caption":"nLogic - Powered by Knowledge. Driven by Trust."},"image":{"@id":"https:\/\/www.nlogic.no\/english\/#\/schema\/logo\/image\/"},"sameAs":["https:\/\/www.facebook.com\/nLogicAS","https:\/\/www.linkedin.com\/company\/nlogic-as\/"]}]}},"_links":{"self":[{"href":"https:\/\/www.nlogic.no\/english\/wp-json\/wp\/v2\/pages\/2566","targetHints":{"allow":["GET"]}}],"collection":[{"href":"https:\/\/www.nlogic.no\/english\/wp-json\/wp\/v2\/pages"}],"about":[{"href":"https:\/\/www.nlogic.no\/english\/wp-json\/wp\/v2\/types\/page"}],"author":[{"embeddable":true,"href":"https:\/\/www.nlogic.no\/english\/wp-json\/wp\/v2\/users\/1"}],"replies":[{"embeddable":true,"href":"https:\/\/www.nlogic.no\/english\/wp-json\/wp\/v2\/comments?post=2566"}],"version-history":[{"count":5,"href":"https:\/\/www.nlogic.no\/english\/wp-json\/wp\/v2\/pages\/2566\/revisions"}],"predecessor-version":[{"id":9935,"href":"https:\/\/www.nlogic.no\/english\/wp-json\/wp\/v2\/pages\/2566\/revisions\/9935"}],"wp:featuredmedia":[{"embeddable":true,"href":"https:\/\/www.nlogic.no\/english\/wp-json\/wp\/v2\/media\/2781"}],"wp:attachment":[{"href":"https:\/\/www.nlogic.no\/english\/wp-json\/wp\/v2\/media?parent=2566"}],"curies":[{"name":"wp","href":"https:\/\/api.w.org\/{rel}","templated":true}]}}